{"id":14329,"date":"2025-06-06T12:25:23","date_gmt":"2025-06-06T10:25:23","guid":{"rendered":"https:\/\/paradise-wilderness.com\/private-safari-tansania\/"},"modified":"2025-11-18T12:19:29","modified_gmt":"2025-11-18T10:19:29","slug":"private-safari-tansania","status":"publish","type":"page","link":"https:\/\/paradise-wilderness.com\/de\/private-safari-tansania\/","title":{"rendered":"Private Safari Tansania"},"content":{"rendered":"\n\t<section class=\"section video-section content-bottom dark\" id=\"section_2034084423\">\n\t\t<div class=\"section-bg fill\" >\n\t\t\t<img decoding=\"async\" width=\"2048\" height=\"1153\" data-src=\"https:\/\/paradise-wilderness.com\/wp-content\/smush-webp\/53664211463_1745d5f639_k.jpg.webp\" class=\"bg attachment-original size-original lazyload\" alt=\"\" src=\"data:image\/svg+xml;base64,PHN2ZyB3aWR0aD0iMSIgaGVpZ2h0PSIxIiB4bWxucz0iaHR0cDovL3d3dy53My5vcmcvMjAwMC9zdmciPjwvc3ZnPg==\" style=\"--smush-placeholder-width: 2048px; --smush-placeholder-aspect-ratio: 2048\/1153;\" \/>\t\t\t\t\t\t<div class=\"section-bg-overlay absolute fill\"><\/div>\n\t\t\t\n\n\t\t<\/div>\n\n\t\t\n\n\t\t<div class=\"section-content relative\">\n\t\t\t\n<div class=\"row\"  id=\"row-1521817103\">\n\n\t<div id=\"col-971939014\" class=\"col medium-12 small-12 large-7\"  >\n\t\t\t\t<div class=\"col-inner text-shadow-1\"  >\n\t\t\t\n\t\t\t\n\t<div id=\"text-367008951\" class=\"text\">\n\t\t\n<h1>Private Safari Tansania<\/h1>\n\t\t\n<style>\n#text-367008951 {\n  font-size: 1.2rem;\n  text-align: center;\n}\n@media (min-width:850px) {\n  #text-367008951 {\n    font-size: 0.8rem;\n    text-align: left;\n  }\n}\n<\/style>\n\t<\/div>\n\t\n\t\t<\/div>\n\t\t\t\t\t<\/div>\n\n\t\n<\/div>\n\t\t<\/div>\n\n\t\t\n<style>\n#section_2034084423 {\n  padding-top: 30px;\n  padding-bottom: 30px;\n  min-height: 600px;\n}\n#section_2034084423 .section-bg-overlay {\n  background-color: rgba(170, 121, 69, 0);\n}\n#section_2034084423 .section-bg img {\n  object-position: 61% 42%;\n}\n@media (min-width:550px) {\n  #section_2034084423 {\n    padding-top: 80px;\n    padding-bottom: 80px;\n    min-height: 650px;\n  }\n}\n@media (min-width:850px) {\n  #section_2034084423 {\n    min-height: 550px;\n  }\n}\n<\/style>\n\t<\/section>\n\t\n\n\t<section class=\"section\" id=\"section_1915326058\">\n\t\t<div class=\"section-bg fill\" >\n\t\t\t\t\t\t\t\t\t\n\t\t\t\n\n\t\t<\/div>\n\n\t\t\n\n\t\t<div class=\"section-content relative\">\n\t\t\t\n<div class=\"row row-small align-middle align-center\"  id=\"row-216274025\">\n\n\t<div id=\"col-1123484904\" class=\"col img-col small-12 large-12\"  >\n\t\t\t\t<div class=\"col-inner text-center\"  >\n\t\t\t\n\t\t\t\n\n<div class=\"reizen-grid row\">            <div class=\"col large-4 medium-6 reizen-grid-item\">\n                <a href=\"https:\/\/paradise-wilderness.com\/de\/reisen\/14-tage-das-beste-des-noerdlichen-rundkurses-sansibar\/\" \n                class=\"reizen-image-box lazyload\" \n                style=\"background-image:inherit;\" data-bg-image=\"url(&#039;https:\/\/paradise-wilderness.com\/wp-content\/smush-webp\/Serengeti_National_Park_01.jpg.webp&#039;)\">\n                    \n                    <div class=\"reizen-image-box-overlay\"><\/div>\n                    <div class=\"reizen-image-box-content\">\n                        <h4 class=\"reizen-title\">14 Tage | Das Beste des N\u00f6rdlichen Rundkurses &amp; Sansibar<\/h4>\n                    <\/div>\n                <\/a>\n            <\/div>\n                        <div class=\"col large-4 medium-6 reizen-grid-item\">\n                <a href=\"https:\/\/paradise-wilderness.com\/de\/reisen\/13-tage-komplette-nordroute\/\" \n                class=\"reizen-image-box lazyload\" \n                style=\"background-image:inherit;\" data-bg-image=\"url(&#039;https:\/\/paradise-wilderness.com\/wp-content\/smush-webp\/32443112887_9b7910beaa_o-1-scaled.jpg.webp&#039;)\">\n                    \n                    <div class=\"reizen-image-box-overlay\"><\/div>\n                    <div class=\"reizen-image-box-content\">\n                        <h4 class=\"reizen-title\">13 Tage | Komplette Nordroute<\/h4>\n                    <\/div>\n                <\/a>\n            <\/div>\n                        <div class=\"col large-4 medium-6 reizen-grid-item\">\n                <a href=\"https:\/\/paradise-wilderness.com\/de\/reisen\/12-tage-umfassende-nordroute\/\" \n                class=\"reizen-image-box lazyload\" \n                style=\"background-image:inherit;\" data-bg-image=\"url(&#039;https:\/\/paradise-wilderness.com\/wp-content\/smush-webp\/47385159761_fd2222901e_o.jpg.webp&#039;)\">\n                    \n                    <div class=\"reizen-image-box-overlay\"><\/div>\n                    <div class=\"reizen-image-box-content\">\n                        <h4 class=\"reizen-title\">12 Tage | Umfassende Nordroute<\/h4>\n                    <\/div>\n                <\/a>\n            <\/div>\n                        <div class=\"col large-4 medium-6 reizen-grid-item\">\n                <a href=\"https:\/\/paradise-wilderness.com\/de\/reisen\/11-tage-tierwelt-weisse-straende\/\" \n                class=\"reizen-image-box lazyload\" \n                style=\"background-image:inherit;\" data-bg-image=\"url(&#039;https:\/\/paradise-wilderness.com\/wp-content\/smush-webp\/52718291175_7c78b09810_o-scaled.jpg.webp&#039;)\">\n                    \n                    <div class=\"reizen-image-box-overlay\"><\/div>\n                    <div class=\"reizen-image-box-content\">\n                        <h4 class=\"reizen-title\">11 Tage | Tierwelt &amp; wei\u00dfe Str\u00e4nde<\/h4>\n                    <\/div>\n                <\/a>\n            <\/div>\n                        <div class=\"col large-4 medium-6 reizen-grid-item\">\n                <a href=\"https:\/\/paradise-wilderness.com\/de\/reisen\/11-tage-atemberaubendes-tansania\/\" \n                class=\"reizen-image-box lazyload\" \n                style=\"background-image:inherit;\" data-bg-image=\"url(&#039;https:\/\/paradise-wilderness.com\/wp-content\/smush-webp\/51712236007_10fd7d90fa_o-scaled.jpg.webp&#039;)\">\n                    \n                    <div class=\"reizen-image-box-overlay\"><\/div>\n                    <div class=\"reizen-image-box-content\">\n                        <h4 class=\"reizen-title\">11 Tage | Atemberaubendes Tansania<\/h4>\n                    <\/div>\n                <\/a>\n            <\/div>\n                        <div class=\"col large-4 medium-6 reizen-grid-item\">\n                <a href=\"https:\/\/paradise-wilderness.com\/de\/reisen\/11-tage-klassiker-tansanias\/\" \n                class=\"reizen-image-box lazyload\" \n                style=\"background-image:inherit;\" data-bg-image=\"url(&#039;https:\/\/paradise-wilderness.com\/wp-content\/smush-webp\/52880041525_dbaa618d3b_o-scaled.jpg.webp&#039;)\">\n                    \n                    <div class=\"reizen-image-box-overlay\"><\/div>\n                    <div class=\"reizen-image-box-content\">\n                        <h4 class=\"reizen-title\">11 Tage | Klassiker Tansanias<\/h4>\n                    <\/div>\n                <\/a>\n            <\/div>\n            <\/div>\n\n\t\t<\/div>\n\t\t\t\t\n<style>\n#col-1123484904 > .col-inner {\n  margin: -50px 0px 0px 0px;\n}\n<\/style>\n\t<\/div>\n\n\t\n\n\t<div id=\"col-1694488824\" class=\"col small-12 large-12\"  >\n\t\t\t\t<div class=\"col-inner text-center\"  >\n\t\t\t\n\t\t\t\n<a href=\"\/de\/reisen\/\" class=\"button secondary is-link lowercase\" >\n\t\t<span>Alle Touren ansehen<\/span>\n\t<\/a>\n\n\t\t<\/div>\n\t\t\t\t\t<\/div>\n\n\t\n<\/div>\n\t<div id=\"gap-917998919\" class=\"gap-element clearfix\" style=\"display:block; height:auto;\">\n\t\t\n<style>\n#gap-917998919 {\n  padding-top: 60px;\n}\n@media (min-width:550px) {\n  #gap-917998919 {\n    padding-top: 80px;\n  }\n}\n@media (min-width:850px) {\n  #gap-917998919 {\n    padding-top: 60px;\n  }\n}\n<\/style>\n\t<\/div>\n\t\n<div class=\"row row-collapse row-full-width align-equal\"  id=\"row-1083757916\">\n\n\t<div id=\"col-365412594\" class=\"col img-col medium-5 small-12 large-5\"  >\n\t\t\t\t<div class=\"col-inner\"  >\n\t\t\t\n\t\t\t\n\t<div class=\"img has-hover x md-x lg-x y md-y lg-y\" id=\"image_1915869953\">\n\t\t\t\t\t\t\t\t<div class=\"img-inner dark\" style=\"margin:0px 0px 0px -25px;\">\n\t\t\t<img decoding=\"async\" width=\"2560\" height=\"1707\" data-src=\"https:\/\/paradise-wilderness.com\/wp-content\/smush-webp\/Bird-watch-Manyara-shutterstock_1015940902-scaled.jpg.webp\" class=\"attachment-original size-original lazyload\" alt=\"\" data-srcset=\"https:\/\/paradise-wilderness.com\/wp-content\/smush-webp\/Bird-watch-Manyara-shutterstock_1015940902-scaled.jpg.webp 2560w, https:\/\/paradise-wilderness.com\/wp-content\/smush-webp\/Bird-watch-Manyara-shutterstock_1015940902-600x400.jpg.webp 600w, https:\/\/paradise-wilderness.com\/wp-content\/smush-webp\/Bird-watch-Manyara-shutterstock_1015940902-1024x683.jpg.webp 1024w, https:\/\/paradise-wilderness.com\/wp-content\/smush-webp\/Bird-watch-Manyara-shutterstock_1015940902-768x512.jpg.webp 768w, https:\/\/paradise-wilderness.com\/wp-content\/smush-webp\/Bird-watch-Manyara-shutterstock_1015940902-1536x1024.jpg.webp 1536w, https:\/\/paradise-wilderness.com\/wp-content\/smush-webp\/Bird-watch-Manyara-shutterstock_1015940902-2048x1365.jpg.webp 2048w\" data-sizes=\"(max-width: 2560px) 100vw, 2560px\" src=\"data:image\/svg+xml;base64,PHN2ZyB3aWR0aD0iMSIgaGVpZ2h0PSIxIiB4bWxucz0iaHR0cDovL3d3dy53My5vcmcvMjAwMC9zdmciPjwvc3ZnPg==\" style=\"--smush-placeholder-width: 2560px; --smush-placeholder-aspect-ratio: 2560\/1707;\" \/>\t\t\t\t\t\t\n\t\t\t\t\t<\/div>\n\t\t\t\t\t\t\t\t\n<style>\n#image_1915869953 {\n  width: 93%;\n}\n@media (min-width:550px) {\n  #image_1915869953 {\n    width: 100%;\n  }\n}\n<\/style>\n\t<\/div>\n\t\n\t\t<\/div>\n\t\t\t\t\t<\/div>\n\n\t\n\n\t<div id=\"col-1454123526\" class=\"col medium-7 small-12 large-7\"  >\n\t\t\t\t<div class=\"col-inner\"  >\n\t\t\t\n\t\t\t\n\n\n\n<h2>Erleben Sie Tansania auf Ihre Weise mit einer privaten Safari<\/h2>\n<p>Tr\u00e4umen Sie von einer privaten Safari, bei der Sie und Ihre Gruppe die Wildnis Tansanias erkunden k\u00f6nnen? Wir von Paradise and Wilderness bieten Ihnen und Ihren Reisebegleitern die M\u00f6glichkeit, die tansanische Natur auf exklusive und pers\u00f6nliche Weise zu erleben. W\u00e4hrend Sie in Ihrem privaten Jeep durch die atemberaubenden Landschaften fahren, werden Sie auch unvergessliche Momente miteinander genie\u00dfen. Ihr pers\u00f6nlicher Ranger wird Sie auf die Suche nach den Big Five mitnehmen und Ihnen die herrlichen Anblicke der gro\u00dfen Migration zeigen.    <\/p>\n<p>Nehmen Sie Kontakt auf, um eine pers\u00f6nliche Reiseroute von unserem niederl\u00e4ndischen Mitarbeiter zusammenstellen zu lassen. Sie bespricht gerne Ihre Bed\u00fcrfnisse und W\u00fcnsche mit Ihnen. Auf der Grundlage dieser Informationen kann sie eine ma\u00dfgeschneiderte Reiseroute f\u00fcr Ihre Safari erstellen.<\/p>\n<a href=\"#request-advice\" class=\"button primary lowercase\" style=\"border-radius:99px;\">\n\t\t<span>Private Safari anfragen<\/span>\n\t<\/a>\n\n\t\t<\/div>\n\t\t\t\t\n<style>\n#col-1454123526 > .col-inner {\n  padding: 5% 5% 5% 5%;\n  max-width: 790px;\n}\n@media (min-width:550px) {\n  #col-1454123526 > .col-inner {\n    padding: 5% 5% 5% 10%;\n  }\n}\n<\/style>\n\t<\/div>\n\n\t\n<\/div>\n\t<div id=\"gap-1869498171\" class=\"gap-element clearfix\" style=\"display:block; height:auto;\">\n\t\t\n<style>\n#gap-1869498171 {\n  padding-top: 60px;\n}\n<\/style>\n\t<\/div>\n\t\n<div class=\"row\"  id=\"row-1817281075\">\n\n\t<div id=\"col-1804916612\" class=\"col small-12 large-12\"  >\n\t\t\t\t<div class=\"col-inner\"  >\n\t\t\t\n\t\t\t\n\n\n\n\t\t<\/div>\n\t\t\t\t\t<\/div>\n\n\t\n<\/div>\n\t<div id=\"gap-673612728\" class=\"gap-element clearfix\" style=\"display:block; height:auto;\">\n\t\t\n<style>\n#gap-673612728 {\n  padding-top: 60px;\n}\n<\/style>\n\t<\/div>\n\t\n<div class=\"row row-collapse row-full-width align-equal\"  id=\"row-107346356\">\n\n\t<div id=\"col-1241777598\" class=\"col medium-7 small-12 large-7\"  >\n\t\t\t\t<div class=\"col-inner\"  >\n\t\t\t\n\t\t\t\n<h2>Tansania: das Herz der afrikanischen Wildnis<\/h2>\n<p>Tansania ist das Safari-Ziel Afrikas, es ist ein Land mit wundersch\u00f6nen Landschaften und viel Vielfalt. Von den endlosen Ebenen <g id=\"gid_0\"><g id=\"gid_1\">der Serengeti<\/g><\/g>, wo Millionen von Gnus und Zebras w\u00e4hrend der gro\u00dfen Migration umherziehen, bis zum weltber\u00fchmten <g id=\"gid_2\"><g id=\"gid_3\">Ngorongoro-Krater<\/g><\/g>, wo das seltene schwarze Nashorn umherstreift &#8211; Tansania ist das ideale Land f\u00fcr Ihre Safari.   <\/p>\n<p>Neben der atemberaubenden Natur bietet Tansania noch viel mehr. Denn es ist auch ein Land voller Kultur und Gastfreundschaft. W\u00e4hrend Ihrer privaten Safari treffen Sie nicht nur den K\u00f6nig des Dschungels, sondern auch die einheimischen St\u00e4mme und ihre Traditionen. Besuchen Sie zum Beispiel ein Massai-Dorf und lernen Sie ihre alten Traditionen und Lebensweisen kennen. Sie besuchen auch lokale M\u00e4rkte und probieren die Aromen der verschiedenen St\u00e4mme. Auf diese Weise tauchen Sie wirklich in das traditionelle tansanische Leben ein.      <\/p>\n<p>Neben Kulturen und Nationalparks beherbergt Tansania ein weiteres m\u00e4chtiges Wahrzeichen. Der h\u00f6chste freistehende Berg der Welt und das Dach Afrikas: Mount <g id=\"gid_0\"><g id=\"gid_1\">Kilimandscharo<\/g><\/g>. Obwohl Sie den Berg w\u00e4hrend Ihrer Safari nicht unbedingt besteigen werden, ist der Anblick, wo dieser m\u00e4chtige Berg zu sehen ist, recht spektakul\u00e4r.<\/p>\n\t\t<\/div>\n\t\t\t\t\n<style>\n#col-1241777598 > .col-inner {\n  padding: 5% 5% 5% 5%;\n  max-width: 790px;\n}\n@media (min-width:550px) {\n  #col-1241777598 > .col-inner {\n    padding: 5% 10% 5% 5%;\n  }\n}\n<\/style>\n\t<\/div>\n\n\t\n\n\t<div id=\"col-960501530\" class=\"col img-col medium-5 small-12 large-5 small-col-first\"  >\n\t\t\t\t<div class=\"col-inner\"  >\n\t\t\t\n\t\t\t\n\t<div class=\"img has-hover x md-x lg-x y md-y lg-y\" id=\"image_734404938\">\n\t\t\t\t\t\t\t\t<div class=\"img-inner dark\" style=\"margin:0px -25px 0px 0px;\">\n\t\t\t<img decoding=\"async\" width=\"2560\" height=\"1440\" data-src=\"https:\/\/paradise-wilderness.com\/wp-content\/smush-webp\/51266199064_274f2d6182_o-scaled.jpg.webp\" class=\"attachment-original size-original lazyload\" alt=\"\" data-srcset=\"https:\/\/paradise-wilderness.com\/wp-content\/smush-webp\/51266199064_274f2d6182_o-scaled.jpg.webp 2560w, https:\/\/paradise-wilderness.com\/wp-content\/smush-webp\/51266199064_274f2d6182_o-600x338.jpg.webp 600w, https:\/\/paradise-wilderness.com\/wp-content\/smush-webp\/51266199064_274f2d6182_o-1024x576.jpg.webp 1024w, https:\/\/paradise-wilderness.com\/wp-content\/smush-webp\/51266199064_274f2d6182_o-768x432.jpg.webp 768w, https:\/\/paradise-wilderness.com\/wp-content\/smush-webp\/51266199064_274f2d6182_o-1536x864.jpg.webp 1536w, https:\/\/paradise-wilderness.com\/wp-content\/smush-webp\/51266199064_274f2d6182_o-2048x1152.jpg.webp 2048w\" data-sizes=\"(max-width: 2560px) 100vw, 2560px\" src=\"data:image\/svg+xml;base64,PHN2ZyB3aWR0aD0iMSIgaGVpZ2h0PSIxIiB4bWxucz0iaHR0cDovL3d3dy53My5vcmcvMjAwMC9zdmciPjwvc3ZnPg==\" style=\"--smush-placeholder-width: 2560px; --smush-placeholder-aspect-ratio: 2560\/1440;\" \/>\t\t\t\t\t\t\n\t\t\t\t\t<\/div>\n\t\t\t\t\t\t\t\t\n<style>\n#image_734404938 {\n  width: 95%;\n}\n@media (min-width:550px) {\n  #image_734404938 {\n    width: 100%;\n  }\n}\n<\/style>\n\t<\/div>\n\t\n\t\t<\/div>\n\t\t\t\t\n<style>\n#col-960501530 > .col-inner {\n  margin: 0px 0px 0px 25px;\n}\n@media (min-width:550px) {\n  #col-960501530 > .col-inner {\n    margin: 0px 0px 0px 0px;\n  }\n}\n@media (min-width:850px) {\n  #col-960501530 > .col-inner {\n    margin: 0px 0px 0px 0px;\n  }\n}\n<\/style>\n\t<\/div>\n\n\t\n<\/div>\n\t<div id=\"gap-1874634323\" class=\"gap-element clearfix\" style=\"display:block; height:auto;\">\n\t\t\n<style>\n#gap-1874634323 {\n  padding-top: 60px;\n}\n<\/style>\n\t<\/div>\n\t\n<div class=\"row row-collapse row-full-width align-equal\"  id=\"row-1449377174\">\n\n\t<div id=\"col-889829793\" class=\"col img-col medium-5 small-12 large-5\"  >\n\t\t\t\t<div class=\"col-inner\"  >\n\t\t\t\n\t\t\t\n\t<div class=\"img has-hover x md-x lg-x y md-y lg-y\" id=\"image_294754511\">\n\t\t\t\t\t\t\t\t<div class=\"img-inner dark\" style=\"margin:0px 0px 0px -25px;\">\n\t\t\t<img decoding=\"async\" width=\"2560\" height=\"1920\" data-src=\"https:\/\/paradise-wilderness.com\/wp-content\/smush-webp\/52899217284_016f5369f4_5k-1-scaled.jpg.webp\" class=\"attachment-original size-original lazyload\" alt=\"\" data-srcset=\"https:\/\/paradise-wilderness.com\/wp-content\/smush-webp\/52899217284_016f5369f4_5k-1-scaled.jpg.webp 2560w, https:\/\/paradise-wilderness.com\/wp-content\/smush-webp\/52899217284_016f5369f4_5k-1-600x450.jpg.webp 600w, https:\/\/paradise-wilderness.com\/wp-content\/smush-webp\/52899217284_016f5369f4_5k-1-1024x768.jpg.webp 1024w, https:\/\/paradise-wilderness.com\/wp-content\/smush-webp\/52899217284_016f5369f4_5k-1-768x576.jpg.webp 768w, https:\/\/paradise-wilderness.com\/wp-content\/smush-webp\/52899217284_016f5369f4_5k-1-1536x1152.jpg.webp 1536w, https:\/\/paradise-wilderness.com\/wp-content\/smush-webp\/52899217284_016f5369f4_5k-1-2048x1536.jpg.webp 2048w\" data-sizes=\"(max-width: 2560px) 100vw, 2560px\" src=\"data:image\/svg+xml;base64,PHN2ZyB3aWR0aD0iMSIgaGVpZ2h0PSIxIiB4bWxucz0iaHR0cDovL3d3dy53My5vcmcvMjAwMC9zdmciPjwvc3ZnPg==\" style=\"--smush-placeholder-width: 2560px; --smush-placeholder-aspect-ratio: 2560\/1920;\" \/>\t\t\t\t\t\t\n\t\t\t\t\t<\/div>\n\t\t\t\t\t\t\t\t\n<style>\n#image_294754511 {\n  width: 93%;\n}\n@media (min-width:550px) {\n  #image_294754511 {\n    width: 100%;\n  }\n}\n<\/style>\n\t<\/div>\n\t\n\t\t<\/div>\n\t\t\t\t\t<\/div>\n\n\t\n\n\t<div id=\"col-974344507\" class=\"col medium-7 small-12 large-7\"  >\n\t\t\t\t<div class=\"col-inner\"  >\n\t\t\t\n\t\t\t\n<h2>Warum eine private Safari in Tansania w\u00e4hlen?<\/h2>\n<p>Eine private Safari in Tansania bietet Ihnen und Ihrer Gruppe die perfekte Balance zwischen Freiheit und Komfort. Sie haben den Luxus, in Ihrem eigenen privaten Jeep zu reisen, ohne ihn mit anderen teilen zu m\u00fcssen. Sie haben auch Ihren eigenen Ranger, der Ihnen leidenschaftlich alles \u00fcber Tansania erz\u00e4hlt, was es zu bieten hat. Diese Ranger bringen Sie auch gerne zu den versteckten Juwelen der Safari. Obwohl die Routen oft im Voraus festgelegt werden, passt Ihr Ranger sie bei Bedarf manchmal an.     <\/p>\n<p>Es ist jedoch wichtig zu beachten, dass Sie keinen Einfluss auf andere Touristen haben, die sich ebenfalls in den Nationalparks aufhalten. Sie k\u00f6nnen immer noch anderen Reisenden begegnen, aber zumindest vermeiden Sie mit einer privaten Safari Menschenmassen in Ihrem eigenen Fahrzeug.<\/p>\n\t\t<\/div>\n\t\t\t\t\n<style>\n#col-974344507 > .col-inner {\n  padding: 5% 5% 5% 5%;\n  max-width: 790px;\n}\n@media (min-width:550px) {\n  #col-974344507 > .col-inner {\n    padding: 5% 5% 5% 10%;\n  }\n}\n<\/style>\n\t<\/div>\n\n\t\n<\/div>\n\t<div id=\"gap-151359780\" class=\"gap-element clearfix\" style=\"display:block; height:auto;\">\n\t\t\n<style>\n#gap-151359780 {\n  padding-top: 60px;\n}\n<\/style>\n\t<\/div>\n\t\n<div class=\"row align-middle\"  id=\"row-1885055130\">\n\n\t<div id=\"col-1195062571\" class=\"col medium-6 small-12 large-6\"  >\n\t\t\t\t<div class=\"col-inner\"  >\n\t\t\t\n\t\t\t\n<h2>Stellen Sie Ihre private Safari zusammen!<\/h2>\n<p>Sind Sie bereit, Tansania auf Ihrer privaten Safari zu erkunden? Warten Sie nicht l\u00e4nger und nehmen Sie noch heute Kontakt mit uns auf. Teilen Sie uns Ihre W\u00fcnsche und Bed\u00fcrfnisse mit, und wir sorgen daf\u00fcr, dass Ihre private Safari perfekt organisiert wird.<\/p>\n<a href=\"#request-advice\" class=\"button primary lowercase\" style=\"border-radius:99px;\">\n\t\t<span>Private Safari anfragen<\/span>\n\t<\/a>\n\n\t\t<\/div>\n\t\t\t\t\n<style>\n#col-1195062571 > .col-inner {\n  padding: 5% 5% 5% 5%;\n}\n<\/style>\n\t<\/div>\n\n\t\n\n\t<div id=\"col-315429575\" class=\"col medium-6 small-12 large-6 small-col-first\"  >\n\t\t\t\t<div class=\"col-inner\"  >\n\t\t\t\n\t\t\t\n\t<div class=\"img has-hover x md-x lg-x y md-y lg-y\" id=\"image_538706771\">\n\t\t\t\t\t\t\t\t<div class=\"img-inner image-cover dark\" style=\"padding-top:75%;\">\n\t\t\t<img decoding=\"async\" width=\"800\" height=\"428\" data-src=\"https:\/\/paradise-wilderness.com\/wp-content\/smush-webp\/ASS-Wild-dogs-playing.jpg.webp\" class=\"attachment-large size-large lazyload\" alt=\"\" data-srcset=\"https:\/\/paradise-wilderness.com\/wp-content\/smush-webp\/ASS-Wild-dogs-playing.jpg.webp 800w, https:\/\/paradise-wilderness.com\/wp-content\/smush-webp\/ASS-Wild-dogs-playing-600x321.jpg.webp 600w, https:\/\/paradise-wilderness.com\/wp-content\/smush-webp\/ASS-Wild-dogs-playing-768x411.jpg.webp 768w\" data-sizes=\"(max-width: 800px) 100vw, 800px\" src=\"data:image\/svg+xml;base64,PHN2ZyB3aWR0aD0iMSIgaGVpZ2h0PSIxIiB4bWxucz0iaHR0cDovL3d3dy53My5vcmcvMjAwMC9zdmciPjwvc3ZnPg==\" style=\"--smush-placeholder-width: 800px; --smush-placeholder-aspect-ratio: 800\/428;\" \/>\t\t\t\t\t\t\n\t\t\t\t\t<\/div>\n\t\t\t\t\t\t\t\t\n<style>\n#image_538706771 {\n  width: 93%;\n}\n@media (min-width:550px) {\n  #image_538706771 {\n    width: 100%;\n  }\n}\n<\/style>\n\t<\/div>\n\t\n\t\t<\/div>\n\t\t\t\t\t<\/div>\n\n\t\n<\/div>\n\t\t<\/div>\n\n\t\t\n<style>\n#section_1915326058 {\n  padding-top: 30px;\n  padding-bottom: 30px;\n}\n<\/style>\n\t<\/section>\n\t\n","protected":false},"excerpt":{"rendered":"","protected":false},"author":1,"featured_media":14330,"parent":0,"menu_order":0,"comment_status":"closed","ping_status":"closed","template":"","meta":{"_acf_changed":false,"content-type":"","footnotes":""},"class_list":["post-14329","page","type-page","status-publish","has-post-thumbnail","hentry"],"acf":[],"_links":{"self":[{"href":"https:\/\/paradise-wilderness.com\/de\/wp-json\/wp\/v2\/pages\/14329","targetHints":{"allow":["GET"]}}],"collection":[{"href":"https:\/\/paradise-wilderness.com\/de\/wp-json\/wp\/v2\/pages"}],"about":[{"href":"https:\/\/paradise-wilderness.com\/de\/wp-json\/wp\/v2\/types\/page"}],"author":[{"embeddable":true,"href":"https:\/\/paradise-wilderness.com\/de\/wp-json\/wp\/v2\/users\/1"}],"replies":[{"embeddable":true,"href":"https:\/\/paradise-wilderness.com\/de\/wp-json\/wp\/v2\/comments?post=14329"}],"version-history":[{"count":18,"href":"https:\/\/paradise-wilderness.com\/de\/wp-json\/wp\/v2\/pages\/14329\/revisions"}],"predecessor-version":[{"id":18667,"href":"https:\/\/paradise-wilderness.com\/de\/wp-json\/wp\/v2\/pages\/14329\/revisions\/18667"}],"wp:featuredmedia":[{"embeddable":true,"href":"https:\/\/paradise-wilderness.com\/de\/wp-json\/wp\/v2\/media\/14330"}],"wp:attachment":[{"href":"https:\/\/paradise-wilderness.com\/de\/wp-json\/wp\/v2\/media?parent=14329"}],"curies":[{"name":"wp","href":"https:\/\/api.w.org\/{rel}","templated":true}]}}