{"id":14904,"date":"2025-06-06T07:16:31","date_gmt":"2025-06-06T05:16:31","guid":{"rendered":"https:\/\/paradise-wilderness.com\/ueber-uns\/"},"modified":"2025-11-18T11:41:42","modified_gmt":"2025-11-18T09:41:42","slug":"ueber-uns","status":"publish","type":"page","link":"https:\/\/paradise-wilderness.com\/de\/ueber-uns\/","title":{"rendered":"\u00dcber uns"},"content":{"rendered":"\n\t<section class=\"section video-section content-bottom dark\" id=\"section_121169362\">\n\t\t<div class=\"section-bg fill\" >\n\t\t\t<img decoding=\"async\" width=\"2560\" height=\"1441\" data-src=\"https:\/\/paradise-wilderness.com\/wp-content\/smush-webp\/Header-Over-Ons-scaled.jpg.webp\" class=\"bg attachment-original size-original lazyload\" alt=\"\" src=\"data:image\/svg+xml;base64,PHN2ZyB3aWR0aD0iMSIgaGVpZ2h0PSIxIiB4bWxucz0iaHR0cDovL3d3dy53My5vcmcvMjAwMC9zdmciPjwvc3ZnPg==\" style=\"--smush-placeholder-width: 2560px; --smush-placeholder-aspect-ratio: 2560\/1441;\" \/>\t\t\t\t\t\t<div class=\"section-bg-overlay absolute fill\"><\/div>\n\t\t\t\n\n\t\t<\/div>\n\n\t\t\n\n\t\t<div class=\"section-content relative\">\n\t\t\t\n<div class=\"row\"  id=\"row-2093622270\">\n\n\t<div id=\"col-1022122103\" class=\"col medium-12 small-12 large-9\"  >\n\t\t\t\t<div class=\"col-inner text-shadow-1\"  >\n\t\t\t\n\t\t\t\n\t<div id=\"text-2892233998\" class=\"text\">\n\t\t\n<h1>Lernen Sie Paradise &amp; Wilderness kennen<\/h1>\n\t\t\n<style>\n#text-2892233998 {\n  font-size: 1.2rem;\n  text-align: center;\n}\n@media (min-width:850px) {\n  #text-2892233998 {\n    font-size: 0.8rem;\n    text-align: left;\n  }\n}\n<\/style>\n\t<\/div>\n\t\n\t\t<\/div>\n\t\t\t\t\t<\/div>\n\n\t\n<\/div>\n\t\t<\/div>\n\n\t\t\n<style>\n#section_121169362 {\n  padding-top: 30px;\n  padding-bottom: 30px;\n  min-height: 600px;\n}\n#section_121169362 .section-bg-overlay {\n  background-color: rgba(170, 121, 69, 0);\n}\n#section_121169362 .section-bg img {\n  object-position: 52% 53%;\n}\n@media (min-width:550px) {\n  #section_121169362 {\n    padding-top: 80px;\n    padding-bottom: 80px;\n    min-height: 650px;\n  }\n}\n@media (min-width:850px) {\n  #section_121169362 {\n    min-height: 550px;\n  }\n}\n<\/style>\n\t<\/section>\n\t\n\n\t<section class=\"section\" id=\"section_1966780995\">\n\t\t<div class=\"section-bg fill\" >\n\t\t\t\t\t\t\t\t\t\n\t\t\t\n\n\t\t<\/div>\n\n\t\t\n\n\t\t<div class=\"section-content relative\">\n\t\t\t\n\t<div id=\"gap-2131673319\" class=\"gap-element clearfix\" style=\"display:block; height:auto;\">\n\t\t\n<style>\n#gap-2131673319 {\n  padding-top: 60px;\n}\n@media (min-width:550px) {\n  #gap-2131673319 {\n    padding-top: 80px;\n  }\n}\n@media (min-width:850px) {\n  #gap-2131673319 {\n    padding-top: 100px;\n  }\n}\n<\/style>\n\t<\/div>\n\t\n<div class=\"row\"  id=\"row-7119343\">\n\n\t<div id=\"col-1868508243\" class=\"col small-12 large-12\"  >\n\t\t\t\t<div class=\"col-inner\"  >\n\t\t\t\n\t\t\t\n\n\n\n\t\t<\/div>\n\t\t\t\t\t<\/div>\n\n\t\n<\/div>\n<div class=\"row row-collapse row-full-width align-middle\"  id=\"row-181289418\">\n\n\t<div id=\"col-106664000\" class=\"col img-col medium-5 small-12 large-5\"  >\n\t\t\t\t<div class=\"col-inner\"  >\n\t\t\t\n\t\t\t\n\t<div class=\"img has-hover x md-x lg-x y md-y lg-y\" id=\"image_1703161511\">\n\t\t\t\t\t\t\t\t<div class=\"img-inner image-cover dark\" style=\"padding-top:100%;margin:0px 0px 0px -25px;\">\n\t\t\t<img decoding=\"async\" width=\"1020\" height=\"680\" data-src=\"https:\/\/paradise-wilderness.com\/wp-content\/uploads\/Familie-Schoonvelde-2-scaled-1-1.webp\" class=\"attachment-large size-large lazyload\" alt=\"\" data-srcset=\"https:\/\/paradise-wilderness.com\/wp-content\/uploads\/Familie-Schoonvelde-2-scaled-1-1.webp 2560w, https:\/\/paradise-wilderness.com\/wp-content\/uploads\/Familie-Schoonvelde-2-scaled-1-1-600x400.webp 600w, https:\/\/paradise-wilderness.com\/wp-content\/uploads\/Familie-Schoonvelde-2-scaled-1-1-768x512.webp 768w, https:\/\/paradise-wilderness.com\/wp-content\/uploads\/Familie-Schoonvelde-2-scaled-1-1-1536x1024.webp 1536w, https:\/\/paradise-wilderness.com\/wp-content\/uploads\/Familie-Schoonvelde-2-scaled-1-1-2048x1365.webp 2048w\" data-sizes=\"(max-width: 1020px) 100vw, 1020px\" src=\"data:image\/svg+xml;base64,PHN2ZyB3aWR0aD0iMSIgaGVpZ2h0PSIxIiB4bWxucz0iaHR0cDovL3d3dy53My5vcmcvMjAwMC9zdmciPjwvc3ZnPg==\" style=\"--smush-placeholder-width: 1020px; --smush-placeholder-aspect-ratio: 1020\/680;\" \/>\t\t\t\t\t\t\n\t\t\t\t\t<\/div>\n\t\t\t\t\t\t\t\t\n<style>\n#image_1703161511 {\n  width: 93%;\n}\n@media (min-width:550px) {\n  #image_1703161511 {\n    width: 100%;\n  }\n}\n<\/style>\n\t<\/div>\n\t\n\t\t<\/div>\n\t\t\t\t\t<\/div>\n\n\t\n\n\t<div id=\"col-464786096\" class=\"col medium-7 small-12 large-7\"  >\n\t\t\t\t<div class=\"col-inner\"  >\n\t\t\t\n\t\t\t\n<h2>Unser Traum<\/h2>\n<p>Sind Sie neugierig auf die Sch\u00f6nheit und den Reichtum des magischen Landes Tansania? Dann sind Sie hier genau richtig, denn Tansania ist unsere Heimat! Das Land des Kilimandscharo, Sansibar und der weltber\u00fchmten Safari-Nationalparks.   <\/p>\n<p>Wir sind Experten f\u00fcr Safaritouren in Tansania und Spezialisten f\u00fcr Urlaube auf Sansibar. Alles wird vom niederl\u00e4ndischen Eigent\u00fcmer Bert Schoonvelde geleitet. Vor Jahren kam er f\u00fcr einen Urlaub nach Sansibar und verliebte sich in diesen wundersch\u00f6nen Ort.   <\/p>\n<p>Die Kombination aus Kultur, unglaublichen wei\u00dfen Sandstr\u00e4nden und den gr\u00f6\u00dften Wildreservaten Afrikas macht Tansania einzigartig. \u201eMeine Urlaube in Tansania waren zu kurz, um dieses magische Land kennenzulernen, also bin ich geblieben und habe meinen Traum zu meinem Beruf gemacht\u201c, sagte Bert Schoonvelde.  <\/p>\n<p>Karibu (willkommen)!<\/p>\n\t\t<\/div>\n\t\t\t\t\n<style>\n#col-464786096 > .col-inner {\n  padding: 5% 5% 5% 5%;\n  max-width: 790px;\n}\n@media (min-width:550px) {\n  #col-464786096 > .col-inner {\n    padding: 5% 5% 5% 10%;\n  }\n}\n<\/style>\n\t<\/div>\n\n\t\n<\/div>\n\t<div id=\"gap-1628243700\" class=\"gap-element clearfix\" style=\"display:block; height:auto;\">\n\t\t\n<style>\n#gap-1628243700 {\n  padding-top: 60px;\n}\n@media (min-width:550px) {\n  #gap-1628243700 {\n    padding-top: 60px;\n  }\n}\n@media (min-width:850px) {\n  #gap-1628243700 {\n    padding-top: 60px;\n  }\n}\n<\/style>\n\t<\/div>\n\t\n<div class=\"row align-center\"  id=\"row-1876951517\">\n\n\t<div id=\"col-964053330\" class=\"col medium-11 small-12 large-10\"  >\n\t\t\t\t<div class=\"col-inner text-left\"  >\n\t\t\t\n\t\t\t\n<h2>Daf\u00fcr stehen wir<\/h2>\n<p>Unsere Vision ist es, Ihnen als unserem Gast unvergessliche Erlebnisse zu bereiten. Wir m\u00f6chten Ihre Zufriedenheit w\u00e4hrend Ihres Aufenthalts in einer unserer komfortablen Unterk\u00fcnfte in Tansania und auf Sansibar sicherstellen. Wir m\u00f6chten Ihre Erwartungen \u00fcbertreffen, wobei jedes Detail von uns sorgf\u00e4ltig ausgearbeitet wird.   <\/p>\n<p>Vom Moment Ihrer Ankunft bis zu Ihrer Abreise sind wir bestrebt, Ihnen ein komplettes Programm zu bieten, das alle Aspekte eines Traumurlaubs in Tansania und auf Sansibar umfasst. Ob es darum geht, die Tierwelt auf einer au\u00dfergew\u00f6hnlichen Pirschfahrt zu entdecken, an den perlwei\u00dfen Str\u00e4nden von Sansibar zu entspannen oder in die lebendige lokale Kultur einzutauchen. Sie k\u00f6nnen von uns nichts weniger als eine au\u00dfergew\u00f6hnliche und unvergessliche Tour erwarten.  <\/p>\n\t\t<\/div>\n\t\t\t\t\t<\/div>\n\n\t\n<\/div>\n\t<div id=\"gap-746264787\" class=\"gap-element clearfix\" style=\"display:block; height:auto;\">\n\t\t\n<style>\n#gap-746264787 {\n  padding-top: 60px;\n}\n@media (min-width:550px) {\n  #gap-746264787 {\n    padding-top: 60px;\n  }\n}\n@media (min-width:850px) {\n  #gap-746264787 {\n    padding-top: 60px;\n  }\n}\n<\/style>\n\t<\/div>\n\t\n<div class=\"row row-collapse row-full-width align-middle\"  id=\"row-1539180073\">\n\n\t<div id=\"col-1182313214\" class=\"col medium-7 small-12 large-7\"  >\n\t\t\t\t<div class=\"col-inner\"  >\n\t\t\t\n\t\t\t\n<h2>Lernen Sie Anouk kennen<\/h2>\n<p>Aus dem Flugzeug steigen, den spezifischen Geruch riechen und denken: \u201eJa, ich bin wieder zu Hause!\u201c Dieses Gef\u00fchl erlebe ich immer wieder, wenn ich in dieses besondere (Eier-)Land reise. Nach mehreren wundersch\u00f6nen Reisen durch Ostafrika und der M\u00f6glichkeit, fast zwei Jahre in Tansania und auf Sansibar gelebt zu haben, habe ich meine Leidenschaft in der Arbeit wirklich gefunden. Jeden daf\u00fcr zu begeistern, nach Tansania und Sansibar zu reisen und sich von der einzigartigen Kombination, die dieses Land zu bieten hat, verzaubern zu lassen.    <\/p>\n<p>Der Nervenkitzel, Wildtiere zu beobachten, die Ruhe, die man in unber\u00fchrter Natur erlebt, und der ultimative Genuss der perlwei\u00dfen Str\u00e4nde Sansibars. Klischee? Absolut! \u00dcbertreiben? \u00dcberhaupt nicht! Fahren Sie dorthin und erleben Sie es selbst. Sie werden feststellen, dass ich kein Wort gelogen habe.       <\/p>\n<p>Mein Name ist Anouk Arts, Beach &amp; Safari Consultant bei Paradise &amp; Wilderness. Ich h\u00f6re gerne auf Ihre W\u00fcnsche und organisiere gerne mit Ihnen die ideale Rundreise. Safari Njema (Gute Reise)!  <\/p>\n\t\t<\/div>\n\t\t\t\t\n<style>\n#col-1182313214 > .col-inner {\n  padding: 5% 5% 5% 5%;\n  max-width: 790px;\n}\n@media (min-width:550px) {\n  #col-1182313214 > .col-inner {\n    padding: 5% 10% 5% 5%;\n  }\n}\n<\/style>\n\t<\/div>\n\n\t\n\n\t<div id=\"col-487189765\" class=\"col img-col medium-5 small-12 large-5 small-col-first\"  >\n\t\t\t\t<div class=\"col-inner\"  >\n\t\t\t\n\t\t\t\n\t<div class=\"img has-hover x md-x lg-x y md-y lg-y\" id=\"image_1763333962\">\n\t\t\t\t\t\t\t\t<div class=\"img-inner image-cover dark\" style=\"padding-top:100%;margin:0px -25px 0px 0px;\">\n\t\t\t<img decoding=\"async\" width=\"2247\" height=\"2560\" data-src=\"https:\/\/paradise-wilderness.com\/wp-content\/smush-webp\/Anouk_Arts-scaled.jpg.webp\" class=\"attachment-original size-original lazyload\" alt=\"\" data-srcset=\"https:\/\/paradise-wilderness.com\/wp-content\/smush-webp\/Anouk_Arts-scaled.jpg.webp 2247w, https:\/\/paradise-wilderness.com\/wp-content\/smush-webp\/Anouk_Arts-527x600.jpg.webp 527w, https:\/\/paradise-wilderness.com\/wp-content\/smush-webp\/Anouk_Arts-899x1024.jpg.webp 899w, https:\/\/paradise-wilderness.com\/wp-content\/smush-webp\/Anouk_Arts-768x875.jpg.webp 768w, https:\/\/paradise-wilderness.com\/wp-content\/smush-webp\/Anouk_Arts-1348x1536.jpg.webp 1348w, https:\/\/paradise-wilderness.com\/wp-content\/smush-webp\/Anouk_Arts-1798x2048.jpg.webp 1798w\" data-sizes=\"(max-width: 2247px) 100vw, 2247px\" src=\"data:image\/svg+xml;base64,PHN2ZyB3aWR0aD0iMSIgaGVpZ2h0PSIxIiB4bWxucz0iaHR0cDovL3d3dy53My5vcmcvMjAwMC9zdmciPjwvc3ZnPg==\" style=\"--smush-placeholder-width: 2247px; --smush-placeholder-aspect-ratio: 2247\/2560;\" \/>\t\t\t\t\t\t\n\t\t\t\t\t<\/div>\n\t\t\t\t\t\t\t\t\n<style>\n#image_1763333962 {\n  width: 95%;\n}\n@media (min-width:550px) {\n  #image_1763333962 {\n    width: 100%;\n  }\n}\n<\/style>\n\t<\/div>\n\t\n\t\t<\/div>\n\t\t\t\t\n<style>\n#col-487189765 > .col-inner {\n  margin: 0px 0px 0px 25px;\n}\n@media (min-width:550px) {\n  #col-487189765 > .col-inner {\n    margin: 0px 0px 0px 0px;\n  }\n}\n@media (min-width:850px) {\n  #col-487189765 > .col-inner {\n    margin: 0px 0px 0px 0px;\n  }\n}\n<\/style>\n\t<\/div>\n\n\t\n<\/div>\n\t<div id=\"gap-352788264\" class=\"gap-element clearfix\" style=\"display:block; height:auto;\">\n\t\t\n<style>\n#gap-352788264 {\n  padding-top: 60px;\n}\n@media (min-width:550px) {\n  #gap-352788264 {\n    padding-top: 60px;\n  }\n}\n@media (min-width:850px) {\n  #gap-352788264 {\n    padding-top: 60px;\n  }\n}\n<\/style>\n\t<\/div>\n\t\n<div class=\"row\"  id=\"row-1410833471\">\n\n\t<div id=\"col-317279698\" class=\"col small-12 large-12\"  >\n\t\t\t\t<div class=\"col-inner box-shadow-1\" style=\"background-color:rgba(255, 255, 255, 0.75);\" >\n\t\t\t\n\t\t\t\n<div class=\"row align-equal\"  id=\"row-1952583941\">\n\n\t<div id=\"col-1455560870\" class=\"col medium-6 small-12 large-4\"  >\n\t\t\t\t<div class=\"col-inner\"  >\n\t\t\t\n\t\t\t\n\n\t\t<div class=\"icon-box featured-box icon-box-left text-left\"  >\n\t\t\t\t\t<div class=\"icon-box-img\" style=\"width: 60px\">\n\t\t\t\t<div class=\"icon\">\n\t\t\t\t\t<div class=\"icon-inner\" >\n\t\t\t\t\t\t<img decoding=\"async\" width=\"1\" height=\"1\" data-src=\"https:\/\/paradise-wilderness.com\/wp-content\/uploads\/accommodatie-icon-light.svg\" class=\"attachment-medium size-medium lazyload\" alt=\"\" src=\"data:image\/svg+xml;base64,PHN2ZyB3aWR0aD0iMSIgaGVpZ2h0PSIxIiB4bWxucz0iaHR0cDovL3d3dy53My5vcmcvMjAwMC9zdmciPjwvc3ZnPg==\" style=\"--smush-placeholder-width: 1px; --smush-placeholder-aspect-ratio: 1\/1;\" \/>\t\t\t\t\t<\/div>\n\t\t\t\t<\/div>\n\t\t\t<\/div>\n\t\t\t\t<div class=\"icon-box-text last-reset\">\n\t\t\t\t\t\t\t\t\t\n<h3>Unterk\u00fcnfte<\/h3>\n<p>Mehr als nur ein Schlafplatz! Alle unsere eigenen Standorte sind einzigartig gelegen und jeder hat etwas Besonderes, das Ihre Reise noch spezieller macht. Trinken Sie eine Tasse Kaffee auf Ihrer Veranda, w\u00e4hrend Zebras vorbeilaufen, oder beobachten Sie den Sonnenaufgang von Sansibar von Ihrem Bett aus.  <\/p>\n\t\t<\/div>\n\t<\/div>\n\t\n\t\n\t\t<\/div>\n\t\t\t\t\t<\/div>\n\n\t\n\n\t<div id=\"col-270213595\" class=\"col medium-6 small-12 large-4\"  >\n\t\t\t\t<div class=\"col-inner\"  >\n\t\t\t\n\t\t\t\n\n\t\t<div class=\"icon-box featured-box icon-box-left text-left\"  >\n\t\t\t\t\t<div class=\"icon-box-img\" style=\"width: 60px\">\n\t\t\t\t<div class=\"icon\">\n\t\t\t\t\t<div class=\"icon-inner\" >\n\t\t\t\t\t\t<img decoding=\"async\" width=\"1\" height=\"1\" data-src=\"https:\/\/paradise-wilderness.com\/wp-content\/uploads\/kwaliteit-icon-light.svg\" class=\"attachment-medium size-medium lazyload\" alt=\"\" src=\"data:image\/svg+xml;base64,PHN2ZyB3aWR0aD0iMSIgaGVpZ2h0PSIxIiB4bWxucz0iaHR0cDovL3d3dy53My5vcmcvMjAwMC9zdmciPjwvc3ZnPg==\" style=\"--smush-placeholder-width: 1px; --smush-placeholder-aspect-ratio: 1\/1;\" \/>\t\t\t\t\t<\/div>\n\t\t\t\t<\/div>\n\t\t\t<\/div>\n\t\t\t\t<div class=\"icon-box-text last-reset\">\n\t\t\t\t\t\t\t\t\t\n<h3>Qualit\u00e4t<\/h3>\n<p>Dies hat f\u00fcr uns oberste Priorit\u00e4t und Sie werden dies auf vielf\u00e4ltige Weise erleben. K\u00f6stliche Mahlzeiten von talentierten K\u00f6chen, erfahrene Fahrer mit viel Wissen, gastfreundliches lokales Personal und sch\u00f6ne Kooperationen mit lokalen Projekten und Partnern. <\/p>\n\t\t<\/div>\n\t<\/div>\n\t\n\t\n\t\t<\/div>\n\t\t\t\t\t<\/div>\n\n\t\n\n\t<div id=\"col-1868463714\" class=\"col medium-6 small-12 large-4\"  >\n\t\t\t\t<div class=\"col-inner\"  >\n\t\t\t\n\t\t\t\n\n\t\t<div class=\"icon-box featured-box icon-box-left text-left\"  >\n\t\t\t\t\t<div class=\"icon-box-img\" style=\"width: 60px\">\n\t\t\t\t<div class=\"icon\">\n\t\t\t\t\t<div class=\"icon-inner\" >\n\t\t\t\t\t\t<img decoding=\"async\" width=\"1\" height=\"1\" data-src=\"https:\/\/paradise-wilderness.com\/wp-content\/uploads\/vervoer-icon-light.svg\" class=\"attachment-medium size-medium lazyload\" alt=\"\" src=\"data:image\/svg+xml;base64,PHN2ZyB3aWR0aD0iMSIgaGVpZ2h0PSIxIiB4bWxucz0iaHR0cDovL3d3dy53My5vcmcvMjAwMC9zdmciPjwvc3ZnPg==\" style=\"--smush-placeholder-width: 1px; --smush-placeholder-aspect-ratio: 1\/1;\" \/>\t\t\t\t\t<\/div>\n\t\t\t\t<\/div>\n\t\t\t<\/div>\n\t\t\t\t<div class=\"icon-box-text last-reset\">\n\t\t\t\t\t\t\t\t\t\n<h3>Von A bis Z<\/h3>\n<p>Wir k\u00f6nnen alles f\u00fcr Sie arrangieren, von dem Moment an, in dem Sie in Tansania (oder Sansibar) ankommen, bis Sie f\u00fcr Ihren R\u00fcckflug einchecken! Von Transfers zu Unterk\u00fcnften und von Safari-Jeeps zu Ausfl\u00fcgen. Unsere Beratung ist ehrlich und unverbindlich und wir sprechen aus eigener Erfahrung.  <\/p>\n\t\t<\/div>\n\t<\/div>\n\t\n\t\n\t\t<\/div>\n\t\t\t\t\t<\/div>\n\n\t\n<\/div>\n\t\t<\/div>\n\t\t\t\t\n<style>\n#col-317279698 > .col-inner {\n  padding: 5% 5% 2% 5%;\n  border-radius: 10px;\n}\n<\/style>\n\t<\/div>\n\n\t\n<\/div>\n\t<div id=\"gap-753794004\" class=\"gap-element clearfix\" style=\"display:block; height:auto;\">\n\t\t\n<style>\n#gap-753794004 {\n  padding-top: 60px;\n}\n@media (min-width:550px) {\n  #gap-753794004 {\n    padding-top: 60px;\n  }\n}\n@media (min-width:850px) {\n  #gap-753794004 {\n    padding-top: 60px;\n  }\n}\n<\/style>\n\t<\/div>\n\t\n<div class=\"row align-middle\"  id=\"row-2063612384\">\n\n\t<div id=\"col-309294163\" class=\"col medium-6 small-12 large-6\"  >\n\t\t\t\t<div class=\"col-inner\"  >\n\t\t\t\n\t\t\t\n\t<div class=\"img has-hover x md-x lg-x y md-y lg-y\" id=\"image_899133786\">\n\t\t\t\t\t\t\t\t<div class=\"img-inner dark\" >\n\t\t\t<img decoding=\"async\" width=\"2560\" height=\"1707\" data-src=\"https:\/\/paradise-wilderness.com\/wp-content\/smush-webp\/51141580064_0e6b5bc648_o-scaled.jpg.webp\" class=\"attachment-original size-original lazyload\" alt=\"\" data-srcset=\"https:\/\/paradise-wilderness.com\/wp-content\/smush-webp\/51141580064_0e6b5bc648_o-scaled.jpg.webp 2560w, https:\/\/paradise-wilderness.com\/wp-content\/smush-webp\/51141580064_0e6b5bc648_o-600x400.jpg.webp 600w, https:\/\/paradise-wilderness.com\/wp-content\/smush-webp\/51141580064_0e6b5bc648_o-1024x683.jpg.webp 1024w, https:\/\/paradise-wilderness.com\/wp-content\/smush-webp\/51141580064_0e6b5bc648_o-768x512.jpg.webp 768w, https:\/\/paradise-wilderness.com\/wp-content\/smush-webp\/51141580064_0e6b5bc648_o-1536x1024.jpg.webp 1536w, https:\/\/paradise-wilderness.com\/wp-content\/smush-webp\/51141580064_0e6b5bc648_o-2048x1365.jpg.webp 2048w\" data-sizes=\"(max-width: 2560px) 100vw, 2560px\" src=\"data:image\/svg+xml;base64,PHN2ZyB3aWR0aD0iMSIgaGVpZ2h0PSIxIiB4bWxucz0iaHR0cDovL3d3dy53My5vcmcvMjAwMC9zdmciPjwvc3ZnPg==\" style=\"--smush-placeholder-width: 2560px; --smush-placeholder-aspect-ratio: 2560\/1707;\" \/>\t\t\t\t\t\t\n\t\t\t\t\t<\/div>\n\t\t\t\t\t\t\t\t\n<style>\n#image_899133786 {\n  width: 93%;\n}\n@media (min-width:550px) {\n  #image_899133786 {\n    width: 100%;\n  }\n}\n<\/style>\n\t<\/div>\n\t\n\t\t<\/div>\n\t\t\t\t\t<\/div>\n\n\t\n\n\t<div id=\"col-598141794\" class=\"col medium-6 small-12 large-6\"  >\n\t\t\t\t<div class=\"col-inner\"  >\n\t\t\t\n\t\t\t\n<h2>Bereit f\u00fcr ein neues Abenteuer?<\/h2>\n<p>Warten Sie nicht l\u00e4nger und beginnen Sie noch heute mit der Verwirklichung dieser besonderen Safari-Reise.<\/p>\n<a href=\"\/trips\/\" class=\"button primary lowercase\" style=\"border-radius:99px;\">\n\t\t<span>Alle unsere Touren ansehen<\/span>\n\t<\/a>\n\n\t\t<\/div>\n\t\t\t\t\n<style>\n#col-598141794 > .col-inner {\n  padding: 5% 5% 5% 5%;\n}\n<\/style>\n\t<\/div>\n\n\t\n<\/div>\n\t\t<\/div>\n\n\t\t\n<style>\n#section_1966780995 {\n  padding-top: 30px;\n  padding-bottom: 30px;\n}\n<\/style>\n\t<\/section>\n\t\n","protected":false},"excerpt":{"rendered":"","protected":false},"author":1,"featured_media":14911,"parent":0,"menu_order":0,"comment_status":"closed","ping_status":"closed","template":"","meta":{"_acf_changed":false,"content-type":"","footnotes":""},"class_list":["post-14904","page","type-page","status-publish","has-post-thumbnail","hentry"],"acf":[],"_links":{"self":[{"href":"https:\/\/paradise-wilderness.com\/de\/wp-json\/wp\/v2\/pages\/14904","targetHints":{"allow":["GET"]}}],"collection":[{"href":"https:\/\/paradise-wilderness.com\/de\/wp-json\/wp\/v2\/pages"}],"about":[{"href":"https:\/\/paradise-wilderness.com\/de\/wp-json\/wp\/v2\/types\/page"}],"author":[{"embeddable":true,"href":"https:\/\/paradise-wilderness.com\/de\/wp-json\/wp\/v2\/users\/1"}],"replies":[{"embeddable":true,"href":"https:\/\/paradise-wilderness.com\/de\/wp-json\/wp\/v2\/comments?post=14904"}],"version-history":[{"count":8,"href":"https:\/\/paradise-wilderness.com\/de\/wp-json\/wp\/v2\/pages\/14904\/revisions"}],"predecessor-version":[{"id":18581,"href":"https:\/\/paradise-wilderness.com\/de\/wp-json\/wp\/v2\/pages\/14904\/revisions\/18581"}],"wp:featuredmedia":[{"embeddable":true,"href":"https:\/\/paradise-wilderness.com\/de\/wp-json\/wp\/v2\/media\/14911"}],"wp:attachment":[{"href":"https:\/\/paradise-wilderness.com\/de\/wp-json\/wp\/v2\/media?parent=14904"}],"curies":[{"name":"wp","href":"https:\/\/api.w.org\/{rel}","templated":true}]}}