{"id":14929,"date":"2025-06-06T09:19:29","date_gmt":"2025-06-06T07:19:29","guid":{"rendered":"https:\/\/paradise-wilderness.com\/datenschutzerklaerung\/"},"modified":"2025-10-28T17:24:54","modified_gmt":"2025-10-28T15:24:54","slug":"datenschutzerklaerung","status":"publish","type":"page","link":"https:\/\/paradise-wilderness.com\/de\/datenschutzerklaerung\/","title":{"rendered":"Datenschutzerkl\u00e4rung"},"content":{"rendered":"\n\t<section class=\"section video-section content-bottom dark\" id=\"section_515786366\">\n\t\t<div class=\"section-bg fill\" >\n\t\t\t<img decoding=\"async\" width=\"2520\" height=\"1419\" data-src=\"https:\/\/paradise-wilderness.com\/wp-content\/smush-webp\/View-Escarpment.jpg.webp\" class=\"bg attachment- size- lazyload\" alt=\"\" src=\"data:image\/svg+xml;base64,PHN2ZyB3aWR0aD0iMSIgaGVpZ2h0PSIxIiB4bWxucz0iaHR0cDovL3d3dy53My5vcmcvMjAwMC9zdmciPjwvc3ZnPg==\" style=\"--smush-placeholder-width: 2520px; --smush-placeholder-aspect-ratio: 2520\/1419;\" \/>\t\t\t\t\t\t<div class=\"section-bg-overlay absolute fill\"><\/div>\n\t\t\t\n\n\t\t<\/div>\n\n\t\t\n\n\t\t<div class=\"section-content relative\">\n\t\t\t\n<div class=\"row\"  id=\"row-1496774288\">\n\n\t<div id=\"col-690050109\" class=\"col medium-12 small-12 large-7\"  >\n\t\t\t\t<div class=\"col-inner text-shadow-1\"  >\n\t\t\t\n\t\t\t\n\t<div id=\"text-3811125833\" class=\"text\">\n\t\t\n<h1>Datenschutzerkl\u00e4rung<\/h1>\n\t\t\n<style>\n#text-3811125833 {\n  font-size: 1.2rem;\n  text-align: center;\n}\n@media (min-width:850px) {\n  #text-3811125833 {\n    font-size: 0.8rem;\n    text-align: left;\n  }\n}\n<\/style>\n\t<\/div>\n\t\n\t\t<\/div>\n\t\t\t\t\t<\/div>\n\n\t\n<\/div>\n\t\t<\/div>\n\n\t\t\n<style>\n#section_515786366 {\n  padding-top: 30px;\n  padding-bottom: 30px;\n  min-height: 600px;\n}\n#section_515786366 .section-bg-overlay {\n  background-color: rgba(170, 121, 69, 0);\n}\n#section_515786366 .section-bg img {\n  object-position: 55% 50%;\n}\n@media (min-width:550px) {\n  #section_515786366 {\n    padding-top: 80px;\n    padding-bottom: 80px;\n    min-height: 650px;\n  }\n}\n@media (min-width:850px) {\n  #section_515786366 {\n    min-height: 550px;\n  }\n}\n<\/style>\n\t<\/section>\n\t\n\n\t<section class=\"section\" id=\"section_1526458712\">\n\t\t<div class=\"section-bg fill\" >\n\t\t\t\t\t\t\t\t\t\n\t\t\t\n\n\t\t<\/div>\n\n\t\t\n\n\t\t<div class=\"section-content relative\">\n\t\t\t\n\t<div id=\"gap-1815621171\" class=\"gap-element clearfix\" style=\"display:block; height:auto;\">\n\t\t\n<style>\n#gap-1815621171 {\n  padding-top: 60px;\n}\n@media (min-width:550px) {\n  #gap-1815621171 {\n    padding-top: 80px;\n  }\n}\n@media (min-width:850px) {\n  #gap-1815621171 {\n    padding-top: 100px;\n  }\n}\n<\/style>\n\t<\/div>\n\t\n<div class=\"row\"  id=\"row-1894363370\">\n\n\t<div id=\"col-1182442231\" class=\"col small-12 large-12\"  >\n\t\t\t\t<div class=\"col-inner\"  >\n\t\t\t\n\t\t\t\n\n\n\n\t\t<\/div>\n\t\t\t\t\t<\/div>\n\n\t\n<\/div>\n<div class=\"row\"  id=\"row-1891233258\">\n\n\t<div id=\"col-405902939\" class=\"col small-12 large-12\"  >\n\t\t\t\t<div class=\"col-inner text-left\"  >\n\t\t\t\n\t\t\t\n<h2><b>Wer wir sind<\/b><\/h2>\n<p>Unsere Website-Adresse lautet: <a href=\"https:\/\/paradise-wilderness.com\/de\/\"><br \/>\n <strong>https:\/\/paradise-wilderness.com<\/strong><br \/>\n<\/a><\/p>\n<h2>Welche personenbezogenen Daten wir sammeln und warum wir sie sammeln<\/h2>\n<p><b>Kommentare<\/b><br \/>Wenn Besucher Kommentare auf der Website hinterlassen, erfassen wir die im Kommentarformular angezeigten Daten, die IP-Adresse des Besuchers und den Browser-User-Agent, um Spam zu erkennen.<\/p>\n<p>Ein anonymisierter String, der aus Ihrer E-Mail-Adresse erstellt wird (dies wird auch als Hash bezeichnet), kann an den Gravatar-Dienst gesendet werden, wenn Sie diesen nutzen. Die Datenschutzerkl\u00e4rung finden Sie hier: <g id=\"gid_0\"><br \/>\n <g id=\"gid_1\">https:\/\/automattic.com\/privacy\/<\/g><br \/>\n<\/g>. Nachdem Ihr Kommentar genehmigt wurde, ist Ihr Profilbild im Kontext Ihres Kommentars \u00f6ffentlich sichtbar.   <\/p>\n<p><b>Medien<\/b><br \/>Wenn Sie ein registrierter Benutzer sind und Bilder auf die Website hochladen, sollten Sie das Hochladen von Bildern vermeiden, die EXIF-GPS-Standortdaten enthalten. Besucher der Website k\u00f6nnen die Bilder von der Website herunterladen und die Standortdaten einsehen.  <\/p>\n<h2>Kontaktformular<\/h2>\n<p><b>Cookies<\/b><br \/>Wenn Sie einen Kommentar auf unserer Website hinterlassen, k\u00f6nnen Sie w\u00e4hlen, ob Ihr Name, Ihre E-Mail-Adresse und Ihre Website in einem Cookie gespeichert werden sollen. Dies tun wir zu Ihrer Bequemlichkeit, damit Sie diese Informationen bei einem neuen Kommentar nicht erneut eingeben m\u00fcssen. Diese Cookies sind ein Jahr lang g\u00fcltig.   <\/p>\n<p>Wenn Sie unsere Anmeldeseite besuchen, speichern wir ein tempor\u00e4res Cookie, um zu \u00fcberpr\u00fcfen, ob Ihr Browser Cookies akzeptiert. Dieses Cookie enth\u00e4lt keine personenbezogenen Daten und wird gel\u00f6scht, sobald Sie Ihren Browser schlie\u00dfen.  <\/p>\n<p>Sobald Sie sich anmelden, speichern wir einige Cookies, die sich auf Ihre Anmeldeinformationen und Bildschirmoptionen beziehen. Die Anmelde-Cookies sind 2 Tage lang g\u00fcltig und Cookies f\u00fcr Bildschirmoptionen sind 1 Jahr lang g\u00fcltig. Wenn Sie \u201eAngemeldet bleiben\u201c w\u00e4hlen, wird Ihre Anmeldung f\u00fcr 2 Wochen gespeichert. Sobald Sie sich von Ihrem Konto abmelden, werden die Anmelde-Cookies gel\u00f6scht.    <\/p>\n<p>Wenn Sie einen Beitrag bearbeiten oder ver\u00f6ffentlichen, wird ein zus\u00e4tzliches Cookie von Ihrem Browser gespeichert. Dieses Cookie enth\u00e4lt keine personenbezogenen Daten und speichert lediglich die Beitrags-ID des von Ihnen bearbeiteten Artikels. Dieses Cookie l\u00e4uft nach einem Tag ab.   <\/p>\n<h2>Eingebettete Inhalte von anderen Websites<\/h2>\n<p>Beitr\u00e4ge auf dieser Website k\u00f6nnen eingebettete Inhalte (z. B. Videos, Bilder, Nachrichten usw.) enthalten. Eingebettete Inhalte von anderen Websites verhalten sich genau so, als ob der Besucher diese andere Website besucht h\u00e4tte.  <\/p>\n<p>Diese Websites k\u00f6nnen Daten \u00fcber Sie sammeln, Cookies verwenden, Tracking von Drittanbietern einbetten und Ihre Interaktion mit diesen eingebetteten Inhalten \u00fcberwachen, einschlie\u00dflich der Interaktion mit eingebetteten Inhalten, wenn Sie ein Konto auf dieser Website haben und dort angemeldet sind.<\/p>\n<h2>Analysen<\/h2>\n<p><b>Mit wem wir Ihre Daten teilen &amp; wie lange wir Ihre Daten speichern<\/b><br \/>Wenn Sie einen Kommentar hinterlassen, werden dieser Kommentar und seine Metadaten dauerhaft gespeichert. Dies erm\u00f6glicht es uns, Folgekommentare automatisch zu erkennen und zu genehmigen, anstatt sie moderieren zu m\u00fcssen.  <\/p>\n<p>F\u00fcr Benutzer, die auf unserer Website registriert sind (falls zutreffend), speichern wir auch personenbezogene Daten in ihrem Benutzerprofil. Alle Benutzer k\u00f6nnen ihre personenbezogenen Daten jederzeit einsehen, \u00e4ndern oder l\u00f6schen (Benutzername kann nicht ge\u00e4ndert werden). Website-Administratoren k\u00f6nnen diese Informationen ebenfalls einsehen und \u00e4ndern.   <\/p>\n<p><b>Welche Rechte Sie an Ihren Daten haben<\/b><br \/>Wenn Sie ein Konto auf dieser Website haben oder Kommentare hinterlassen haben, k\u00f6nnen Sie eine Exportdatei Ihrer personenbezogenen Daten anfordern, die wir \u00fcber Sie gespeichert haben, einschlie\u00dflich aller Daten, die Sie uns zur Verf\u00fcgung gestellt haben. Sie k\u00f6nnen auch die L\u00f6schung aller personenbezogenen Daten verlangen, die wir \u00fcber Sie gespeichert haben. Dies umfasst keine Daten, die wir aus administrativen, rechtlichen oder Sicherheitsgr\u00fcnden aufbewahren m\u00fcssen.   <\/p>\n<p><b>Wohin wir Ihre Daten senden<\/b><br \/>Kommentare von Besuchern k\u00f6nnen \u00fcber einen automatisierten Spam-Erkennungsdienst geleitet werden.<\/p>\n\t\t<\/div>\n\t\t\t\t\t<\/div>\n\n\t\n<\/div>\n\t\t<\/div>\n\n\t\t\n<style>\n#section_1526458712 {\n  padding-top: 30px;\n  padding-bottom: 30px;\n}\n<\/style>\n\t<\/section>\n\t\n","protected":false},"excerpt":{"rendered":"","protected":false},"author":1,"featured_media":14751,"parent":0,"menu_order":0,"comment_status":"closed","ping_status":"closed","template":"","meta":{"_acf_changed":false,"content-type":"","footnotes":""},"class_list":["post-14929","page","type-page","status-publish","has-post-thumbnail","hentry"],"acf":[],"_links":{"self":[{"href":"https:\/\/paradise-wilderness.com\/de\/wp-json\/wp\/v2\/pages\/14929","targetHints":{"allow":["GET"]}}],"collection":[{"href":"https:\/\/paradise-wilderness.com\/de\/wp-json\/wp\/v2\/pages"}],"about":[{"href":"https:\/\/paradise-wilderness.com\/de\/wp-json\/wp\/v2\/types\/page"}],"author":[{"embeddable":true,"href":"https:\/\/paradise-wilderness.com\/de\/wp-json\/wp\/v2\/users\/1"}],"replies":[{"embeddable":true,"href":"https:\/\/paradise-wilderness.com\/de\/wp-json\/wp\/v2\/comments?post=14929"}],"version-history":[{"count":2,"href":"https:\/\/paradise-wilderness.com\/de\/wp-json\/wp\/v2\/pages\/14929\/revisions"}],"predecessor-version":[{"id":14954,"href":"https:\/\/paradise-wilderness.com\/de\/wp-json\/wp\/v2\/pages\/14929\/revisions\/14954"}],"wp:featuredmedia":[{"embeddable":true,"href":"https:\/\/paradise-wilderness.com\/de\/wp-json\/wp\/v2\/media\/14751"}],"wp:attachment":[{"href":"https:\/\/paradise-wilderness.com\/de\/wp-json\/wp\/v2\/media?parent=14929"}],"curies":[{"name":"wp","href":"https:\/\/api.w.org\/{rel}","templated":true}]}}