{"id":15439,"date":"2025-06-06T12:25:23","date_gmt":"2025-06-06T10:25:23","guid":{"rendered":"https:\/\/paradise-wilderness.com\/safari-privado-en-tanzania\/"},"modified":"2025-11-18T12:18:06","modified_gmt":"2025-11-18T10:18:06","slug":"safari-privado-en-tanzania","status":"publish","type":"page","link":"https:\/\/paradise-wilderness.com\/es\/safari-privado-en-tanzania\/","title":{"rendered":"Safari privado Tanzania"},"content":{"rendered":"\n\t<section class=\"section video-section content-bottom dark\" id=\"section_917379120\">\n\t\t<div class=\"section-bg fill\" >\n\t\t\t<img decoding=\"async\" width=\"2048\" height=\"1153\" data-src=\"https:\/\/paradise-wilderness.com\/wp-content\/smush-webp\/53664211463_1745d5f639_k.jpg.webp\" class=\"bg attachment-original size-original lazyload\" alt=\"\" src=\"data:image\/svg+xml;base64,PHN2ZyB3aWR0aD0iMSIgaGVpZ2h0PSIxIiB4bWxucz0iaHR0cDovL3d3dy53My5vcmcvMjAwMC9zdmciPjwvc3ZnPg==\" style=\"--smush-placeholder-width: 2048px; --smush-placeholder-aspect-ratio: 2048\/1153;\" \/>\t\t\t\t\t\t<div class=\"section-bg-overlay absolute fill\"><\/div>\n\t\t\t\n\n\t\t<\/div>\n\n\t\t\n\n\t\t<div class=\"section-content relative\">\n\t\t\t\n<div class=\"row\"  id=\"row-1801969227\">\n\n\t<div id=\"col-981200306\" class=\"col medium-12 small-12 large-7\"  >\n\t\t\t\t<div class=\"col-inner text-shadow-1\"  >\n\t\t\t\n\t\t\t\n\t<div id=\"text-3822830450\" class=\"text\">\n\t\t\n<h1>Safari privado en Tanzania<\/h1>\n\t\t\n<style>\n#text-3822830450 {\n  font-size: 1.2rem;\n  text-align: center;\n}\n@media (min-width:850px) {\n  #text-3822830450 {\n    font-size: 0.8rem;\n    text-align: left;\n  }\n}\n<\/style>\n\t<\/div>\n\t\n\t\t<\/div>\n\t\t\t\t\t<\/div>\n\n\t\n<\/div>\n\t\t<\/div>\n\n\t\t\n<style>\n#section_917379120 {\n  padding-top: 30px;\n  padding-bottom: 30px;\n  min-height: 600px;\n}\n#section_917379120 .section-bg-overlay {\n  background-color: rgba(170, 121, 69, 0);\n}\n#section_917379120 .section-bg img {\n  object-position: 61% 42%;\n}\n@media (min-width:550px) {\n  #section_917379120 {\n    padding-top: 80px;\n    padding-bottom: 80px;\n    min-height: 650px;\n  }\n}\n@media (min-width:850px) {\n  #section_917379120 {\n    min-height: 550px;\n  }\n}\n<\/style>\n\t<\/section>\n\t\n\n\t<section class=\"section\" id=\"section_1960308200\">\n\t\t<div class=\"section-bg fill\" >\n\t\t\t\t\t\t\t\t\t\n\t\t\t\n\n\t\t<\/div>\n\n\t\t\n\n\t\t<div class=\"section-content relative\">\n\t\t\t\n<div class=\"row row-small align-middle align-center\"  id=\"row-1184253140\">\n\n\t<div id=\"col-939091916\" class=\"col img-col small-12 large-12\"  >\n\t\t\t\t<div class=\"col-inner text-center\"  >\n\t\t\t\n\t\t\t\n\n<div class=\"reizen-grid row\">            <div class=\"col large-4 medium-6 reizen-grid-item\">\n                <a href=\"https:\/\/paradise-wilderness.com\/es\/viajes\/14-dias-lo-mejor-del-circuito-del-norte-y-zanzibar\/\" \n                class=\"reizen-image-box lazyload\" \n                style=\"background-image:inherit;\" data-bg-image=\"url(&#039;https:\/\/paradise-wilderness.com\/wp-content\/smush-webp\/Serengeti_National_Park_01.jpg.webp&#039;)\">\n                    \n                    <div class=\"reizen-image-box-overlay\"><\/div>\n                    <div class=\"reizen-image-box-content\">\n                        <h4 class=\"reizen-title\">14 d\u00edas | Lo mejor del circuito del norte y Zanz\u00edbar<\/h4>\n                    <\/div>\n                <\/a>\n            <\/div>\n                        <div class=\"col large-4 medium-6 reizen-grid-item\">\n                <a href=\"https:\/\/paradise-wilderness.com\/es\/viajes\/13-dias-circuito-norte-completo\/\" \n                class=\"reizen-image-box lazyload\" \n                style=\"background-image:inherit;\" data-bg-image=\"url(&#039;https:\/\/paradise-wilderness.com\/wp-content\/smush-webp\/32443112887_9b7910beaa_o-1-scaled.jpg.webp&#039;)\">\n                    \n                    <div class=\"reizen-image-box-overlay\"><\/div>\n                    <div class=\"reizen-image-box-content\">\n                        <h4 class=\"reizen-title\">13 d\u00edas | Circuito Norte Completo<\/h4>\n                    <\/div>\n                <\/a>\n            <\/div>\n                        <div class=\"col large-4 medium-6 reizen-grid-item\">\n                <a href=\"https:\/\/paradise-wilderness.com\/es\/viajes\/12-dias-circuito-norte-completo\/\" \n                class=\"reizen-image-box lazyload\" \n                style=\"background-image:inherit;\" data-bg-image=\"url(&#039;https:\/\/paradise-wilderness.com\/wp-content\/smush-webp\/47385159761_fd2222901e_o.jpg.webp&#039;)\">\n                    \n                    <div class=\"reizen-image-box-overlay\"><\/div>\n                    <div class=\"reizen-image-box-content\">\n                        <h4 class=\"reizen-title\">12 d\u00edas | Circuito Norte Completo<\/h4>\n                    <\/div>\n                <\/a>\n            <\/div>\n                        <div class=\"col large-4 medium-6 reizen-grid-item\">\n                <a href=\"https:\/\/paradise-wilderness.com\/es\/viajes\/11-dias-fauna-y-flora-y-playas-de-arena-blanca\/\" \n                class=\"reizen-image-box lazyload\" \n                style=\"background-image:inherit;\" data-bg-image=\"url(&#039;https:\/\/paradise-wilderness.com\/wp-content\/smush-webp\/52718291175_7c78b09810_o-scaled.jpg.webp&#039;)\">\n                    \n                    <div class=\"reizen-image-box-overlay\"><\/div>\n                    <div class=\"reizen-image-box-content\">\n                        <h4 class=\"reizen-title\">11 d\u00edas | Fauna y flora y playas de arena blanca<\/h4>\n                    <\/div>\n                <\/a>\n            <\/div>\n                        <div class=\"col large-4 medium-6 reizen-grid-item\">\n                <a href=\"https:\/\/paradise-wilderness.com\/es\/viajes\/11-dias-tanzania-increible\/\" \n                class=\"reizen-image-box lazyload\" \n                style=\"background-image:inherit;\" data-bg-image=\"url(&#039;https:\/\/paradise-wilderness.com\/wp-content\/smush-webp\/51712236007_10fd7d90fa_o-scaled.jpg.webp&#039;)\">\n                    \n                    <div class=\"reizen-image-box-overlay\"><\/div>\n                    <div class=\"reizen-image-box-content\">\n                        <h4 class=\"reizen-title\">11 d\u00edas | Tanzania incre\u00edble<\/h4>\n                    <\/div>\n                <\/a>\n            <\/div>\n                        <div class=\"col large-4 medium-6 reizen-grid-item\">\n                <a href=\"https:\/\/paradise-wilderness.com\/es\/viajes\/11-dias-clasicos-de-tanzania\/\" \n                class=\"reizen-image-box lazyload\" \n                style=\"background-image:inherit;\" data-bg-image=\"url(&#039;https:\/\/paradise-wilderness.com\/wp-content\/smush-webp\/52880041525_dbaa618d3b_o-scaled.jpg.webp&#039;)\">\n                    \n                    <div class=\"reizen-image-box-overlay\"><\/div>\n                    <div class=\"reizen-image-box-content\">\n                        <h4 class=\"reizen-title\">11 d\u00edas | Cl\u00e1sicos de Tanzania<\/h4>\n                    <\/div>\n                <\/a>\n            <\/div>\n            <\/div>\n\n\t\t<\/div>\n\t\t\t\t\n<style>\n#col-939091916 > .col-inner {\n  margin: -50px 0px 0px 0px;\n}\n<\/style>\n\t<\/div>\n\n\t\n\n\t<div id=\"col-1286746779\" class=\"col small-12 large-12\"  >\n\t\t\t\t<div class=\"col-inner text-center\"  >\n\t\t\t\n\t\t\t\n<a href=\"\/es\/viajes\/\" class=\"button secondary is-link lowercase\" >\n\t\t<span>Ver todos los tours<\/span>\n\t<\/a>\n\n\t\t<\/div>\n\t\t\t\t\t<\/div>\n\n\t\n<\/div>\n\t<div id=\"gap-1382410054\" class=\"gap-element clearfix\" style=\"display:block; height:auto;\">\n\t\t\n<style>\n#gap-1382410054 {\n  padding-top: 60px;\n}\n@media (min-width:550px) {\n  #gap-1382410054 {\n    padding-top: 80px;\n  }\n}\n@media (min-width:850px) {\n  #gap-1382410054 {\n    padding-top: 60px;\n  }\n}\n<\/style>\n\t<\/div>\n\t\n<div class=\"row row-collapse row-full-width align-equal\"  id=\"row-1837851487\">\n\n\t<div id=\"col-1503915871\" class=\"col img-col medium-5 small-12 large-5\"  >\n\t\t\t\t<div class=\"col-inner\"  >\n\t\t\t\n\t\t\t\n\t<div class=\"img has-hover x md-x lg-x y md-y lg-y\" id=\"image_271906625\">\n\t\t\t\t\t\t\t\t<div class=\"img-inner dark\" style=\"margin:0px 0px 0px -25px;\">\n\t\t\t<img decoding=\"async\" width=\"2560\" height=\"1707\" data-src=\"https:\/\/paradise-wilderness.com\/wp-content\/smush-webp\/Bird-watch-Manyara-shutterstock_1015940902-scaled.jpg.webp\" class=\"attachment-original size-original lazyload\" alt=\"\" data-srcset=\"https:\/\/paradise-wilderness.com\/wp-content\/smush-webp\/Bird-watch-Manyara-shutterstock_1015940902-scaled.jpg.webp 2560w, https:\/\/paradise-wilderness.com\/wp-content\/smush-webp\/Bird-watch-Manyara-shutterstock_1015940902-600x400.jpg.webp 600w, https:\/\/paradise-wilderness.com\/wp-content\/smush-webp\/Bird-watch-Manyara-shutterstock_1015940902-1024x683.jpg.webp 1024w, https:\/\/paradise-wilderness.com\/wp-content\/smush-webp\/Bird-watch-Manyara-shutterstock_1015940902-768x512.jpg.webp 768w, https:\/\/paradise-wilderness.com\/wp-content\/smush-webp\/Bird-watch-Manyara-shutterstock_1015940902-1536x1024.jpg.webp 1536w, https:\/\/paradise-wilderness.com\/wp-content\/smush-webp\/Bird-watch-Manyara-shutterstock_1015940902-2048x1365.jpg.webp 2048w\" data-sizes=\"(max-width: 2560px) 100vw, 2560px\" src=\"data:image\/svg+xml;base64,PHN2ZyB3aWR0aD0iMSIgaGVpZ2h0PSIxIiB4bWxucz0iaHR0cDovL3d3dy53My5vcmcvMjAwMC9zdmciPjwvc3ZnPg==\" style=\"--smush-placeholder-width: 2560px; --smush-placeholder-aspect-ratio: 2560\/1707;\" \/>\t\t\t\t\t\t\n\t\t\t\t\t<\/div>\n\t\t\t\t\t\t\t\t\n<style>\n#image_271906625 {\n  width: 93%;\n}\n@media (min-width:550px) {\n  #image_271906625 {\n    width: 100%;\n  }\n}\n<\/style>\n\t<\/div>\n\t\n\t\t<\/div>\n\t\t\t\t\t<\/div>\n\n\t\n\n\t<div id=\"col-417849770\" class=\"col medium-7 small-12 large-7\"  >\n\t\t\t\t<div class=\"col-inner\"  >\n\t\t\t\n\t\t\t\n\n\n\n<h2>Viva Tanzania a su manera con un safari privado<\/h2>\n<p>\u00bfSue\u00f1a con un safari privado en el que usted y su grupo puedan explorar la naturaleza salvaje de Tanzania? En Paradise and Wilderness le ofrecemos a usted y a sus compa\u00f1eros de viaje la oportunidad de vivir la naturaleza tanzana de una manera exclusiva y personal. Mientras viaja a trav\u00e9s de los impresionantes paisajes en su jeep privado, tambi\u00e9n disfrutar\u00e1 de momentos inolvidables juntos. Su gu\u00eda personal le llevar\u00e1 en busca de los cinco grandes y le mostrar\u00e1 los magn\u00edficos lugares de inter\u00e9s de la gran migraci\u00f3n.    <\/p>\n<p>P\u00f3ngase en contacto para obtener un itinerario personalizado elaborado por nuestra empleada holandesa. Ella estar\u00e1 encantada de discutir sus necesidades y deseos. Bas\u00e1ndose en esta informaci\u00f3n, puede crear un itinerario a medida para su safari.<\/p>\n<a href=\"#request-advice\" class=\"button primary lowercase\" style=\"border-radius:99px;\">\n\t\t<span>Solicitar safari privado<\/span>\n\t<\/a>\n\n\t\t<\/div>\n\t\t\t\t\n<style>\n#col-417849770 > .col-inner {\n  padding: 5% 5% 5% 5%;\n  max-width: 790px;\n}\n@media (min-width:550px) {\n  #col-417849770 > .col-inner {\n    padding: 5% 5% 5% 10%;\n  }\n}\n<\/style>\n\t<\/div>\n\n\t\n<\/div>\n\t<div id=\"gap-449484642\" class=\"gap-element clearfix\" style=\"display:block; height:auto;\">\n\t\t\n<style>\n#gap-449484642 {\n  padding-top: 60px;\n}\n<\/style>\n\t<\/div>\n\t\n<div class=\"row\"  id=\"row-1332842649\">\n\n\t<div id=\"col-1086871424\" class=\"col small-12 large-12\"  >\n\t\t\t\t<div class=\"col-inner\"  >\n\t\t\t\n\t\t\t\n\n\n\n\t\t<\/div>\n\t\t\t\t\t<\/div>\n\n\t\n<\/div>\n\t<div id=\"gap-17886785\" class=\"gap-element clearfix\" style=\"display:block; height:auto;\">\n\t\t\n<style>\n#gap-17886785 {\n  padding-top: 60px;\n}\n<\/style>\n\t<\/div>\n\t\n<div class=\"row row-collapse row-full-width align-equal\"  id=\"row-1839708138\">\n\n\t<div id=\"col-440983914\" class=\"col medium-7 small-12 large-7\"  >\n\t\t\t\t<div class=\"col-inner\"  >\n\t\t\t\n\t\t\t\n<h2>Tanzania: el coraz\u00f3n de la naturaleza salvaje africana<\/h2>\n<p>Tanzania es el destino de safari de \u00c1frica, es un pa\u00eds con hermosos paisajes y mucha diversidad. Desde las interminables llanuras de <g id=\"gid_0\"><g id=\"gid_1\">Serengeti<\/g><\/g>, donde millones de \u00f1us y cebras deambulan durante la gran migraci\u00f3n, hasta el mundialmente famoso <g id=\"gid_2\"><g id=\"gid_3\">cr\u00e1ter del Ngorongoro<\/g><\/g>, donde deambula el raro rinoceronte negro. &#8211; Tanzania es el pa\u00eds ideal para su safari.   <\/p>\n<p>Adem\u00e1s de una naturaleza impresionante, Tanzania ofrece mucho m\u00e1s. Porque tambi\u00e9n es un pa\u00eds lleno de cultura y hospitalidad. Durante su safari privado, no solo conocer\u00e1 al rey de la selva, sino tambi\u00e9n a las tribus ind\u00edgenas y sus tradiciones. Por ejemplo, visite un pueblo Maasai y aprenda sobre sus antiguas tradiciones y forma de vida. Tambi\u00e9n visitar\u00e1 los mercados locales y degustar\u00e1 los sabores de las diferentes tribus. De esta manera, realmente se adentrar\u00e1 en la vida tradicional de Tanzania.      <\/p>\n<p>Adem\u00e1s de culturas y parques nacionales, Tanzania alberga otro poderoso hito. La monta\u00f1a independiente m\u00e1s alta del mundo y el techo de \u00c1frica: el monte <g id=\"gid_0\"><g id=\"gid_1\">Kilimanjaro<\/g><\/g>. Aunque no necesariamente escalar\u00e1 la monta\u00f1a durante su safari, la vista donde esta poderosa monta\u00f1a est\u00e1 a la vista es bastante espectacular.<\/p>\n\t\t<\/div>\n\t\t\t\t\n<style>\n#col-440983914 > .col-inner {\n  padding: 5% 5% 5% 5%;\n  max-width: 790px;\n}\n@media (min-width:550px) {\n  #col-440983914 > .col-inner {\n    padding: 5% 10% 5% 5%;\n  }\n}\n<\/style>\n\t<\/div>\n\n\t\n\n\t<div id=\"col-1002077694\" class=\"col img-col medium-5 small-12 large-5 small-col-first\"  >\n\t\t\t\t<div class=\"col-inner\"  >\n\t\t\t\n\t\t\t\n\t<div class=\"img has-hover x md-x lg-x y md-y lg-y\" id=\"image_1217025624\">\n\t\t\t\t\t\t\t\t<div class=\"img-inner dark\" style=\"margin:0px -25px 0px 0px;\">\n\t\t\t<img decoding=\"async\" width=\"2560\" height=\"1440\" data-src=\"https:\/\/paradise-wilderness.com\/wp-content\/smush-webp\/51266199064_274f2d6182_o-scaled.jpg.webp\" class=\"attachment-original size-original lazyload\" alt=\"\" data-srcset=\"https:\/\/paradise-wilderness.com\/wp-content\/smush-webp\/51266199064_274f2d6182_o-scaled.jpg.webp 2560w, https:\/\/paradise-wilderness.com\/wp-content\/smush-webp\/51266199064_274f2d6182_o-600x338.jpg.webp 600w, https:\/\/paradise-wilderness.com\/wp-content\/smush-webp\/51266199064_274f2d6182_o-1024x576.jpg.webp 1024w, https:\/\/paradise-wilderness.com\/wp-content\/smush-webp\/51266199064_274f2d6182_o-768x432.jpg.webp 768w, https:\/\/paradise-wilderness.com\/wp-content\/smush-webp\/51266199064_274f2d6182_o-1536x864.jpg.webp 1536w, https:\/\/paradise-wilderness.com\/wp-content\/smush-webp\/51266199064_274f2d6182_o-2048x1152.jpg.webp 2048w\" data-sizes=\"(max-width: 2560px) 100vw, 2560px\" src=\"data:image\/svg+xml;base64,PHN2ZyB3aWR0aD0iMSIgaGVpZ2h0PSIxIiB4bWxucz0iaHR0cDovL3d3dy53My5vcmcvMjAwMC9zdmciPjwvc3ZnPg==\" style=\"--smush-placeholder-width: 2560px; --smush-placeholder-aspect-ratio: 2560\/1440;\" \/>\t\t\t\t\t\t\n\t\t\t\t\t<\/div>\n\t\t\t\t\t\t\t\t\n<style>\n#image_1217025624 {\n  width: 95%;\n}\n@media (min-width:550px) {\n  #image_1217025624 {\n    width: 100%;\n  }\n}\n<\/style>\n\t<\/div>\n\t\n\t\t<\/div>\n\t\t\t\t\n<style>\n#col-1002077694 > .col-inner {\n  margin: 0px 0px 0px 25px;\n}\n@media (min-width:550px) {\n  #col-1002077694 > .col-inner {\n    margin: 0px 0px 0px 0px;\n  }\n}\n@media (min-width:850px) {\n  #col-1002077694 > .col-inner {\n    margin: 0px 0px 0px 0px;\n  }\n}\n<\/style>\n\t<\/div>\n\n\t\n<\/div>\n\t<div id=\"gap-362804146\" class=\"gap-element clearfix\" style=\"display:block; height:auto;\">\n\t\t\n<style>\n#gap-362804146 {\n  padding-top: 60px;\n}\n<\/style>\n\t<\/div>\n\t\n<div class=\"row row-collapse row-full-width align-equal\"  id=\"row-332780264\">\n\n\t<div id=\"col-259522109\" class=\"col img-col medium-5 small-12 large-5\"  >\n\t\t\t\t<div class=\"col-inner\"  >\n\t\t\t\n\t\t\t\n\t<div class=\"img has-hover x md-x lg-x y md-y lg-y\" id=\"image_1075059697\">\n\t\t\t\t\t\t\t\t<div class=\"img-inner dark\" style=\"margin:0px 0px 0px -25px;\">\n\t\t\t<img decoding=\"async\" width=\"2560\" height=\"1920\" data-src=\"https:\/\/paradise-wilderness.com\/wp-content\/smush-webp\/52899217284_016f5369f4_5k-1-scaled.jpg.webp\" class=\"attachment-original size-original lazyload\" alt=\"\" data-srcset=\"https:\/\/paradise-wilderness.com\/wp-content\/smush-webp\/52899217284_016f5369f4_5k-1-scaled.jpg.webp 2560w, https:\/\/paradise-wilderness.com\/wp-content\/smush-webp\/52899217284_016f5369f4_5k-1-600x450.jpg.webp 600w, https:\/\/paradise-wilderness.com\/wp-content\/smush-webp\/52899217284_016f5369f4_5k-1-1024x768.jpg.webp 1024w, https:\/\/paradise-wilderness.com\/wp-content\/smush-webp\/52899217284_016f5369f4_5k-1-768x576.jpg.webp 768w, https:\/\/paradise-wilderness.com\/wp-content\/smush-webp\/52899217284_016f5369f4_5k-1-1536x1152.jpg.webp 1536w, https:\/\/paradise-wilderness.com\/wp-content\/smush-webp\/52899217284_016f5369f4_5k-1-2048x1536.jpg.webp 2048w\" data-sizes=\"(max-width: 2560px) 100vw, 2560px\" src=\"data:image\/svg+xml;base64,PHN2ZyB3aWR0aD0iMSIgaGVpZ2h0PSIxIiB4bWxucz0iaHR0cDovL3d3dy53My5vcmcvMjAwMC9zdmciPjwvc3ZnPg==\" style=\"--smush-placeholder-width: 2560px; --smush-placeholder-aspect-ratio: 2560\/1920;\" \/>\t\t\t\t\t\t\n\t\t\t\t\t<\/div>\n\t\t\t\t\t\t\t\t\n<style>\n#image_1075059697 {\n  width: 93%;\n}\n@media (min-width:550px) {\n  #image_1075059697 {\n    width: 100%;\n  }\n}\n<\/style>\n\t<\/div>\n\t\n\t\t<\/div>\n\t\t\t\t\t<\/div>\n\n\t\n\n\t<div id=\"col-133668159\" class=\"col medium-7 small-12 large-7\"  >\n\t\t\t\t<div class=\"col-inner\"  >\n\t\t\t\n\t\t\t\n<h2>\u00bfPor qu\u00e9 elegir un safari privado en Tanzania?<\/h2>\n<p>Un safari privado en Tanzania le ofrece a usted y a su grupo el equilibrio perfecto entre libertad y comodidad. Tiene el lujo de viajar en su propio jeep privado sin tener que compartirlo con otros. Tambi\u00e9n tendr\u00e1 su propio gu\u00eda que le contar\u00e1 apasionadamente todo lo que Tanzania tiene para ofrecer. Estos gu\u00edas tambi\u00e9n est\u00e1n felices de llevarlo a las gemas ocultas del safari. Aunque las rutas a menudo se trazan de antemano, su gu\u00eda a veces las adapta si es necesario.     <\/p>\n<p>Sin embargo, es importante tener en cuenta que no tiene influencia sobre otros turistas que tambi\u00e9n se encuentran en los parques nacionales. Es posible que a\u00fan se encuentre con otros viajeros, pero al menos con un safari privado evita las multitudes en su propio veh\u00edculo.<\/p>\n\t\t<\/div>\n\t\t\t\t\n<style>\n#col-133668159 > .col-inner {\n  padding: 5% 5% 5% 5%;\n  max-width: 790px;\n}\n@media (min-width:550px) {\n  #col-133668159 > .col-inner {\n    padding: 5% 5% 5% 10%;\n  }\n}\n<\/style>\n\t<\/div>\n\n\t\n<\/div>\n\t<div id=\"gap-362587291\" class=\"gap-element clearfix\" style=\"display:block; height:auto;\">\n\t\t\n<style>\n#gap-362587291 {\n  padding-top: 60px;\n}\n<\/style>\n\t<\/div>\n\t\n<div class=\"row align-middle\"  id=\"row-2126099637\">\n\n\t<div id=\"col-655488540\" class=\"col medium-6 small-12 large-6\"  >\n\t\t\t\t<div class=\"col-inner\"  >\n\t\t\t\n\t\t\t\n<h2>\u00a1Organice su safari privado!<\/h2>\n<p>\u00bfEst\u00e1 listo para explorar Tanzania en su safari privado? No espere m\u00e1s y p\u00f3ngase en contacto con nosotros hoy mismo. H\u00e1ganos saber cu\u00e1les son sus deseos y necesidades, y nos aseguraremos de que su safari privado se organice a la perfecci\u00f3n.<\/p>\n<a href=\"#request-advice\" class=\"button primary lowercase\" style=\"border-radius:99px;\">\n\t\t<span>Solicitar safari privado<\/span>\n\t<\/a>\n\n\t\t<\/div>\n\t\t\t\t\n<style>\n#col-655488540 > .col-inner {\n  padding: 5% 5% 5% 5%;\n}\n<\/style>\n\t<\/div>\n\n\t\n\n\t<div id=\"col-1793786255\" class=\"col medium-6 small-12 large-6 small-col-first\"  >\n\t\t\t\t<div class=\"col-inner\"  >\n\t\t\t\n\t\t\t\n\t<div class=\"img has-hover x md-x lg-x y md-y lg-y\" id=\"image_1238656294\">\n\t\t\t\t\t\t\t\t<div class=\"img-inner image-cover dark\" style=\"padding-top:75%;\">\n\t\t\t<img decoding=\"async\" width=\"800\" height=\"428\" data-src=\"https:\/\/paradise-wilderness.com\/wp-content\/smush-webp\/ASS-Wild-dogs-playing.jpg.webp\" class=\"attachment-large size-large lazyload\" alt=\"\" data-srcset=\"https:\/\/paradise-wilderness.com\/wp-content\/smush-webp\/ASS-Wild-dogs-playing.jpg.webp 800w, https:\/\/paradise-wilderness.com\/wp-content\/smush-webp\/ASS-Wild-dogs-playing-600x321.jpg.webp 600w, https:\/\/paradise-wilderness.com\/wp-content\/smush-webp\/ASS-Wild-dogs-playing-768x411.jpg.webp 768w\" data-sizes=\"(max-width: 800px) 100vw, 800px\" src=\"data:image\/svg+xml;base64,PHN2ZyB3aWR0aD0iMSIgaGVpZ2h0PSIxIiB4bWxucz0iaHR0cDovL3d3dy53My5vcmcvMjAwMC9zdmciPjwvc3ZnPg==\" style=\"--smush-placeholder-width: 800px; --smush-placeholder-aspect-ratio: 800\/428;\" \/>\t\t\t\t\t\t\n\t\t\t\t\t<\/div>\n\t\t\t\t\t\t\t\t\n<style>\n#image_1238656294 {\n  width: 93%;\n}\n@media (min-width:550px) {\n  #image_1238656294 {\n    width: 100%;\n  }\n}\n<\/style>\n\t<\/div>\n\t\n\t\t<\/div>\n\t\t\t\t\t<\/div>\n\n\t\n<\/div>\n\t\t<\/div>\n\n\t\t\n<style>\n#section_1960308200 {\n  padding-top: 30px;\n  padding-bottom: 30px;\n}\n<\/style>\n\t<\/section>\n\t\n","protected":false},"excerpt":{"rendered":"","protected":false},"author":1,"featured_media":15442,"parent":0,"menu_order":0,"comment_status":"closed","ping_status":"closed","template":"","meta":{"_acf_changed":false,"content-type":"","footnotes":""},"class_list":["post-15439","page","type-page","status-publish","has-post-thumbnail","hentry"],"acf":[],"_links":{"self":[{"href":"https:\/\/paradise-wilderness.com\/es\/wp-json\/wp\/v2\/pages\/15439","targetHints":{"allow":["GET"]}}],"collection":[{"href":"https:\/\/paradise-wilderness.com\/es\/wp-json\/wp\/v2\/pages"}],"about":[{"href":"https:\/\/paradise-wilderness.com\/es\/wp-json\/wp\/v2\/types\/page"}],"author":[{"embeddable":true,"href":"https:\/\/paradise-wilderness.com\/es\/wp-json\/wp\/v2\/users\/1"}],"replies":[{"embeddable":true,"href":"https:\/\/paradise-wilderness.com\/es\/wp-json\/wp\/v2\/comments?post=15439"}],"version-history":[{"count":13,"href":"https:\/\/paradise-wilderness.com\/es\/wp-json\/wp\/v2\/pages\/15439\/revisions"}],"predecessor-version":[{"id":18661,"href":"https:\/\/paradise-wilderness.com\/es\/wp-json\/wp\/v2\/pages\/15439\/revisions\/18661"}],"wp:featuredmedia":[{"embeddable":true,"href":"https:\/\/paradise-wilderness.com\/es\/wp-json\/wp\/v2\/media\/15442"}],"wp:attachment":[{"href":"https:\/\/paradise-wilderness.com\/es\/wp-json\/wp\/v2\/media?parent=15439"}],"curies":[{"name":"wp","href":"https:\/\/api.w.org\/{rel}","templated":true}]}}