{"id":16647,"date":"2025-06-06T07:16:31","date_gmt":"2025-06-06T05:16:31","guid":{"rendered":"https:\/\/paradise-wilderness.com\/acerca-de-nosotros\/"},"modified":"2025-11-18T11:40:21","modified_gmt":"2025-11-18T09:40:21","slug":"acerca-de-nosotros","status":"publish","type":"page","link":"https:\/\/paradise-wilderness.com\/es\/acerca-de-nosotros\/","title":{"rendered":"Acerca de nosotros"},"content":{"rendered":"\n\t<section class=\"section video-section content-bottom dark\" id=\"section_349430677\">\n\t\t<div class=\"section-bg fill\" >\n\t\t\t<img decoding=\"async\" width=\"2560\" height=\"1441\" data-src=\"https:\/\/paradise-wilderness.com\/wp-content\/smush-webp\/Header-Over-Ons-scaled.jpg.webp\" class=\"bg attachment-original size-original lazyload\" alt=\"\" src=\"data:image\/svg+xml;base64,PHN2ZyB3aWR0aD0iMSIgaGVpZ2h0PSIxIiB4bWxucz0iaHR0cDovL3d3dy53My5vcmcvMjAwMC9zdmciPjwvc3ZnPg==\" style=\"--smush-placeholder-width: 2560px; --smush-placeholder-aspect-ratio: 2560\/1441;\" \/>\t\t\t\t\t\t<div class=\"section-bg-overlay absolute fill\"><\/div>\n\t\t\t\n\n\t\t<\/div>\n\n\t\t\n\n\t\t<div class=\"section-content relative\">\n\t\t\t\n<div class=\"row\"  id=\"row-30944862\">\n\n\t<div id=\"col-839858433\" class=\"col medium-12 small-12 large-9\"  >\n\t\t\t\t<div class=\"col-inner text-shadow-1\"  >\n\t\t\t\n\t\t\t\n\t<div id=\"text-3962218471\" class=\"text\">\n\t\t\n<h1>Conozca Paradise &amp; wilderness<\/h1>\n\t\t\n<style>\n#text-3962218471 {\n  font-size: 1.2rem;\n  text-align: center;\n}\n@media (min-width:850px) {\n  #text-3962218471 {\n    font-size: 0.8rem;\n    text-align: left;\n  }\n}\n<\/style>\n\t<\/div>\n\t\n\t\t<\/div>\n\t\t\t\t\t<\/div>\n\n\t\n<\/div>\n\t\t<\/div>\n\n\t\t\n<style>\n#section_349430677 {\n  padding-top: 30px;\n  padding-bottom: 30px;\n  min-height: 600px;\n}\n#section_349430677 .section-bg-overlay {\n  background-color: rgba(170, 121, 69, 0);\n}\n#section_349430677 .section-bg img {\n  object-position: 52% 53%;\n}\n@media (min-width:550px) {\n  #section_349430677 {\n    padding-top: 80px;\n    padding-bottom: 80px;\n    min-height: 650px;\n  }\n}\n@media (min-width:850px) {\n  #section_349430677 {\n    min-height: 550px;\n  }\n}\n<\/style>\n\t<\/section>\n\t\n\n\t<section class=\"section\" id=\"section_744474679\">\n\t\t<div class=\"section-bg fill\" >\n\t\t\t\t\t\t\t\t\t\n\t\t\t\n\n\t\t<\/div>\n\n\t\t\n\n\t\t<div class=\"section-content relative\">\n\t\t\t\n\t<div id=\"gap-875806126\" class=\"gap-element clearfix\" style=\"display:block; height:auto;\">\n\t\t\n<style>\n#gap-875806126 {\n  padding-top: 60px;\n}\n@media (min-width:550px) {\n  #gap-875806126 {\n    padding-top: 80px;\n  }\n}\n@media (min-width:850px) {\n  #gap-875806126 {\n    padding-top: 100px;\n  }\n}\n<\/style>\n\t<\/div>\n\t\n<div class=\"row\"  id=\"row-1314125227\">\n\n\t<div id=\"col-1561558230\" class=\"col small-12 large-12\"  >\n\t\t\t\t<div class=\"col-inner\"  >\n\t\t\t\n\t\t\t\n\n\n\n\t\t<\/div>\n\t\t\t\t\t<\/div>\n\n\t\n<\/div>\n<div class=\"row row-collapse row-full-width align-middle\"  id=\"row-1975684914\">\n\n\t<div id=\"col-2091551940\" class=\"col img-col medium-5 small-12 large-5\"  >\n\t\t\t\t<div class=\"col-inner\"  >\n\t\t\t\n\t\t\t\n\t<div class=\"img has-hover x md-x lg-x y md-y lg-y\" id=\"image_739918973\">\n\t\t\t\t\t\t\t\t<div class=\"img-inner image-cover dark\" style=\"padding-top:100%;margin:0px 0px 0px -25px;\">\n\t\t\t<img decoding=\"async\" width=\"1020\" height=\"680\" data-src=\"https:\/\/paradise-wilderness.com\/wp-content\/uploads\/Familie-Schoonvelde-2-scaled-1-1.webp\" class=\"attachment-large size-large lazyload\" alt=\"\" data-srcset=\"https:\/\/paradise-wilderness.com\/wp-content\/uploads\/Familie-Schoonvelde-2-scaled-1-1.webp 2560w, https:\/\/paradise-wilderness.com\/wp-content\/uploads\/Familie-Schoonvelde-2-scaled-1-1-600x400.webp 600w, https:\/\/paradise-wilderness.com\/wp-content\/uploads\/Familie-Schoonvelde-2-scaled-1-1-768x512.webp 768w, https:\/\/paradise-wilderness.com\/wp-content\/uploads\/Familie-Schoonvelde-2-scaled-1-1-1536x1024.webp 1536w, https:\/\/paradise-wilderness.com\/wp-content\/uploads\/Familie-Schoonvelde-2-scaled-1-1-2048x1365.webp 2048w\" data-sizes=\"(max-width: 1020px) 100vw, 1020px\" src=\"data:image\/svg+xml;base64,PHN2ZyB3aWR0aD0iMSIgaGVpZ2h0PSIxIiB4bWxucz0iaHR0cDovL3d3dy53My5vcmcvMjAwMC9zdmciPjwvc3ZnPg==\" style=\"--smush-placeholder-width: 1020px; --smush-placeholder-aspect-ratio: 1020\/680;\" \/>\t\t\t\t\t\t\n\t\t\t\t\t<\/div>\n\t\t\t\t\t\t\t\t\n<style>\n#image_739918973 {\n  width: 93%;\n}\n@media (min-width:550px) {\n  #image_739918973 {\n    width: 100%;\n  }\n}\n<\/style>\n\t<\/div>\n\t\n\t\t<\/div>\n\t\t\t\t\t<\/div>\n\n\t\n\n\t<div id=\"col-2066856201\" class=\"col medium-7 small-12 large-7\"  >\n\t\t\t\t<div class=\"col-inner\"  >\n\t\t\t\n\t\t\t\n<h2>Nuestro sue\u00f1o<\/h2>\n<p>\u00bfSiente curiosidad por la belleza y la riqueza del m\u00e1gico pa\u00eds de Tanzania? Entonces ha llegado al lugar correcto, \u00a1porque Tanzania es nuestro hogar! La tierra del Kilimanjaro, Zanz\u00edbar y los mundialmente famosos parques nacionales de safari.   <\/p>\n<p>Somos expertos en safaris por Tanzania y especialistas en vacaciones en Zanz\u00edbar. Todo gestionado por el propietario holand\u00e9s Bert Schoonvelde. Hace a\u00f1os vino a Zanz\u00edbar de vacaciones y se enamor\u00f3 de este hermoso lugar.   <\/p>\n<p>La combinaci\u00f3n de cultura, incre\u00edbles playas de arena blanca y las mayores reservas de caza de \u00c1frica hacen que Tanzania sea \u00fanica. \u00abMis vacaciones en Tanzania fueron demasiado cortas para conocer este m\u00e1gico pa\u00eds, as\u00ed que me qued\u00e9 e hice de mi sue\u00f1o mi trabajo\u00bb, dijo Bert Schoonvelde.  <\/p>\n<p>\u00a1Karibu (bienvenido)!<\/p>\n\t\t<\/div>\n\t\t\t\t\n<style>\n#col-2066856201 > .col-inner {\n  padding: 5% 5% 5% 5%;\n  max-width: 790px;\n}\n@media (min-width:550px) {\n  #col-2066856201 > .col-inner {\n    padding: 5% 5% 5% 10%;\n  }\n}\n<\/style>\n\t<\/div>\n\n\t\n<\/div>\n\t<div id=\"gap-85165357\" class=\"gap-element clearfix\" style=\"display:block; height:auto;\">\n\t\t\n<style>\n#gap-85165357 {\n  padding-top: 60px;\n}\n@media (min-width:550px) {\n  #gap-85165357 {\n    padding-top: 60px;\n  }\n}\n@media (min-width:850px) {\n  #gap-85165357 {\n    padding-top: 60px;\n  }\n}\n<\/style>\n\t<\/div>\n\t\n<div class=\"row align-center\"  id=\"row-373918918\">\n\n\t<div id=\"col-488978101\" class=\"col medium-11 small-12 large-10\"  >\n\t\t\t\t<div class=\"col-inner text-left\"  >\n\t\t\t\n\t\t\t\n<h2>Esto es lo que representamos<\/h2>\n<p>Nuestra visi\u00f3n es crear experiencias inolvidables para usted como nuestro hu\u00e9sped. Queremos garantizar su satisfacci\u00f3n durante su estancia en uno de nuestros c\u00f3modos alojamientos en Tanzania y en Zanz\u00edbar. Queremos superar sus expectativas, con cada detalle cuidadosamente elaborado por nosotros.   <\/p>\n<p>Desde el momento en que llega hasta el momento en que se marcha, nos esforzamos por ofrecerle un programa completo que abarque todos los aspectos de unas vacaciones de ensue\u00f1o en Tanzania y en Zanz\u00edbar. Ya sea descubriendo la vida salvaje en un extraordinario safari, relaj\u00e1ndose en las playas de arena blanca de Zanz\u00edbar o sumergi\u00e9ndose en la vibrante cultura local. Puede esperar nada menos que un recorrido excepcional e inolvidable con nosotros.  <\/p>\n\t\t<\/div>\n\t\t\t\t\t<\/div>\n\n\t\n<\/div>\n\t<div id=\"gap-1808959057\" class=\"gap-element clearfix\" style=\"display:block; height:auto;\">\n\t\t\n<style>\n#gap-1808959057 {\n  padding-top: 60px;\n}\n@media (min-width:550px) {\n  #gap-1808959057 {\n    padding-top: 60px;\n  }\n}\n@media (min-width:850px) {\n  #gap-1808959057 {\n    padding-top: 60px;\n  }\n}\n<\/style>\n\t<\/div>\n\t\n<div class=\"row row-collapse row-full-width align-middle\"  id=\"row-1513829786\">\n\n\t<div id=\"col-1056470438\" class=\"col medium-7 small-12 large-7\"  >\n\t\t\t\t<div class=\"col-inner\"  >\n\t\t\t\n\t\t\t\n<h2>Conozca a Anouk<\/h2>\n<p>Bajar del avi\u00f3n, oler el aroma espec\u00edfico y pensar: \u00ab\u00a1S\u00ed, estoy en casa de nuevo!\u00bb. Experimento esa sensaci\u00f3n una y otra vez cuando viajo a este pa\u00eds especial (huevo). Despu\u00e9s de varios viajes maravillosos por \u00c1frica Oriental y de haber tenido la oportunidad de vivir en Tanzania y en Zanz\u00edbar durante casi dos a\u00f1os, realmente he encontrado mi pasi\u00f3n en el trabajo. Entusiasmar a todo el mundo para que viaje a Tanzania y Zanz\u00edbar y se deje encantar por la combinaci\u00f3n \u00fanica que este pa\u00eds tiene para ofrecer.    <\/p>\n<p>La emoci\u00f3n de avistar la vida salvaje, la paz que se experimenta en la naturaleza virgen y el m\u00e1ximo disfrute de las playas de arena blanca de Zanz\u00edbar. \u00bfT\u00f3pico? \u00a1Absolutamente! \u00bfExagerado? \u00a1En absoluto! Vaya all\u00ed y compru\u00e9belo usted mismo. Ver\u00e1 que no he mentido ni una palabra.       <\/p>\n<p>Me llamo Anouk Arts, consultora de playas y safaris en Paradise &amp; Wilderness. Me gusta escuchar sus deseos y estoy encantada de trabajar con usted para organizar el viaje de ida y vuelta ideal. \u00a1Safari Njema (Buen viaje)!  <\/p>\n\t\t<\/div>\n\t\t\t\t\n<style>\n#col-1056470438 > .col-inner {\n  padding: 5% 5% 5% 5%;\n  max-width: 790px;\n}\n@media (min-width:550px) {\n  #col-1056470438 > .col-inner {\n    padding: 5% 10% 5% 5%;\n  }\n}\n<\/style>\n\t<\/div>\n\n\t\n\n\t<div id=\"col-1368461039\" class=\"col img-col medium-5 small-12 large-5 small-col-first\"  >\n\t\t\t\t<div class=\"col-inner\"  >\n\t\t\t\n\t\t\t\n\t<div class=\"img has-hover x md-x lg-x y md-y lg-y\" id=\"image_1612846290\">\n\t\t\t\t\t\t\t\t<div class=\"img-inner image-cover dark\" style=\"padding-top:100%;margin:0px -25px 0px 0px;\">\n\t\t\t<img decoding=\"async\" width=\"2247\" height=\"2560\" data-src=\"https:\/\/paradise-wilderness.com\/wp-content\/smush-webp\/Anouk_Arts-scaled.jpg.webp\" class=\"attachment-original size-original lazyload\" alt=\"\" data-srcset=\"https:\/\/paradise-wilderness.com\/wp-content\/smush-webp\/Anouk_Arts-scaled.jpg.webp 2247w, https:\/\/paradise-wilderness.com\/wp-content\/smush-webp\/Anouk_Arts-527x600.jpg.webp 527w, https:\/\/paradise-wilderness.com\/wp-content\/smush-webp\/Anouk_Arts-899x1024.jpg.webp 899w, https:\/\/paradise-wilderness.com\/wp-content\/smush-webp\/Anouk_Arts-768x875.jpg.webp 768w, https:\/\/paradise-wilderness.com\/wp-content\/smush-webp\/Anouk_Arts-1348x1536.jpg.webp 1348w, https:\/\/paradise-wilderness.com\/wp-content\/smush-webp\/Anouk_Arts-1798x2048.jpg.webp 1798w\" data-sizes=\"(max-width: 2247px) 100vw, 2247px\" src=\"data:image\/svg+xml;base64,PHN2ZyB3aWR0aD0iMSIgaGVpZ2h0PSIxIiB4bWxucz0iaHR0cDovL3d3dy53My5vcmcvMjAwMC9zdmciPjwvc3ZnPg==\" style=\"--smush-placeholder-width: 2247px; --smush-placeholder-aspect-ratio: 2247\/2560;\" \/>\t\t\t\t\t\t\n\t\t\t\t\t<\/div>\n\t\t\t\t\t\t\t\t\n<style>\n#image_1612846290 {\n  width: 95%;\n}\n@media (min-width:550px) {\n  #image_1612846290 {\n    width: 100%;\n  }\n}\n<\/style>\n\t<\/div>\n\t\n\t\t<\/div>\n\t\t\t\t\n<style>\n#col-1368461039 > .col-inner {\n  margin: 0px 0px 0px 25px;\n}\n@media (min-width:550px) {\n  #col-1368461039 > .col-inner {\n    margin: 0px 0px 0px 0px;\n  }\n}\n@media (min-width:850px) {\n  #col-1368461039 > .col-inner {\n    margin: 0px 0px 0px 0px;\n  }\n}\n<\/style>\n\t<\/div>\n\n\t\n<\/div>\n\t<div id=\"gap-475378854\" class=\"gap-element clearfix\" style=\"display:block; height:auto;\">\n\t\t\n<style>\n#gap-475378854 {\n  padding-top: 60px;\n}\n@media (min-width:550px) {\n  #gap-475378854 {\n    padding-top: 60px;\n  }\n}\n@media (min-width:850px) {\n  #gap-475378854 {\n    padding-top: 60px;\n  }\n}\n<\/style>\n\t<\/div>\n\t\n<div class=\"row\"  id=\"row-1084822011\">\n\n\t<div id=\"col-1086983487\" class=\"col small-12 large-12\"  >\n\t\t\t\t<div class=\"col-inner box-shadow-1\" style=\"background-color:rgba(255, 255, 255, 0.75);\" >\n\t\t\t\n\t\t\t\n<div class=\"row align-equal\"  id=\"row-1188057046\">\n\n\t<div id=\"col-1391597422\" class=\"col medium-6 small-12 large-4\"  >\n\t\t\t\t<div class=\"col-inner\"  >\n\t\t\t\n\t\t\t\n\n\t\t<div class=\"icon-box featured-box icon-box-left text-left\"  >\n\t\t\t\t\t<div class=\"icon-box-img\" style=\"width: 60px\">\n\t\t\t\t<div class=\"icon\">\n\t\t\t\t\t<div class=\"icon-inner\" >\n\t\t\t\t\t\t<img decoding=\"async\" width=\"1\" height=\"1\" data-src=\"https:\/\/paradise-wilderness.com\/wp-content\/uploads\/accommodatie-icon-light.svg\" class=\"attachment-medium size-medium lazyload\" alt=\"\" src=\"data:image\/svg+xml;base64,PHN2ZyB3aWR0aD0iMSIgaGVpZ2h0PSIxIiB4bWxucz0iaHR0cDovL3d3dy53My5vcmcvMjAwMC9zdmciPjwvc3ZnPg==\" style=\"--smush-placeholder-width: 1px; --smush-placeholder-aspect-ratio: 1\/1;\" \/>\t\t\t\t\t<\/div>\n\t\t\t\t<\/div>\n\t\t\t<\/div>\n\t\t\t\t<div class=\"icon-box-text last-reset\">\n\t\t\t\t\t\t\t\t\t\n<h3>Alojamientos<\/h3>\n<p>\u00a1M\u00e1s que un simple lugar para dormir! Todos nuestros alojamientos est\u00e1n situados en lugares \u00fanicos y cada uno tiene algo especial que har\u00e1 que su viaje sea a\u00fan m\u00e1s especial. Beba una taza de caf\u00e9 en su terraza mientras las cebras pasan por all\u00ed o vea salir el sol de Zanz\u00edbar desde su cama.  <\/p>\n\t\t<\/div>\n\t<\/div>\n\t\n\t\n\t\t<\/div>\n\t\t\t\t\t<\/div>\n\n\t\n\n\t<div id=\"col-1789596019\" class=\"col medium-6 small-12 large-4\"  >\n\t\t\t\t<div class=\"col-inner\"  >\n\t\t\t\n\t\t\t\n\n\t\t<div class=\"icon-box featured-box icon-box-left text-left\"  >\n\t\t\t\t\t<div class=\"icon-box-img\" style=\"width: 60px\">\n\t\t\t\t<div class=\"icon\">\n\t\t\t\t\t<div class=\"icon-inner\" >\n\t\t\t\t\t\t<img decoding=\"async\" width=\"1\" height=\"1\" data-src=\"https:\/\/paradise-wilderness.com\/wp-content\/uploads\/kwaliteit-icon-light.svg\" class=\"attachment-medium size-medium lazyload\" alt=\"\" src=\"data:image\/svg+xml;base64,PHN2ZyB3aWR0aD0iMSIgaGVpZ2h0PSIxIiB4bWxucz0iaHR0cDovL3d3dy53My5vcmcvMjAwMC9zdmciPjwvc3ZnPg==\" style=\"--smush-placeholder-width: 1px; --smush-placeholder-aspect-ratio: 1\/1;\" \/>\t\t\t\t\t<\/div>\n\t\t\t\t<\/div>\n\t\t\t<\/div>\n\t\t\t\t<div class=\"icon-box-text last-reset\">\n\t\t\t\t\t\t\t\t\t\n<h3>Calidad<\/h3>\n<p>Esta es nuestra m\u00e1xima prioridad y lo experimentar\u00e1 de diversas maneras. Deliciosas comidas de talentosos chefs, conductores experimentados con muchos conocimientos, personal local hospitalario y hermosas colaboraciones con proyectos y socios locales. <\/p>\n\t\t<\/div>\n\t<\/div>\n\t\n\t\n\t\t<\/div>\n\t\t\t\t\t<\/div>\n\n\t\n\n\t<div id=\"col-1154643980\" class=\"col medium-6 small-12 large-4\"  >\n\t\t\t\t<div class=\"col-inner\"  >\n\t\t\t\n\t\t\t\n\n\t\t<div class=\"icon-box featured-box icon-box-left text-left\"  >\n\t\t\t\t\t<div class=\"icon-box-img\" style=\"width: 60px\">\n\t\t\t\t<div class=\"icon\">\n\t\t\t\t\t<div class=\"icon-inner\" >\n\t\t\t\t\t\t<img decoding=\"async\" width=\"1\" height=\"1\" data-src=\"https:\/\/paradise-wilderness.com\/wp-content\/uploads\/vervoer-icon-light.svg\" class=\"attachment-medium size-medium lazyload\" alt=\"\" src=\"data:image\/svg+xml;base64,PHN2ZyB3aWR0aD0iMSIgaGVpZ2h0PSIxIiB4bWxucz0iaHR0cDovL3d3dy53My5vcmcvMjAwMC9zdmciPjwvc3ZnPg==\" style=\"--smush-placeholder-width: 1px; --smush-placeholder-aspect-ratio: 1\/1;\" \/>\t\t\t\t\t<\/div>\n\t\t\t\t<\/div>\n\t\t\t<\/div>\n\t\t\t\t<div class=\"icon-box-text last-reset\">\n\t\t\t\t\t\t\t\t\t\n<h3>De la A a la Z<\/h3>\n<p>\u00a1Podemos organizarle todo desde el momento en que llegue a Tanzania (o Zanz\u00edbar) hasta que se registre para su vuelo de regreso! Desde traslados hasta alojamientos y desde jeeps de safari hasta excursiones. Nuestro consejo es sincero y sin compromiso y hablamos desde nuestra propia experiencia.  <\/p>\n\t\t<\/div>\n\t<\/div>\n\t\n\t\n\t\t<\/div>\n\t\t\t\t\t<\/div>\n\n\t\n<\/div>\n\t\t<\/div>\n\t\t\t\t\n<style>\n#col-1086983487 > .col-inner {\n  padding: 5% 5% 2% 5%;\n  border-radius: 10px;\n}\n<\/style>\n\t<\/div>\n\n\t\n<\/div>\n\t<div id=\"gap-628613754\" class=\"gap-element clearfix\" style=\"display:block; height:auto;\">\n\t\t\n<style>\n#gap-628613754 {\n  padding-top: 60px;\n}\n@media (min-width:550px) {\n  #gap-628613754 {\n    padding-top: 60px;\n  }\n}\n@media (min-width:850px) {\n  #gap-628613754 {\n    padding-top: 60px;\n  }\n}\n<\/style>\n\t<\/div>\n\t\n<div class=\"row align-middle\"  id=\"row-922923310\">\n\n\t<div id=\"col-921482540\" class=\"col medium-6 small-12 large-6\"  >\n\t\t\t\t<div class=\"col-inner\"  >\n\t\t\t\n\t\t\t\n\t<div class=\"img has-hover x md-x lg-x y md-y lg-y\" id=\"image_1618710634\">\n\t\t\t\t\t\t\t\t<div class=\"img-inner dark\" >\n\t\t\t<img decoding=\"async\" width=\"2560\" height=\"1707\" data-src=\"https:\/\/paradise-wilderness.com\/wp-content\/smush-webp\/51141580064_0e6b5bc648_o-scaled.jpg.webp\" class=\"attachment-original size-original lazyload\" alt=\"\" data-srcset=\"https:\/\/paradise-wilderness.com\/wp-content\/smush-webp\/51141580064_0e6b5bc648_o-scaled.jpg.webp 2560w, https:\/\/paradise-wilderness.com\/wp-content\/smush-webp\/51141580064_0e6b5bc648_o-600x400.jpg.webp 600w, https:\/\/paradise-wilderness.com\/wp-content\/smush-webp\/51141580064_0e6b5bc648_o-1024x683.jpg.webp 1024w, https:\/\/paradise-wilderness.com\/wp-content\/smush-webp\/51141580064_0e6b5bc648_o-768x512.jpg.webp 768w, https:\/\/paradise-wilderness.com\/wp-content\/smush-webp\/51141580064_0e6b5bc648_o-1536x1024.jpg.webp 1536w, https:\/\/paradise-wilderness.com\/wp-content\/smush-webp\/51141580064_0e6b5bc648_o-2048x1365.jpg.webp 2048w\" data-sizes=\"(max-width: 2560px) 100vw, 2560px\" src=\"data:image\/svg+xml;base64,PHN2ZyB3aWR0aD0iMSIgaGVpZ2h0PSIxIiB4bWxucz0iaHR0cDovL3d3dy53My5vcmcvMjAwMC9zdmciPjwvc3ZnPg==\" style=\"--smush-placeholder-width: 2560px; --smush-placeholder-aspect-ratio: 2560\/1707;\" \/>\t\t\t\t\t\t\n\t\t\t\t\t<\/div>\n\t\t\t\t\t\t\t\t\n<style>\n#image_1618710634 {\n  width: 93%;\n}\n@media (min-width:550px) {\n  #image_1618710634 {\n    width: 100%;\n  }\n}\n<\/style>\n\t<\/div>\n\t\n\t\t<\/div>\n\t\t\t\t\t<\/div>\n\n\t\n\n\t<div id=\"col-1282315627\" class=\"col medium-6 small-12 large-6\"  >\n\t\t\t\t<div class=\"col-inner\"  >\n\t\t\t\n\t\t\t\n<h2>\u00bfListo para una nueva aventura?<\/h2>\n<p>No espere m\u00e1s y empiece a hacer realidad este viaje de safari especial hoy mismo.<\/p>\n<a href=\"\/es\/viajes\/\" class=\"button primary lowercase\" style=\"border-radius:99px;\">\n\t\t<span>Ver todos nuestros tours<\/span>\n\t<\/a>\n\n\t\t<\/div>\n\t\t\t\t\n<style>\n#col-1282315627 > .col-inner {\n  padding: 5% 5% 5% 5%;\n}\n<\/style>\n\t<\/div>\n\n\t\n<\/div>\n\t\t<\/div>\n\n\t\t\n<style>\n#section_744474679 {\n  padding-top: 30px;\n  padding-bottom: 30px;\n}\n<\/style>\n\t<\/section>\n\t\n","protected":false},"excerpt":{"rendered":"","protected":false},"author":1,"featured_media":16652,"parent":0,"menu_order":0,"comment_status":"closed","ping_status":"closed","template":"","meta":{"_acf_changed":false,"content-type":"","footnotes":""},"class_list":["post-16647","page","type-page","status-publish","has-post-thumbnail","hentry"],"acf":[],"_links":{"self":[{"href":"https:\/\/paradise-wilderness.com\/es\/wp-json\/wp\/v2\/pages\/16647","targetHints":{"allow":["GET"]}}],"collection":[{"href":"https:\/\/paradise-wilderness.com\/es\/wp-json\/wp\/v2\/pages"}],"about":[{"href":"https:\/\/paradise-wilderness.com\/es\/wp-json\/wp\/v2\/types\/page"}],"author":[{"embeddable":true,"href":"https:\/\/paradise-wilderness.com\/es\/wp-json\/wp\/v2\/users\/1"}],"replies":[{"embeddable":true,"href":"https:\/\/paradise-wilderness.com\/es\/wp-json\/wp\/v2\/comments?post=16647"}],"version-history":[{"count":14,"href":"https:\/\/paradise-wilderness.com\/es\/wp-json\/wp\/v2\/pages\/16647\/revisions"}],"predecessor-version":[{"id":18575,"href":"https:\/\/paradise-wilderness.com\/es\/wp-json\/wp\/v2\/pages\/16647\/revisions\/18575"}],"wp:featuredmedia":[{"embeddable":true,"href":"https:\/\/paradise-wilderness.com\/es\/wp-json\/wp\/v2\/media\/16652"}],"wp:attachment":[{"href":"https:\/\/paradise-wilderness.com\/es\/wp-json\/wp\/v2\/media?parent=16647"}],"curies":[{"name":"wp","href":"https:\/\/api.w.org\/{rel}","templated":true}]}}