{"id":15470,"date":"2025-06-06T12:25:23","date_gmt":"2025-06-06T10:25:23","guid":{"rendered":"https:\/\/paradise-wilderness.com\/safari-prive-tanzanie\/"},"modified":"2025-11-18T12:20:01","modified_gmt":"2025-11-18T10:20:01","slug":"safari-prive-tanzanie","status":"publish","type":"page","link":"https:\/\/paradise-wilderness.com\/fr\/safari-prive-tanzanie\/","title":{"rendered":"Safari priv\u00e9 Tanzanie"},"content":{"rendered":"\n\t<section class=\"section video-section content-bottom dark\" id=\"section_1298573985\">\n\t\t<div class=\"section-bg fill\" >\n\t\t\t<img decoding=\"async\" width=\"2048\" height=\"1153\" data-src=\"https:\/\/paradise-wilderness.com\/wp-content\/smush-webp\/53664211463_1745d5f639_k.jpg.webp\" class=\"bg attachment-original size-original lazyload\" alt=\"\" src=\"data:image\/svg+xml;base64,PHN2ZyB3aWR0aD0iMSIgaGVpZ2h0PSIxIiB4bWxucz0iaHR0cDovL3d3dy53My5vcmcvMjAwMC9zdmciPjwvc3ZnPg==\" style=\"--smush-placeholder-width: 2048px; --smush-placeholder-aspect-ratio: 2048\/1153;\" \/>\t\t\t\t\t\t<div class=\"section-bg-overlay absolute fill\"><\/div>\n\t\t\t\n\n\t\t<\/div>\n\n\t\t\n\n\t\t<div class=\"section-content relative\">\n\t\t\t\n<div class=\"row\"  id=\"row-2106781115\">\n\n\t<div id=\"col-1504684146\" class=\"col medium-12 small-12 large-7\"  >\n\t\t\t\t<div class=\"col-inner text-shadow-1\"  >\n\t\t\t\n\t\t\t\n\t<div id=\"text-1843751820\" class=\"text\">\n\t\t\n<h1>Safari priv\u00e9 Tanzanie<\/h1>\n\t\t\n<style>\n#text-1843751820 {\n  font-size: 1.2rem;\n  text-align: center;\n}\n@media (min-width:850px) {\n  #text-1843751820 {\n    font-size: 0.8rem;\n    text-align: left;\n  }\n}\n<\/style>\n\t<\/div>\n\t\n\t\t<\/div>\n\t\t\t\t\t<\/div>\n\n\t\n<\/div>\n\t\t<\/div>\n\n\t\t\n<style>\n#section_1298573985 {\n  padding-top: 30px;\n  padding-bottom: 30px;\n  min-height: 600px;\n}\n#section_1298573985 .section-bg-overlay {\n  background-color: rgba(170, 121, 69, 0);\n}\n#section_1298573985 .section-bg img {\n  object-position: 61% 42%;\n}\n@media (min-width:550px) {\n  #section_1298573985 {\n    padding-top: 80px;\n    padding-bottom: 80px;\n    min-height: 650px;\n  }\n}\n@media (min-width:850px) {\n  #section_1298573985 {\n    min-height: 550px;\n  }\n}\n<\/style>\n\t<\/section>\n\t\n\n\t<section class=\"section\" id=\"section_2029006364\">\n\t\t<div class=\"section-bg fill\" >\n\t\t\t\t\t\t\t\t\t\n\t\t\t\n\n\t\t<\/div>\n\n\t\t\n\n\t\t<div class=\"section-content relative\">\n\t\t\t\n<div class=\"row row-small align-middle align-center\"  id=\"row-702843068\">\n\n\t<div id=\"col-1048909910\" class=\"col img-col small-12 large-12\"  >\n\t\t\t\t<div class=\"col-inner text-center\"  >\n\t\t\t\n\t\t\t\n\n<div class=\"reizen-grid row\">            <div class=\"col large-4 medium-6 reizen-grid-item\">\n                <a href=\"https:\/\/paradise-wilderness.com\/fr\/voyages\/14-jours-le-meilleur-du-circuit-du-nord-et-zanzibar\/\" \n                class=\"reizen-image-box lazyload\" \n                style=\"background-image:inherit;\" data-bg-image=\"url(&#039;https:\/\/paradise-wilderness.com\/wp-content\/smush-webp\/Serengeti_National_Park_01.jpg.webp&#039;)\">\n                    \n                    <div class=\"reizen-image-box-overlay\"><\/div>\n                    <div class=\"reizen-image-box-content\">\n                        <h4 class=\"reizen-title\">14 Jours | Le meilleur du circuit du Nord et Zanzibar<\/h4>\n                    <\/div>\n                <\/a>\n            <\/div>\n                        <div class=\"col large-4 medium-6 reizen-grid-item\">\n                <a href=\"https:\/\/paradise-wilderness.com\/fr\/voyages\/13-jours-circuit-complet-du-nord\/\" \n                class=\"reizen-image-box lazyload\" \n                style=\"background-image:inherit;\" data-bg-image=\"url(&#039;https:\/\/paradise-wilderness.com\/wp-content\/smush-webp\/32443112887_9b7910beaa_o-1-scaled.jpg.webp&#039;)\">\n                    \n                    <div class=\"reizen-image-box-overlay\"><\/div>\n                    <div class=\"reizen-image-box-content\">\n                        <h4 class=\"reizen-title\">13 Jours | Circuit Complet du Nord<\/h4>\n                    <\/div>\n                <\/a>\n            <\/div>\n                        <div class=\"col large-4 medium-6 reizen-grid-item\">\n                <a href=\"https:\/\/paradise-wilderness.com\/fr\/voyages\/12-jours-circuit-complet-du-nord\/\" \n                class=\"reizen-image-box lazyload\" \n                style=\"background-image:inherit;\" data-bg-image=\"url(&#039;https:\/\/paradise-wilderness.com\/wp-content\/smush-webp\/47385159761_fd2222901e_o.jpg.webp&#039;)\">\n                    \n                    <div class=\"reizen-image-box-overlay\"><\/div>\n                    <div class=\"reizen-image-box-content\">\n                        <h4 class=\"reizen-title\">12 jours | Circuit complet du nord<\/h4>\n                    <\/div>\n                <\/a>\n            <\/div>\n                        <div class=\"col large-4 medium-6 reizen-grid-item\">\n                <a href=\"https:\/\/paradise-wilderness.com\/fr\/voyages\/11-jours-faune-sauvage-plages-de-sable-blanc\/\" \n                class=\"reizen-image-box lazyload\" \n                style=\"background-image:inherit;\" data-bg-image=\"url(&#039;https:\/\/paradise-wilderness.com\/wp-content\/smush-webp\/52718291175_7c78b09810_o-scaled.jpg.webp&#039;)\">\n                    \n                    <div class=\"reizen-image-box-overlay\"><\/div>\n                    <div class=\"reizen-image-box-content\">\n                        <h4 class=\"reizen-title\">11 Jours | Faune sauvage &amp; Plages de sable blanc<\/h4>\n                    <\/div>\n                <\/a>\n            <\/div>\n                        <div class=\"col large-4 medium-6 reizen-grid-item\">\n                <a href=\"https:\/\/paradise-wilderness.com\/fr\/voyages\/11-jours-tanzanie-incroyable\/\" \n                class=\"reizen-image-box lazyload\" \n                style=\"background-image:inherit;\" data-bg-image=\"url(&#039;https:\/\/paradise-wilderness.com\/wp-content\/smush-webp\/51712236007_10fd7d90fa_o-scaled.jpg.webp&#039;)\">\n                    \n                    <div class=\"reizen-image-box-overlay\"><\/div>\n                    <div class=\"reizen-image-box-content\">\n                        <h4 class=\"reizen-title\">11 jours | Tanzanie incroyable<\/h4>\n                    <\/div>\n                <\/a>\n            <\/div>\n                        <div class=\"col large-4 medium-6 reizen-grid-item\">\n                <a href=\"https:\/\/paradise-wilderness.com\/fr\/voyages\/11-jours-les-classiques-de-la-tanzanie\/\" \n                class=\"reizen-image-box lazyload\" \n                style=\"background-image:inherit;\" data-bg-image=\"url(&#039;https:\/\/paradise-wilderness.com\/wp-content\/smush-webp\/52880041525_dbaa618d3b_o-scaled.jpg.webp&#039;)\">\n                    \n                    <div class=\"reizen-image-box-overlay\"><\/div>\n                    <div class=\"reizen-image-box-content\">\n                        <h4 class=\"reizen-title\">11 jours | Les classiques de la Tanzanie<\/h4>\n                    <\/div>\n                <\/a>\n            <\/div>\n            <\/div>\n\n\t\t<\/div>\n\t\t\t\t\n<style>\n#col-1048909910 > .col-inner {\n  margin: -50px 0px 0px 0px;\n}\n<\/style>\n\t<\/div>\n\n\t\n\n\t<div id=\"col-2034650220\" class=\"col small-12 large-12\"  >\n\t\t\t\t<div class=\"col-inner text-center\"  >\n\t\t\t\n\t\t\t\n<a href=\"\/fr\/voyages\/\" class=\"button secondary is-link lowercase\" >\n\t\t<span>Voir toutes les excursions<\/span>\n\t<\/a>\n\n\t\t<\/div>\n\t\t\t\t\t<\/div>\n\n\t\n<\/div>\n\t<div id=\"gap-159189960\" class=\"gap-element clearfix\" style=\"display:block; height:auto;\">\n\t\t\n<style>\n#gap-159189960 {\n  padding-top: 60px;\n}\n@media (min-width:550px) {\n  #gap-159189960 {\n    padding-top: 80px;\n  }\n}\n@media (min-width:850px) {\n  #gap-159189960 {\n    padding-top: 60px;\n  }\n}\n<\/style>\n\t<\/div>\n\t\n<div class=\"row row-collapse row-full-width align-equal\"  id=\"row-1781133018\">\n\n\t<div id=\"col-87982633\" class=\"col img-col medium-5 small-12 large-5\"  >\n\t\t\t\t<div class=\"col-inner\"  >\n\t\t\t\n\t\t\t\n\t<div class=\"img has-hover x md-x lg-x y md-y lg-y\" id=\"image_1567939251\">\n\t\t\t\t\t\t\t\t<div class=\"img-inner dark\" style=\"margin:0px 0px 0px -25px;\">\n\t\t\t<img decoding=\"async\" width=\"2560\" height=\"1707\" data-src=\"https:\/\/paradise-wilderness.com\/wp-content\/smush-webp\/Bird-watch-Manyara-shutterstock_1015940902-scaled.jpg.webp\" class=\"attachment-original size-original lazyload\" alt=\"\" data-srcset=\"https:\/\/paradise-wilderness.com\/wp-content\/smush-webp\/Bird-watch-Manyara-shutterstock_1015940902-scaled.jpg.webp 2560w, https:\/\/paradise-wilderness.com\/wp-content\/smush-webp\/Bird-watch-Manyara-shutterstock_1015940902-600x400.jpg.webp 600w, https:\/\/paradise-wilderness.com\/wp-content\/smush-webp\/Bird-watch-Manyara-shutterstock_1015940902-1024x683.jpg.webp 1024w, https:\/\/paradise-wilderness.com\/wp-content\/smush-webp\/Bird-watch-Manyara-shutterstock_1015940902-768x512.jpg.webp 768w, https:\/\/paradise-wilderness.com\/wp-content\/smush-webp\/Bird-watch-Manyara-shutterstock_1015940902-1536x1024.jpg.webp 1536w, https:\/\/paradise-wilderness.com\/wp-content\/smush-webp\/Bird-watch-Manyara-shutterstock_1015940902-2048x1365.jpg.webp 2048w\" data-sizes=\"(max-width: 2560px) 100vw, 2560px\" src=\"data:image\/svg+xml;base64,PHN2ZyB3aWR0aD0iMSIgaGVpZ2h0PSIxIiB4bWxucz0iaHR0cDovL3d3dy53My5vcmcvMjAwMC9zdmciPjwvc3ZnPg==\" style=\"--smush-placeholder-width: 2560px; --smush-placeholder-aspect-ratio: 2560\/1707;\" \/>\t\t\t\t\t\t\n\t\t\t\t\t<\/div>\n\t\t\t\t\t\t\t\t\n<style>\n#image_1567939251 {\n  width: 93%;\n}\n@media (min-width:550px) {\n  #image_1567939251 {\n    width: 100%;\n  }\n}\n<\/style>\n\t<\/div>\n\t\n\t\t<\/div>\n\t\t\t\t\t<\/div>\n\n\t\n\n\t<div id=\"col-1330097380\" class=\"col medium-7 small-12 large-7\"  >\n\t\t\t\t<div class=\"col-inner\"  >\n\t\t\t\n\t\t\t\n\n\n\n<h2>D\u00e9couvrez la Tanzanie \u00e0 votre fa\u00e7on avec un safari priv\u00e9<\/h2>\n<p>R\u00eavez-vous d&rsquo;un safari priv\u00e9 o\u00f9 vous et votre groupe pourrez explorer la nature sauvage de la Tanzanie ? Nous, chez Paradise and Wilderness, vous offrons ainsi qu&rsquo;\u00e0 vos compagnons de voyage la possibilit\u00e9 de d\u00e9couvrir la nature tanzanienne de mani\u00e8re exclusive et personnelle. Alors que vous traverserez les paysages \u00e9poustouflants dans votre jeep priv\u00e9e, vous profiterez \u00e9galement de moments inoubliables ensemble. Votre ranger personnel vous emm\u00e8nera \u00e0 la recherche des big five et vous montrera les sites magnifiques de la grande migration.    <\/p>\n<p>Contactez-nous pour un itin\u00e9raire personnalis\u00e9 \u00e9labor\u00e9 par notre employ\u00e9e n\u00e9erlandaise. Elle sera ravie de discuter de vos besoins et de vos souhaits. Sur la base de ces informations, elle pourra cr\u00e9er un itin\u00e9raire sur mesure pour votre safari.<\/p>\n<a href=\"#request-advice\" class=\"button primary lowercase\" style=\"border-radius:99px;\">\n\t\t<span>Demander un safari priv\u00e9<\/span>\n\t<\/a>\n\n\t\t<\/div>\n\t\t\t\t\n<style>\n#col-1330097380 > .col-inner {\n  padding: 5% 5% 5% 5%;\n  max-width: 790px;\n}\n@media (min-width:550px) {\n  #col-1330097380 > .col-inner {\n    padding: 5% 5% 5% 10%;\n  }\n}\n<\/style>\n\t<\/div>\n\n\t\n<\/div>\n\t<div id=\"gap-394686029\" class=\"gap-element clearfix\" style=\"display:block; height:auto;\">\n\t\t\n<style>\n#gap-394686029 {\n  padding-top: 60px;\n}\n<\/style>\n\t<\/div>\n\t\n<div class=\"row\"  id=\"row-1901974092\">\n\n\t<div id=\"col-157676736\" class=\"col small-12 large-12\"  >\n\t\t\t\t<div class=\"col-inner\"  >\n\t\t\t\n\t\t\t\n\n\n\n\t\t<\/div>\n\t\t\t\t\t<\/div>\n\n\t\n<\/div>\n\t<div id=\"gap-339589962\" class=\"gap-element clearfix\" style=\"display:block; height:auto;\">\n\t\t\n<style>\n#gap-339589962 {\n  padding-top: 60px;\n}\n<\/style>\n\t<\/div>\n\t\n<div class=\"row row-collapse row-full-width align-equal\"  id=\"row-364387503\">\n\n\t<div id=\"col-377244548\" class=\"col medium-7 small-12 large-7\"  >\n\t\t\t\t<div class=\"col-inner\"  >\n\t\t\t\n\t\t\t\n<h2>Tanzanie : le c\u0153ur de la nature sauvage africaine<\/h2>\n<p>La Tanzanie est la destination safari de l&rsquo;Afrique, c&rsquo;est un pays aux paysages magnifiques et tr\u00e8s diversifi\u00e9s. Des plaines infinies du <g id=\"gid_0\"><g id=\"gid_1\">Serengeti<\/g><\/g>, o\u00f9 des millions de gnous et de z\u00e8bres errent pendant la grande migration, au c\u00e9l\u00e8bre <g id=\"gid_2\"><g id=\"gid_3\">crat\u00e8re du Ngorongoro<\/g><\/g>, o\u00f9 r\u00f4de le rare rhinoc\u00e9ros noir &#8211; la Tanzanie est le pays id\u00e9al pour votre safari.   <\/p>\n<p>Outre une nature \u00e9poustouflante, la Tanzanie offre bien plus encore. Car c&rsquo;est aussi un pays rempli de culture et d&rsquo;hospitalit\u00e9. Pendant votre safari priv\u00e9, vous rencontrerez non seulement le roi de la jungle mais aussi les tribus indig\u00e8nes et leurs traditions. Par exemple, visitez un village masa\u00ef et d\u00e9couvrez leurs traditions ancestrales et leur mode de vie. Vous visiterez \u00e9galement les march\u00e9s locaux et go\u00fbterez aux saveurs des diff\u00e9rentes tribus. De cette fa\u00e7on, vous vous immergerez vraiment dans la vie traditionnelle tanzanienne.      <\/p>\n<p>Outre les cultures et les parcs nationaux, la Tanzanie abrite un autre monument imposant. La plus haute montagne isol\u00e9e du monde et le toit de l&rsquo;Afrique : le mont <g id=\"gid_0\"><g id=\"gid_1\">Kilimandjaro<\/g><\/g>. Bien que vous ne grimpiez pas n\u00e9cessairement la montagne pendant votre safari, la vue o\u00f9 cette montagne imposante est visible est tout \u00e0 fait spectaculaire.<\/p>\n\t\t<\/div>\n\t\t\t\t\n<style>\n#col-377244548 > .col-inner {\n  padding: 5% 5% 5% 5%;\n  max-width: 790px;\n}\n@media (min-width:550px) {\n  #col-377244548 > .col-inner {\n    padding: 5% 10% 5% 5%;\n  }\n}\n<\/style>\n\t<\/div>\n\n\t\n\n\t<div id=\"col-545758190\" class=\"col img-col medium-5 small-12 large-5 small-col-first\"  >\n\t\t\t\t<div class=\"col-inner\"  >\n\t\t\t\n\t\t\t\n\t<div class=\"img has-hover x md-x lg-x y md-y lg-y\" id=\"image_1142661654\">\n\t\t\t\t\t\t\t\t<div class=\"img-inner dark\" style=\"margin:0px -25px 0px 0px;\">\n\t\t\t<img decoding=\"async\" width=\"2560\" height=\"1440\" data-src=\"https:\/\/paradise-wilderness.com\/wp-content\/smush-webp\/51266199064_274f2d6182_o-scaled.jpg.webp\" class=\"attachment-original size-original lazyload\" alt=\"\" data-srcset=\"https:\/\/paradise-wilderness.com\/wp-content\/smush-webp\/51266199064_274f2d6182_o-scaled.jpg.webp 2560w, https:\/\/paradise-wilderness.com\/wp-content\/smush-webp\/51266199064_274f2d6182_o-600x338.jpg.webp 600w, https:\/\/paradise-wilderness.com\/wp-content\/smush-webp\/51266199064_274f2d6182_o-1024x576.jpg.webp 1024w, https:\/\/paradise-wilderness.com\/wp-content\/smush-webp\/51266199064_274f2d6182_o-768x432.jpg.webp 768w, https:\/\/paradise-wilderness.com\/wp-content\/smush-webp\/51266199064_274f2d6182_o-1536x864.jpg.webp 1536w, https:\/\/paradise-wilderness.com\/wp-content\/smush-webp\/51266199064_274f2d6182_o-2048x1152.jpg.webp 2048w\" data-sizes=\"(max-width: 2560px) 100vw, 2560px\" src=\"data:image\/svg+xml;base64,PHN2ZyB3aWR0aD0iMSIgaGVpZ2h0PSIxIiB4bWxucz0iaHR0cDovL3d3dy53My5vcmcvMjAwMC9zdmciPjwvc3ZnPg==\" style=\"--smush-placeholder-width: 2560px; --smush-placeholder-aspect-ratio: 2560\/1440;\" \/>\t\t\t\t\t\t\n\t\t\t\t\t<\/div>\n\t\t\t\t\t\t\t\t\n<style>\n#image_1142661654 {\n  width: 95%;\n}\n@media (min-width:550px) {\n  #image_1142661654 {\n    width: 100%;\n  }\n}\n<\/style>\n\t<\/div>\n\t\n\t\t<\/div>\n\t\t\t\t\n<style>\n#col-545758190 > .col-inner {\n  margin: 0px 0px 0px 25px;\n}\n@media (min-width:550px) {\n  #col-545758190 > .col-inner {\n    margin: 0px 0px 0px 0px;\n  }\n}\n@media (min-width:850px) {\n  #col-545758190 > .col-inner {\n    margin: 0px 0px 0px 0px;\n  }\n}\n<\/style>\n\t<\/div>\n\n\t\n<\/div>\n\t<div id=\"gap-644115884\" class=\"gap-element clearfix\" style=\"display:block; height:auto;\">\n\t\t\n<style>\n#gap-644115884 {\n  padding-top: 60px;\n}\n<\/style>\n\t<\/div>\n\t\n<div class=\"row row-collapse row-full-width align-equal\"  id=\"row-1686637861\">\n\n\t<div id=\"col-93801967\" class=\"col img-col medium-5 small-12 large-5\"  >\n\t\t\t\t<div class=\"col-inner\"  >\n\t\t\t\n\t\t\t\n\t<div class=\"img has-hover x md-x lg-x y md-y lg-y\" id=\"image_18428736\">\n\t\t\t\t\t\t\t\t<div class=\"img-inner dark\" style=\"margin:0px 0px 0px -25px;\">\n\t\t\t<img decoding=\"async\" width=\"2560\" height=\"1920\" data-src=\"https:\/\/paradise-wilderness.com\/wp-content\/smush-webp\/52899217284_016f5369f4_5k-1-scaled.jpg.webp\" class=\"attachment-original size-original lazyload\" alt=\"\" data-srcset=\"https:\/\/paradise-wilderness.com\/wp-content\/smush-webp\/52899217284_016f5369f4_5k-1-scaled.jpg.webp 2560w, https:\/\/paradise-wilderness.com\/wp-content\/smush-webp\/52899217284_016f5369f4_5k-1-600x450.jpg.webp 600w, https:\/\/paradise-wilderness.com\/wp-content\/smush-webp\/52899217284_016f5369f4_5k-1-1024x768.jpg.webp 1024w, https:\/\/paradise-wilderness.com\/wp-content\/smush-webp\/52899217284_016f5369f4_5k-1-768x576.jpg.webp 768w, https:\/\/paradise-wilderness.com\/wp-content\/smush-webp\/52899217284_016f5369f4_5k-1-1536x1152.jpg.webp 1536w, https:\/\/paradise-wilderness.com\/wp-content\/smush-webp\/52899217284_016f5369f4_5k-1-2048x1536.jpg.webp 2048w\" data-sizes=\"(max-width: 2560px) 100vw, 2560px\" src=\"data:image\/svg+xml;base64,PHN2ZyB3aWR0aD0iMSIgaGVpZ2h0PSIxIiB4bWxucz0iaHR0cDovL3d3dy53My5vcmcvMjAwMC9zdmciPjwvc3ZnPg==\" style=\"--smush-placeholder-width: 2560px; --smush-placeholder-aspect-ratio: 2560\/1920;\" \/>\t\t\t\t\t\t\n\t\t\t\t\t<\/div>\n\t\t\t\t\t\t\t\t\n<style>\n#image_18428736 {\n  width: 93%;\n}\n@media (min-width:550px) {\n  #image_18428736 {\n    width: 100%;\n  }\n}\n<\/style>\n\t<\/div>\n\t\n\t\t<\/div>\n\t\t\t\t\t<\/div>\n\n\t\n\n\t<div id=\"col-987175462\" class=\"col medium-7 small-12 large-7\"  >\n\t\t\t\t<div class=\"col-inner\"  >\n\t\t\t\n\t\t\t\n<h2>Pourquoi choisir un safari priv\u00e9 en Tanzanie ?<\/h2>\n<p>Un safari priv\u00e9 en Tanzanie vous offre ainsi qu&rsquo;\u00e0 votre groupe l&rsquo;\u00e9quilibre parfait entre libert\u00e9 et confort. Vous avez le luxe de voyager dans votre propre jeep priv\u00e9e sans avoir \u00e0 la partager avec d&rsquo;autres. Vous aurez \u00e9galement votre propre ranger qui vous parlera avec passion de tout ce que la Tanzanie a \u00e0 offrir. Ces rangers sont \u00e9galement heureux de vous emmener vers les joyaux cach\u00e9s du safari. Bien que les itin\u00e9raires soient souvent trac\u00e9s \u00e0 l&rsquo;avance, votre ranger les adapte parfois si n\u00e9cessaire.     <\/p>\n<p>Cependant, il est important de noter que vous n&rsquo;avez aucune influence sur les autres touristes qui se trouvent \u00e9galement dans les parcs nationaux. Vous pourrez encore rencontrer d&rsquo;autres voyageurs, mais au moins avec un safari priv\u00e9, vous \u00e9vitez les foules dans votre propre v\u00e9hicule.<\/p>\n\t\t<\/div>\n\t\t\t\t\n<style>\n#col-987175462 > .col-inner {\n  padding: 5% 5% 5% 5%;\n  max-width: 790px;\n}\n@media (min-width:550px) {\n  #col-987175462 > .col-inner {\n    padding: 5% 5% 5% 10%;\n  }\n}\n<\/style>\n\t<\/div>\n\n\t\n<\/div>\n\t<div id=\"gap-461872125\" class=\"gap-element clearfix\" style=\"display:block; height:auto;\">\n\t\t\n<style>\n#gap-461872125 {\n  padding-top: 60px;\n}\n<\/style>\n\t<\/div>\n\t\n<div class=\"row align-middle\"  id=\"row-26941947\">\n\n\t<div id=\"col-767929641\" class=\"col medium-6 small-12 large-6\"  >\n\t\t\t\t<div class=\"col-inner\"  >\n\t\t\t\n\t\t\t\n<h2>Composez votre safari priv\u00e9 !<\/h2>\n<p>\u00cates-vous pr\u00eat \u00e0 explorer la Tanzanie lors de votre safari priv\u00e9 ? N&rsquo;attendez plus et contactez-nous d\u00e8s aujourd&rsquo;hui. Faites-nous savoir quels sont vos souhaits et vos besoins, et nous nous assurerons que votre safari priv\u00e9 soit organis\u00e9 \u00e0 la perfection.<\/p>\n<a href=\"#request-advice\" class=\"button primary lowercase\" style=\"border-radius:99px;\">\n\t\t<span>Demander un safari priv\u00e9<\/span>\n\t<\/a>\n\n\t\t<\/div>\n\t\t\t\t\n<style>\n#col-767929641 > .col-inner {\n  padding: 5% 5% 5% 5%;\n}\n<\/style>\n\t<\/div>\n\n\t\n\n\t<div id=\"col-2121220390\" class=\"col medium-6 small-12 large-6 small-col-first\"  >\n\t\t\t\t<div class=\"col-inner\"  >\n\t\t\t\n\t\t\t\n\t<div class=\"img has-hover x md-x lg-x y md-y lg-y\" id=\"image_1154673833\">\n\t\t\t\t\t\t\t\t<div class=\"img-inner image-cover dark\" style=\"padding-top:75%;\">\n\t\t\t<img decoding=\"async\" width=\"800\" height=\"428\" data-src=\"https:\/\/paradise-wilderness.com\/wp-content\/smush-webp\/ASS-Wild-dogs-playing.jpg.webp\" class=\"attachment-large size-large lazyload\" alt=\"\" data-srcset=\"https:\/\/paradise-wilderness.com\/wp-content\/smush-webp\/ASS-Wild-dogs-playing.jpg.webp 800w, https:\/\/paradise-wilderness.com\/wp-content\/smush-webp\/ASS-Wild-dogs-playing-600x321.jpg.webp 600w, https:\/\/paradise-wilderness.com\/wp-content\/smush-webp\/ASS-Wild-dogs-playing-768x411.jpg.webp 768w\" data-sizes=\"(max-width: 800px) 100vw, 800px\" src=\"data:image\/svg+xml;base64,PHN2ZyB3aWR0aD0iMSIgaGVpZ2h0PSIxIiB4bWxucz0iaHR0cDovL3d3dy53My5vcmcvMjAwMC9zdmciPjwvc3ZnPg==\" style=\"--smush-placeholder-width: 800px; --smush-placeholder-aspect-ratio: 800\/428;\" \/>\t\t\t\t\t\t\n\t\t\t\t\t<\/div>\n\t\t\t\t\t\t\t\t\n<style>\n#image_1154673833 {\n  width: 93%;\n}\n@media (min-width:550px) {\n  #image_1154673833 {\n    width: 100%;\n  }\n}\n<\/style>\n\t<\/div>\n\t\n\t\t<\/div>\n\t\t\t\t\t<\/div>\n\n\t\n<\/div>\n\t\t<\/div>\n\n\t\t\n<style>\n#section_2029006364 {\n  padding-top: 30px;\n  padding-bottom: 30px;\n}\n<\/style>\n\t<\/section>\n\t\n","protected":false},"excerpt":{"rendered":"","protected":false},"author":1,"featured_media":15474,"parent":0,"menu_order":0,"comment_status":"closed","ping_status":"closed","template":"","meta":{"_acf_changed":false,"content-type":"","footnotes":""},"class_list":["post-15470","page","type-page","status-publish","has-post-thumbnail","hentry"],"acf":[],"_links":{"self":[{"href":"https:\/\/paradise-wilderness.com\/fr\/wp-json\/wp\/v2\/pages\/15470","targetHints":{"allow":["GET"]}}],"collection":[{"href":"https:\/\/paradise-wilderness.com\/fr\/wp-json\/wp\/v2\/pages"}],"about":[{"href":"https:\/\/paradise-wilderness.com\/fr\/wp-json\/wp\/v2\/types\/page"}],"author":[{"embeddable":true,"href":"https:\/\/paradise-wilderness.com\/fr\/wp-json\/wp\/v2\/users\/1"}],"replies":[{"embeddable":true,"href":"https:\/\/paradise-wilderness.com\/fr\/wp-json\/wp\/v2\/comments?post=15470"}],"version-history":[{"count":11,"href":"https:\/\/paradise-wilderness.com\/fr\/wp-json\/wp\/v2\/pages\/15470\/revisions"}],"predecessor-version":[{"id":18670,"href":"https:\/\/paradise-wilderness.com\/fr\/wp-json\/wp\/v2\/pages\/15470\/revisions\/18670"}],"wp:featuredmedia":[{"embeddable":true,"href":"https:\/\/paradise-wilderness.com\/fr\/wp-json\/wp\/v2\/media\/15474"}],"wp:attachment":[{"href":"https:\/\/paradise-wilderness.com\/fr\/wp-json\/wp\/v2\/media?parent=15470"}],"curies":[{"name":"wp","href":"https:\/\/api.w.org\/{rel}","templated":true}]}}