{"id":15731,"date":"2025-06-06T09:42:26","date_gmt":"2025-06-06T07:42:26","guid":{"rendered":"https:\/\/paradise-wilderness.com\/conditions-generales-de-voyage\/"},"modified":"2025-10-30T12:52:51","modified_gmt":"2025-10-30T10:52:51","slug":"conditions-generales-de-voyage","status":"publish","type":"page","link":"https:\/\/paradise-wilderness.com\/fr\/conditions-generales-de-voyage\/","title":{"rendered":"Conditions g\u00e9n\u00e9rales de voyage"},"content":{"rendered":"\n\t<section class=\"section video-section content-bottom dark\" id=\"section_1039546516\">\n\t\t<div class=\"section-bg fill\" >\n\t\t\t<img decoding=\"async\" width=\"2520\" height=\"1680\" data-src=\"https:\/\/paradise-wilderness.com\/wp-content\/smush-webp\/51141977325_aa1e710b36_6k.jpg.webp\" class=\"bg attachment- size- lazyload\" alt=\"\" src=\"data:image\/svg+xml;base64,PHN2ZyB3aWR0aD0iMSIgaGVpZ2h0PSIxIiB4bWxucz0iaHR0cDovL3d3dy53My5vcmcvMjAwMC9zdmciPjwvc3ZnPg==\" style=\"--smush-placeholder-width: 2520px; --smush-placeholder-aspect-ratio: 2520\/1680;\" \/>\t\t\t\t\t\t<div class=\"section-bg-overlay absolute fill\"><\/div>\n\t\t\t\n\n\t\t<\/div>\n\n\t\t\n\n\t\t<div class=\"section-content relative\">\n\t\t\t\n<div class=\"row\"  id=\"row-1416732022\">\n\n\t<div id=\"col-884141905\" class=\"col medium-12 small-12 large-10\"  >\n\t\t\t\t<div class=\"col-inner text-shadow-1\"  >\n\t\t\t\n\t\t\t\n\t<div id=\"text-1808127838\" class=\"text\">\n\t\t\n<h1>Conditions g\u00e9n\u00e9rales de voyage Paradise &amp; Wilderness<\/h1>\n\t\t\n<style>\n#text-1808127838 {\n  font-size: 1.2rem;\n  text-align: center;\n}\n@media (min-width:850px) {\n  #text-1808127838 {\n    font-size: 0.8rem;\n    text-align: left;\n  }\n}\n<\/style>\n\t<\/div>\n\t\n\t\t<\/div>\n\t\t\t\t\t<\/div>\n\n\t\n<\/div>\n\t\t<\/div>\n\n\t\t\n<style>\n#section_1039546516 {\n  padding-top: 30px;\n  padding-bottom: 30px;\n  min-height: 600px;\n}\n#section_1039546516 .section-bg-overlay {\n  background-color: rgba(170, 121, 69, 0);\n}\n#section_1039546516 .section-bg img {\n  object-position: 61% 86%;\n}\n@media (min-width:550px) {\n  #section_1039546516 {\n    padding-top: 80px;\n    padding-bottom: 80px;\n    min-height: 650px;\n  }\n}\n@media (min-width:850px) {\n  #section_1039546516 {\n    min-height: 550px;\n  }\n}\n<\/style>\n\t<\/section>\n\t\n\n\t<section class=\"section\" id=\"section_2046831097\">\n\t\t<div class=\"section-bg fill\" >\n\t\t\t\t\t\t\t\t\t\n\t\t\t\n\n\t\t<\/div>\n\n\t\t\n\n\t\t<div class=\"section-content relative\">\n\t\t\t\n\t<div id=\"gap-930950313\" class=\"gap-element clearfix\" style=\"display:block; height:auto;\">\n\t\t\n<style>\n#gap-930950313 {\n  padding-top: 60px;\n}\n@media (min-width:550px) {\n  #gap-930950313 {\n    padding-top: 80px;\n  }\n}\n@media (min-width:850px) {\n  #gap-930950313 {\n    padding-top: 100px;\n  }\n}\n<\/style>\n\t<\/div>\n\t\n<div class=\"row\"  id=\"row-1365357457\">\n\n\t<div id=\"col-646759017\" class=\"col small-12 large-12\"  >\n\t\t\t\t<div class=\"col-inner\"  >\n\t\t\t\n\t\t\t\n\n\n\n\t\t<\/div>\n\t\t\t\t\t<\/div>\n\n\t\n<\/div>\n<div class=\"row\"  id=\"row-1111767958\">\n\n\t<div id=\"col-1404707256\" class=\"col small-12 large-12\"  >\n\t\t\t\t<div class=\"col-inner text-left\"  >\n\t\t\t\n\t\t\t\n<p>Tous nos voyages sont soumis aux conditions de voyage ANVR pour les voyages \u00e0 forfait (\u00a71). <a href=\"https:\/\/www.anvr.nl\/downloads\/reizigersvoorwaarden.pdf\" target=\"_blank\" rel=\"noopener\"><strong>Cliquez ici<\/strong><\/a> pour les t\u00e9l\u00e9charger et les consulter.<\/p>\n<p>En compl\u00e9ment et conform\u00e9ment aux directives ANVR, paradise-wilderness.com dispose de conditions suppl\u00e9mentaires :<\/p>\n<ol>\n<li><a href=\"https:\/\/paradise-wilderness.com\/fr\/conditions-generales-de-voyage\/#betalingsvoorwaarden\"><strong>Conditions de paiement<\/strong><\/a><\/li>\n<li><a href=\"https:\/\/paradise-wilderness.com\/fr\/conditions-generales-de-voyage\/#annuleringsvoorwaarden\"><strong>Conditions d&rsquo;annulation<\/strong><\/a><\/li>\n<li><a href=\"https:\/\/paradise-wilderness.com\/fr\/conditions-generales-de-voyage\/#administratiekosten\"><strong>Frais administratifs<\/strong><\/a><\/li>\n<li><a href=\"https:\/\/paradise-wilderness.com\/fr\/conditions-generales-de-voyage\/#wijzigingen\"><strong>Modifications par le(s) participant(s)<\/strong><\/a><\/li>\n<li><a href=\"https:\/\/paradise-wilderness.com\/fr\/conditions-generales-de-voyage\/#programmawijzigingen\"><strong>Modifications de programme<\/strong><\/a><\/li>\n<li><a href=\"https:\/\/paradise-wilderness.com\/fr\/conditions-generales-de-voyage\/#verzekeringen\"><strong>Assurances<\/strong><\/a><\/li>\n<li><a href=\"https:\/\/paradise-wilderness.com\/fr\/conditions-generales-de-voyage\/#toeristenbelasting\"><strong>Taxe de s\u00e9jour<\/strong><\/a><\/li>\n<li><a href=\"https:\/\/paradise-wilderness.com\/fr\/conditions-generales-de-voyage\/#activiteiten\"><strong>Activit\u00e9s op\u00e9rationnelles<\/strong><\/a><\/li>\n<li><a href=\"https:\/\/paradise-wilderness.com\/fr\/conditions-generales-de-voyage\/#reisdocumenten\"><strong>Documents de voyage<\/strong><\/a><\/li>\n<li><a href=\"https:\/\/paradise-wilderness.com\/fr\/conditions-generales-de-voyage\/#akkoordverklaring\"><strong>Accord<\/strong><\/a><\/li>\n<\/ol>\n\t<div id=\"gap-294012396\" class=\"gap-element clearfix\" style=\"display:block; height:auto;\">\n\t\t\n<style>\n#gap-294012396 {\n  padding-top: 60px;\n}\n<\/style>\n\t<\/div>\n\t\n<span class=\"scroll-to\" data-label=\"Scroll to: #conditions-de-paiement\" data-bullet=\"false\" data-link=\"#conditions-de-paiement\" data-title=\"Conditions de paiement\"><a name=\"conditions-de-paiement\"><\/a><\/span>\n<h2>1. Conditions de paiement<\/h2>\n<h3>1.1 Acompte<\/h3>\n<p>Un acompte de 25 % du prix total du voyage, hors billets d&rsquo;avion internationaux, est requis. Celui-ci doit \u00eatre pay\u00e9 dans les 2 semaines suivant la conclusion du contrat. Si vous r\u00e9servez votre voyage dans les 4 semaines pr\u00e9c\u00e9dant le d\u00e9part, la totalit\u00e9 du montant du voyage doit \u00eatre pay\u00e9e imm\u00e9diatement (dans les 3 jours) apr\u00e8s r\u00e9ception de la facture.  <\/p>\n<h3>1.2 Billet d&rsquo;avion<\/h3>\n<p>Les frais de billets d&rsquo;avion internationaux doivent \u00eatre pay\u00e9s imm\u00e9diatement (dans les 3 jours), lorsque le billet est pris et pay\u00e9 directement aupr\u00e8s de la compagnie a\u00e9rienne. Le co\u00fbt du billet sera alors ajout\u00e9 au montant de l&rsquo;acompte mentionn\u00e9 ci-dessus. <\/p>\n<h3>1.3 Solde du voyage<\/h3>\n<p>Le solde du prix du voyage (75 %) doit \u00eatre pay\u00e9 au plus tard 3 semaines avant le d\u00e9part. Si vous n&rsquo;avez pas pay\u00e9 dans les d\u00e9lais, paradise-wilderness.com vous enverra un rappel de paiement gratuit, fixant un d\u00e9lai de sept jours calendaires pour le paiement. Si le paiement n&rsquo;est toujours pas effectu\u00e9, le contrat sera consid\u00e9r\u00e9 comme annul\u00e9 le jour du d\u00e9faut. paradise-wilderness.com sera en droit de facturer des frais d&rsquo;annulation. Dans ce cas, les dispositions de l&rsquo;article 4 s&rsquo;appliquent et les sommes d\u00e9j\u00e0 vers\u00e9es seront d\u00e9duites des frais d&rsquo;annulation.    <\/p>\n<h3>1.4 Partenariat avec Snow Leopard Adventures (RC 27182115)<\/h3>\n<p>paradise-wilderness.com fait partie de Snow Leopard Adventures (RC 27182115). \u00c0 ce titre, tous les voyages entrepris par paradise-wilderness.com sont soumis aux conditions de protection des consommateurs de l&rsquo;Algemene Nederlandse Vereniging van Reisondernemingen (ANVR), Stichting Garantiefonds Reisgelden (SGR), Stichting Garantiefonds Reisgelden Zakelijk (SGR-Z) et Stichting Calamiteitenfonds Reizen (SCR). Les paiements doivent \u00eatre effectu\u00e9s sur les coordonn\u00e9es bancaires indiqu\u00e9es sur la facture et au nom de Snow Leopard Adventures \u00e0 La Haye.  <\/p>\n\t<div id=\"gap-1507169959\" class=\"gap-element clearfix\" style=\"display:block; height:auto;\">\n\t\t\n<style>\n#gap-1507169959 {\n  padding-top: 60px;\n}\n<\/style>\n\t<\/div>\n\t\n<span class=\"scroll-to\" data-label=\"Scroll to: #politique-d&#039;annulation\" data-bullet=\"false\" data-link=\"#politique-d&#039;annulation\" data-title=\"Politique d&#039;annulation\"><a name=\"politique-d&amp;039;annulation\"><\/a><\/span>\n<h2>2. Conditions d&rsquo;annulation<\/h2>\n<p>Apr\u00e8s avoir r\u00e9serv\u00e9 un voyage, des circonstances peuvent vous obliger \u00e0 annuler ou interrompre votre voyage. paradise-wilderness.com vous facturera alors des frais d&rsquo;annulation. La politique d&rsquo;annulation de paradise-wilderness.com, conform\u00e9ment \u00e0 l&rsquo;article 9.2 des conditions ANVR, est la suivante :  <\/p>\n<ul>\n<li>Pour une annulation jusqu&rsquo;au 42e jour calendaire (exclus) avant le jour du d\u00e9part : l&rsquo;acompte mais pas plus de 35 % du prix du voyage ;<\/li>\n<li>Pour une annulation du 42e jour calendaire (inclus) au 28e jour calendaire (exclus) avant le jour du d\u00e9part : 35 % du prix du voyage ;<\/li>\n<li>Pour une annulation du 28e jour calendaire (inclus) au 21e jour calendaire (exclus) avant le jour du d\u00e9part : 40 % du prix du voyage ;<\/li>\n<li>Pour une annulation du 21e jour calendaire (inclus) au 14e jour calendaire (exclus) avant le jour du d\u00e9part : 50 % du prix du voyage ;<\/li>\n<li>Pour une annulation du 14e jour calendaire (inclus) au 5e jour calendaire (exclus) avant le jour du d\u00e9part : 75 % du prix du voyage ;<\/li>\n<li>Pour une annulation du 5e jour calendaire (inclus) jusqu&rsquo;au jour du d\u00e9part : 90 % du prix du voyage ;<\/li>\n<li>Pour une annulation le jour du d\u00e9part ou plus tard : la totalit\u00e9 du prix du voyage.<\/li>\n<\/ul>\n<p>Les annulations en dehors des heures de bureau sont consid\u00e9r\u00e9es comme effectu\u00e9es le jour ouvrable suivant.<\/p>\n\t<div id=\"gap-896295115\" class=\"gap-element clearfix\" style=\"display:block; height:auto;\">\n\t\t\n<style>\n#gap-896295115 {\n  padding-top: 60px;\n}\n<\/style>\n\t<\/div>\n\t\n<span class=\"scroll-to\" data-label=\"Scroll to: #frais-administratifs\" data-bullet=\"false\" data-link=\"#frais-administratifs\" data-title=\"Frais administratifs\"><a name=\"frais-administratifs\"><\/a><\/span>\n<h2>3. Frais administratifs<\/h2>\n<p>Par r\u00e9servation, paradise-wilderness.com facture :<\/p>\n<ul>\n<li>Frais administratifs &#8211; 35 dollars US par participant<\/li>\n<li>Contribution SGR (Stichting Garantiefonds Reisgelden) &#8211; 5 \u20ac par participant<\/li>\n<li>Contribution au Fonds Calamit\u00e9s par note (max. 9 participants) &#8211; 2,50 \u20ac<\/li>\n<\/ul>\n\t<div id=\"gap-1415849668\" class=\"gap-element clearfix\" style=\"display:block; height:auto;\">\n\t\t\n<style>\n#gap-1415849668 {\n  padding-top: 60px;\n}\n<\/style>\n\t<\/div>\n\t\n<span class=\"scroll-to\" data-label=\"Scroll to: #modifications\" data-bullet=\"false\" data-link=\"#modifications\" data-title=\"Modifications\"><a name=\"modifications\"><\/a><\/span>\n<h2>4. Modifications par le(s) participant(s)<\/h2>\n<h3>4.1 Frais administratifs<\/h3>\n<p>Si vous souhaitez apporter des modifications \u00e0 la r\u00e9servation\/au contrat existant, paradise-wilderness.com facture des frais administratifs de 30 \u20ac par modification. Il appartient \u00e0 paradise-wilderness.com de d\u00e9terminer\/juger si une modification peut \u00eatre apport\u00e9e \u00e0 la r\u00e9servation existante. <\/p>\n<h3>4.2 Refus<\/h3>\n<p>Le refus de vos modifications souhait\u00e9es sera expliqu\u00e9 et communiqu\u00e9 par paradise-wilderness.com. Vous pouvez soit maintenir, soit annuler le contrat initial. En l&rsquo;absence de r\u00e9ponse au refus de votre demande, le contrat initial sera ex\u00e9cut\u00e9.  <\/p>\n<h3>4.3 Modification de la date de d\u00e9part ou r\u00e9duction du nombre de passagers payants<\/h3>\n<p>La modification de la date de d\u00e9part ou la r\u00e9duction du nombre de participants payants est consid\u00e9r\u00e9e comme une annulation (partielle). Veuillez consulter le point 2. Conditions d&rsquo;annulation.  <\/p>\n\t<div id=\"gap-940477159\" class=\"gap-element clearfix\" style=\"display:block; height:auto;\">\n\t\t\n<style>\n#gap-940477159 {\n  padding-top: 60px;\n}\n<\/style>\n\t<\/div>\n\t\n<span class=\"scroll-to\" data-label=\"Scroll to: #modifications-de-programme\" data-bullet=\"false\" data-link=\"#modifications-de-programme\" data-title=\"Modifications de programme\"><a name=\"modifications-de-programme\"><\/a><\/span>\n<h2>5. Modifications de programme<\/h2>\n<h3>5.1 Modifications d&rsquo;itin\u00e9raire<\/h3>\n<p>Les circuits publi\u00e9s par paradise-wilderness.com sont bas\u00e9s sur des lodges, resorts, camps sous tente et h\u00f4tels planifi\u00e9s et sont sujets \u00e0 des modifications d&rsquo;itin\u00e9raire. paradise-wilderness.com se r\u00e9serve donc le droit, apr\u00e8s la r\u00e9servation mais avant votre voyage, de modifier certains h\u00e9bergements et \u00e9ventuellement l&rsquo;itin\u00e9raire, si cela profite au programme. Ce faisant, paradise-wilderness.com s\u00e9lectionnera des alternatives de qualit\u00e9 \u00e9gale ou sup\u00e9rieure en cas de modifications d&rsquo;h\u00e9bergement.  <\/p>\n<h3>5.2 Modifications importantes<\/h3>\n<p>En ce qui concerne les modifications de l&rsquo;itin\u00e9raire, paradise-wilderness.com s&rsquo;efforcera dans la mesure du possible de maintenir les composants originaux du voyage en les r\u00e9alisant dans un ordre diff\u00e9rent si n\u00e9cessaire. En cas de modifications importantes de l&rsquo;itin\u00e9raire (par rapport \u00e0 l&rsquo;ensemble du voyage), vous, le voyageur, avez le droit de ne pas les accepter, apr\u00e8s quoi paradise-wilderness.com annulera gratuitement le contrat de voyage et vous recevrez un remboursement int\u00e9gral du prix du voyage. <\/p>\n<h3>5.3 Documents de voyage<\/h3>\n<p>Avec vos documents de voyage, vous recevrez les d\u00e9tails finaux de votre itin\u00e9raire de paradise-wilderness.com.<\/p>\n\t<div id=\"gap-1399563060\" class=\"gap-element clearfix\" style=\"display:block; height:auto;\">\n\t\t\n<style>\n#gap-1399563060 {\n  padding-top: 60px;\n}\n<\/style>\n\t<\/div>\n\t\n<span class=\"scroll-to\" data-label=\"Scroll to: #assurance\" data-bullet=\"false\" data-link=\"#assurance\" data-title=\"Assurance\"><a name=\"assurance\"><\/a><\/span>\n<h2>6. Assurances<\/h2>\n<p>La souscription d&rsquo;une assurance voyage est obligatoire selon paradise-wilderness.com. L&rsquo;assurance annulation n&rsquo;est pas obligatoire mais fortement recommand\u00e9e. Si vous utilisez une assurance continue, veuillez v\u00e9rifier aupr\u00e8s de votre compagnie d&rsquo;assurance le montant de la couverture par voyage et par ann\u00e9e de police, car ceux-ci sont souvent insuffisants compte tenu de l&rsquo;importance du voyage. Il est possible de souscrire une assurance voyage et annulation par l&rsquo;interm\u00e9diaire de paradise-wilderness.com. Vous en serez inform\u00e9 lors de la r\u00e9servation de votre voyage.    <\/p>\n\t<div id=\"gap-445467448\" class=\"gap-element clearfix\" style=\"display:block; height:auto;\">\n\t\t\n<style>\n#gap-445467448 {\n  padding-top: 60px;\n}\n<\/style>\n\t<\/div>\n\t\n<span class=\"scroll-to\" data-label=\"Scroll to: #taxe-de-s\u00e9jour\" data-bullet=\"false\" data-link=\"#taxe-de-s\u00e9jour\" data-title=\"Taxe de s\u00e9jour\"><a name=\"taxe-de-s\u00e9jour\"><\/a><\/span>\n<h2>7. Taxe de s\u00e9jour<\/h2>\n<p>En Tanzanie et \u00e0 Zanzibar, il existe des taxes de s\u00e9jour l\u00e9galement obligatoires qui sont pay\u00e9es en esp\u00e8ces sur place \u00e0 la r\u00e9ception de l&rsquo;h\u00e9bergement. Le montant de cette taxe de s\u00e9jour l\u00e9galement obligatoire est mentionn\u00e9 dans le devis.  <\/p>\n\t<div id=\"gap-1473535931\" class=\"gap-element clearfix\" style=\"display:block; height:auto;\">\n\t\t\n<style>\n#gap-1473535931 {\n  padding-top: 60px;\n}\n<\/style>\n\t<\/div>\n\t\n<span class=\"scroll-to\" data-label=\"Scroll to: #activit\u00e9s\" data-bullet=\"false\" data-link=\"#activit\u00e9s\" data-title=\"Activit\u00e9s\"><a name=\"activit\u00e9s\"><\/a><\/span>\n<h2>8. Activit\u00e9s op\u00e9rationnelles<\/h2>\n<p>Toutes les activit\u00e9s, y compris les safaris en voiture, les safaris \u00e0 pied guid\u00e9s, les safaris en rivi\u00e8re et autres activit\u00e9s op\u00e9rationnelles, sont effectu\u00e9es sous votre propre responsabilit\u00e9 et \u00e0 vos propres risques. Par cons\u00e9quent, paradise-wilderness.com et ses employ\u00e9s ou partenaires ne seront pas responsables des dommages mat\u00e9riels et\/ou corporels ainsi que des dommages cons\u00e9cutifs, sauf en cas de faute grave et\/ou de n\u00e9gligence grave de la part de paradise-wilderness.com. <\/p>\n\t<div id=\"gap-16705669\" class=\"gap-element clearfix\" style=\"display:block; height:auto;\">\n\t\t\n<style>\n#gap-16705669 {\n  padding-top: 60px;\n}\n<\/style>\n\t<\/div>\n\t\n<span class=\"scroll-to\" data-label=\"Scroll to: #documents-de-voyage\" data-bullet=\"false\" data-link=\"#documents-de-voyage\" data-title=\"Documents de voyage\"><a name=\"documents-de-voyage\"><\/a><\/span>\n<h2>9. Documents de voyage<\/h2>\n<p>Chaque participant au voyage doit s&rsquo;assurer qu&rsquo;il est en possession des documents valides n\u00e9cessaires tels que passeport, documents de voyage, papiers d&rsquo;assurance, etc. au d\u00e9part.<\/p>\n\t<div id=\"gap-304417964\" class=\"gap-element clearfix\" style=\"display:block; height:auto;\">\n\t\t\n<style>\n#gap-304417964 {\n  padding-top: 60px;\n}\n<\/style>\n\t<\/div>\n\t\n<span class=\"scroll-to\" data-label=\"Scroll to: #accord\" data-bullet=\"false\" data-link=\"#accord\" data-title=\"Accord\"><a name=\"accord\"><\/a><\/span>\n<h2>10. Accord<\/h2>\n<p>Les voyageurs sont r\u00e9put\u00e9s avoir lu et compris les conditions g\u00e9n\u00e9rales ci-dessus avant la r\u00e9servation. Lors de l&rsquo;inscription, les voyageurs acceptent les conditions g\u00e9n\u00e9rales ci-dessus.<\/p>\n\t\t<\/div>\n\t\t\t\t\t<\/div>\n\n\t\n<\/div>\n\t\t<\/div>\n\n\t\t\n<style>\n#section_2046831097 {\n  padding-top: 30px;\n  padding-bottom: 30px;\n}\n<\/style>\n\t<\/section>\n\t\n","protected":false},"excerpt":{"rendered":"","protected":false},"author":1,"featured_media":15732,"parent":0,"menu_order":0,"comment_status":"closed","ping_status":"closed","template":"","meta":{"_acf_changed":false,"content-type":"","footnotes":""},"class_list":["post-15731","page","type-page","status-publish","has-post-thumbnail","hentry"],"acf":[],"_links":{"self":[{"href":"https:\/\/paradise-wilderness.com\/fr\/wp-json\/wp\/v2\/pages\/15731","targetHints":{"allow":["GET"]}}],"collection":[{"href":"https:\/\/paradise-wilderness.com\/fr\/wp-json\/wp\/v2\/pages"}],"about":[{"href":"https:\/\/paradise-wilderness.com\/fr\/wp-json\/wp\/v2\/types\/page"}],"author":[{"embeddable":true,"href":"https:\/\/paradise-wilderness.com\/fr\/wp-json\/wp\/v2\/users\/1"}],"replies":[{"embeddable":true,"href":"https:\/\/paradise-wilderness.com\/fr\/wp-json\/wp\/v2\/comments?post=15731"}],"version-history":[{"count":5,"href":"https:\/\/paradise-wilderness.com\/fr\/wp-json\/wp\/v2\/pages\/15731\/revisions"}],"predecessor-version":[{"id":15740,"href":"https:\/\/paradise-wilderness.com\/fr\/wp-json\/wp\/v2\/pages\/15731\/revisions\/15740"}],"wp:featuredmedia":[{"embeddable":true,"href":"https:\/\/paradise-wilderness.com\/fr\/wp-json\/wp\/v2\/media\/15732"}],"wp:attachment":[{"href":"https:\/\/paradise-wilderness.com\/fr\/wp-json\/wp\/v2\/media?parent=15731"}],"curies":[{"name":"wp","href":"https:\/\/api.w.org\/{rel}","templated":true}]}}