{"id":16189,"date":"2025-06-06T09:19:29","date_gmt":"2025-06-06T07:19:29","guid":{"rendered":"https:\/\/paradise-wilderness.com\/politique-de-confidentialite\/"},"modified":"2025-10-30T12:57:43","modified_gmt":"2025-10-30T10:57:43","slug":"politique-de-confidentialite","status":"publish","type":"page","link":"https:\/\/paradise-wilderness.com\/fr\/politique-de-confidentialite\/","title":{"rendered":"Politique de confidentialit\u00e9"},"content":{"rendered":"\n\t<section class=\"section video-section content-bottom dark\" id=\"section_673103451\">\n\t\t<div class=\"section-bg fill\" >\n\t\t\t<img decoding=\"async\" width=\"2520\" height=\"1419\" data-src=\"https:\/\/paradise-wilderness.com\/wp-content\/smush-webp\/View-Escarpment.jpg.webp\" class=\"bg attachment- size- lazyload\" alt=\"\" src=\"data:image\/svg+xml;base64,PHN2ZyB3aWR0aD0iMSIgaGVpZ2h0PSIxIiB4bWxucz0iaHR0cDovL3d3dy53My5vcmcvMjAwMC9zdmciPjwvc3ZnPg==\" style=\"--smush-placeholder-width: 2520px; --smush-placeholder-aspect-ratio: 2520\/1419;\" \/>\t\t\t\t\t\t<div class=\"section-bg-overlay absolute fill\"><\/div>\n\t\t\t\n\n\t\t<\/div>\n\n\t\t\n\n\t\t<div class=\"section-content relative\">\n\t\t\t\n<div class=\"row\"  id=\"row-658079769\">\n\n\t<div id=\"col-442790341\" class=\"col medium-12 small-12 large-7\"  >\n\t\t\t\t<div class=\"col-inner text-shadow-1\"  >\n\t\t\t\n\t\t\t\n\t<div id=\"text-3632022600\" class=\"text\">\n\t\t\n<h1>Politique de confidentialit\u00e9<\/h1>\n\t\t\n<style>\n#text-3632022600 {\n  font-size: 1.2rem;\n  text-align: center;\n}\n@media (min-width:850px) {\n  #text-3632022600 {\n    font-size: 0.8rem;\n    text-align: left;\n  }\n}\n<\/style>\n\t<\/div>\n\t\n\t\t<\/div>\n\t\t\t\t\t<\/div>\n\n\t\n<\/div>\n\t\t<\/div>\n\n\t\t\n<style>\n#section_673103451 {\n  padding-top: 30px;\n  padding-bottom: 30px;\n  min-height: 600px;\n}\n#section_673103451 .section-bg-overlay {\n  background-color: rgba(170, 121, 69, 0);\n}\n#section_673103451 .section-bg img {\n  object-position: 55% 50%;\n}\n@media (min-width:550px) {\n  #section_673103451 {\n    padding-top: 80px;\n    padding-bottom: 80px;\n    min-height: 650px;\n  }\n}\n@media (min-width:850px) {\n  #section_673103451 {\n    min-height: 550px;\n  }\n}\n<\/style>\n\t<\/section>\n\t\n\n\t<section class=\"section\" id=\"section_362595250\">\n\t\t<div class=\"section-bg fill\" >\n\t\t\t\t\t\t\t\t\t\n\t\t\t\n\n\t\t<\/div>\n\n\t\t\n\n\t\t<div class=\"section-content relative\">\n\t\t\t\n\t<div id=\"gap-1311061317\" class=\"gap-element clearfix\" style=\"display:block; height:auto;\">\n\t\t\n<style>\n#gap-1311061317 {\n  padding-top: 60px;\n}\n@media (min-width:550px) {\n  #gap-1311061317 {\n    padding-top: 80px;\n  }\n}\n@media (min-width:850px) {\n  #gap-1311061317 {\n    padding-top: 100px;\n  }\n}\n<\/style>\n\t<\/div>\n\t\n<div class=\"row\"  id=\"row-973422821\">\n\n\t<div id=\"col-713075924\" class=\"col small-12 large-12\"  >\n\t\t\t\t<div class=\"col-inner\"  >\n\t\t\t\n\t\t\t\n\n\n\n\t\t<\/div>\n\t\t\t\t\t<\/div>\n\n\t\n<\/div>\n<div class=\"row\"  id=\"row-1503252903\">\n\n\t<div id=\"col-959569503\" class=\"col small-12 large-12\"  >\n\t\t\t\t<div class=\"col-inner text-left\"  >\n\t\t\t\n\t\t\t\n<h2><b>Qui sommes-nous<\/b><\/h2>\n<p>Notre adresse web est : <a href=\"https:\/\/paradise-wilderness.com\/fr\/\"><br \/>\n  <strong>https:\/\/paradise-wilderness.com<\/strong><br \/>\n<\/a><\/p>\n<h2>Quelles informations personnelles nous collectons et pourquoi nous les collectons<\/h2>\n<p><b>Commentaires<\/b><br \/>Lorsque les visiteurs laissent des commentaires sur le site, nous collectons les donn\u00e9es affich\u00e9es dans le formulaire de commentaire, l&rsquo;adresse IP du visiteur et l&rsquo;agent utilisateur du navigateur pour aider \u00e0 la d\u00e9tection des spams.<\/p>\n<p>Une cha\u00eene anonymis\u00e9e cr\u00e9\u00e9e \u00e0 partir de votre adresse e-mail (\u00e9galement appel\u00e9e hash) peut \u00eatre envoy\u00e9e au service Gravatar si vous l&rsquo;utilisez. La page de politique de confidentialit\u00e9 se trouve ici : <g id=\"gid_0\"><x id=\"gid_1\"><\/x>  <g id=\"gid_2\">https:\/\/automattic.com\/privacy\/<\/g><x id=\"gid_3\"><\/x><\/g>. Apr\u00e8s l&rsquo;approbation de votre commentaire, votre photo de profil sera visible publiquement dans le contexte de votre commentaire.   <\/p>\n<p><b>M\u00e9dias<\/b><br \/>Si vous \u00eates un utilisateur enregistr\u00e9 et que vous t\u00e9l\u00e9chargez des images sur le site, vous devez \u00e9viter de t\u00e9l\u00e9charger des images contenant des donn\u00e9es GPS de localisation EXIF. Les visiteurs du site peuvent t\u00e9l\u00e9charger les images du site et consulter les donn\u00e9es de localisation.  <\/p>\n<h2>Formulaire de contact<\/h2>\n<p><b>Cookies<\/b><br \/>Lorsque vous laissez un commentaire sur notre site, vous pouvez choisir d&rsquo;enregistrer votre nom, votre adresse e-mail et votre site web dans un cookie. Nous faisons cela pour votre commodit\u00e9 afin que vous n&rsquo;ayez pas \u00e0 saisir \u00e0 nouveau ces informations pour un nouveau commentaire. Ces cookies sont valables pendant un an.   <\/p>\n<p>Si vous visitez notre page de connexion, nous stockons un cookie temporaire pour v\u00e9rifier si votre navigateur accepte les cookies. Ce cookie ne contient aucune donn\u00e9e personnelle et est supprim\u00e9 d\u00e8s que vous fermez votre navigateur.  <\/p>\n<p>Une fois connect\u00e9, nous stockerons quelques cookies li\u00e9s \u00e0 vos informations de connexion et aux options d&rsquo;affichage. Les cookies de connexion sont valables pendant 2 jours et les cookies pour les options d&rsquo;affichage sont valables pendant 1 an. Si vous s\u00e9lectionnez \u00ab Se souvenir de moi \u00bb, votre connexion sera conserv\u00e9e pendant 2 semaines. Lorsque vous vous d\u00e9connectez de votre compte, les cookies de connexion sont supprim\u00e9s.    <\/p>\n<p>Lorsque vous modifiez ou publiez un article, un cookie suppl\u00e9mentaire est stock\u00e9 par votre navigateur. Ce cookie ne contient aucune donn\u00e9e personnelle et ne conserve que l&rsquo;ID de l&rsquo;article que vous avez modifi\u00e9. Ce cookie expire apr\u00e8s un jour.   <\/p>\n<h2>Contenu int\u00e9gr\u00e9 d&rsquo;autres sites web<\/h2>\n<p>Les articles de ce site peuvent inclure du contenu int\u00e9gr\u00e9 (par exemple des vid\u00e9os, des images, des messages, etc.). Le contenu int\u00e9gr\u00e9 provenant d&rsquo;autres sites web se comporte exactement de la m\u00eame mani\u00e8re que si le visiteur avait visit\u00e9 l&rsquo;autre site web.  <\/p>\n<p>Ces sites web peuvent collecter des donn\u00e9es vous concernant, utiliser des cookies, int\u00e9grer un suivi tiers et surveiller votre interaction avec ce contenu int\u00e9gr\u00e9, y compris le suivi de votre interaction avec le contenu int\u00e9gr\u00e9 si vous avez un compte et \u00eates connect\u00e9 \u00e0 ce site web.<\/p>\n<h2>Analyses<\/h2>\n<p><b>Avec qui nous partageons vos donn\u00e9es et combien de temps nous les conservons<\/b><br \/>Lorsque vous laissez un commentaire, ce commentaire et ses m\u00e9tadonn\u00e9es sont conserv\u00e9s ind\u00e9finiment. Cela nous permet de reconna\u00eetre et d&rsquo;approuver automatiquement les commentaires suivants au lieu de les maintenir dans une file de mod\u00e9ration.  <\/p>\n<p>Pour les utilisateurs qui sont inscrits sur notre site web (le cas \u00e9ch\u00e9ant), nous stockons \u00e9galement les informations personnelles qu&rsquo;ils fournissent dans leur profil utilisateur. Tous les utilisateurs peuvent voir, modifier ou supprimer leurs informations personnelles \u00e0 tout moment (\u00e0 l&rsquo;exception de leur nom d&rsquo;utilisateur qui ne peut pas \u00eatre modifi\u00e9). Les administrateurs du site web peuvent aussi voir et modifier ces informations.   <\/p>\n<p><b>Quels droits vous avez sur vos donn\u00e9es<\/b><br \/>Si vous avez un compte sur ce site ou si vous avez laiss\u00e9 des commentaires, vous pouvez demander un fichier d&rsquo;exportation de vos donn\u00e9es personnelles que nous d\u00e9tenons, y compris toutes les donn\u00e9es que vous nous avez fournies. Vous pouvez \u00e9galement demander que nous supprimions toutes les donn\u00e9es personnelles vous concernant. Cela ne comprend pas les donn\u00e9es que nous sommes tenus de conserver \u00e0 des fins administratives, l\u00e9gales ou de s\u00e9curit\u00e9.   <\/p>\n<p><b>O\u00f9 nous envoyons vos donn\u00e9es<\/b><br \/>Les commentaires des visiteurs peuvent \u00eatre v\u00e9rifi\u00e9s par un service automatis\u00e9 de d\u00e9tection des spams.<\/p>\n\t\t<\/div>\n\t\t\t\t\t<\/div>\n\n\t\n<\/div>\n\t\t<\/div>\n\n\t\t\n<style>\n#section_362595250 {\n  padding-top: 30px;\n  padding-bottom: 30px;\n}\n<\/style>\n\t<\/section>\n\t\n","protected":false},"excerpt":{"rendered":"","protected":false},"author":1,"featured_media":16191,"parent":0,"menu_order":0,"comment_status":"closed","ping_status":"closed","template":"","meta":{"_acf_changed":false,"content-type":"","footnotes":""},"class_list":["post-16189","page","type-page","status-publish","has-post-thumbnail","hentry"],"acf":[],"_links":{"self":[{"href":"https:\/\/paradise-wilderness.com\/fr\/wp-json\/wp\/v2\/pages\/16189","targetHints":{"allow":["GET"]}}],"collection":[{"href":"https:\/\/paradise-wilderness.com\/fr\/wp-json\/wp\/v2\/pages"}],"about":[{"href":"https:\/\/paradise-wilderness.com\/fr\/wp-json\/wp\/v2\/types\/page"}],"author":[{"embeddable":true,"href":"https:\/\/paradise-wilderness.com\/fr\/wp-json\/wp\/v2\/users\/1"}],"replies":[{"embeddable":true,"href":"https:\/\/paradise-wilderness.com\/fr\/wp-json\/wp\/v2\/comments?post=16189"}],"version-history":[{"count":5,"href":"https:\/\/paradise-wilderness.com\/fr\/wp-json\/wp\/v2\/pages\/16189\/revisions"}],"predecessor-version":[{"id":16217,"href":"https:\/\/paradise-wilderness.com\/fr\/wp-json\/wp\/v2\/pages\/16189\/revisions\/16217"}],"wp:featuredmedia":[{"embeddable":true,"href":"https:\/\/paradise-wilderness.com\/fr\/wp-json\/wp\/v2\/media\/16191"}],"wp:attachment":[{"href":"https:\/\/paradise-wilderness.com\/fr\/wp-json\/wp\/v2\/media?parent=16189"}],"curies":[{"name":"wp","href":"https:\/\/api.w.org\/{rel}","templated":true}]}}