{"id":16775,"date":"2025-06-06T07:16:31","date_gmt":"2025-06-06T05:16:31","guid":{"rendered":"https:\/\/paradise-wilderness.com\/a-propos-de-nous\/"},"modified":"2025-11-18T11:42:10","modified_gmt":"2025-11-18T09:42:10","slug":"a-propos-de-nous","status":"publish","type":"page","link":"https:\/\/paradise-wilderness.com\/fr\/a-propos-de-nous\/","title":{"rendered":"\u00c0 propos de nous"},"content":{"rendered":"\n\t<section class=\"section video-section content-bottom dark\" id=\"section_1249747431\">\n\t\t<div class=\"section-bg fill\" >\n\t\t\t<img decoding=\"async\" width=\"2560\" height=\"1441\" data-src=\"https:\/\/paradise-wilderness.com\/wp-content\/smush-webp\/Header-Over-Ons-scaled.jpg.webp\" class=\"bg attachment-original size-original lazyload\" alt=\"\" src=\"data:image\/svg+xml;base64,PHN2ZyB3aWR0aD0iMSIgaGVpZ2h0PSIxIiB4bWxucz0iaHR0cDovL3d3dy53My5vcmcvMjAwMC9zdmciPjwvc3ZnPg==\" style=\"--smush-placeholder-width: 2560px; --smush-placeholder-aspect-ratio: 2560\/1441;\" \/>\t\t\t\t\t\t<div class=\"section-bg-overlay absolute fill\"><\/div>\n\t\t\t\n\n\t\t<\/div>\n\n\t\t\n\n\t\t<div class=\"section-content relative\">\n\t\t\t\n<div class=\"row\"  id=\"row-1646322583\">\n\n\t<div id=\"col-1496502079\" class=\"col medium-12 small-12 large-9\"  >\n\t\t\t\t<div class=\"col-inner text-shadow-1\"  >\n\t\t\t\n\t\t\t\n\t<div id=\"text-2072200692\" class=\"text\">\n\t\t\n<h1>D\u00e9couvrez Paradise &amp; Wilderness<\/h1>\n\t\t\n<style>\n#text-2072200692 {\n  font-size: 1.2rem;\n  text-align: center;\n}\n@media (min-width:850px) {\n  #text-2072200692 {\n    font-size: 0.8rem;\n    text-align: left;\n  }\n}\n<\/style>\n\t<\/div>\n\t\n\t\t<\/div>\n\t\t\t\t\t<\/div>\n\n\t\n<\/div>\n\t\t<\/div>\n\n\t\t\n<style>\n#section_1249747431 {\n  padding-top: 30px;\n  padding-bottom: 30px;\n  min-height: 600px;\n}\n#section_1249747431 .section-bg-overlay {\n  background-color: rgba(170, 121, 69, 0);\n}\n#section_1249747431 .section-bg img {\n  object-position: 52% 53%;\n}\n@media (min-width:550px) {\n  #section_1249747431 {\n    padding-top: 80px;\n    padding-bottom: 80px;\n    min-height: 650px;\n  }\n}\n@media (min-width:850px) {\n  #section_1249747431 {\n    min-height: 550px;\n  }\n}\n<\/style>\n\t<\/section>\n\t\n\n\t<section class=\"section\" id=\"section_1557717379\">\n\t\t<div class=\"section-bg fill\" >\n\t\t\t\t\t\t\t\t\t\n\t\t\t\n\n\t\t<\/div>\n\n\t\t\n\n\t\t<div class=\"section-content relative\">\n\t\t\t\n\t<div id=\"gap-1014101681\" class=\"gap-element clearfix\" style=\"display:block; height:auto;\">\n\t\t\n<style>\n#gap-1014101681 {\n  padding-top: 60px;\n}\n@media (min-width:550px) {\n  #gap-1014101681 {\n    padding-top: 80px;\n  }\n}\n@media (min-width:850px) {\n  #gap-1014101681 {\n    padding-top: 100px;\n  }\n}\n<\/style>\n\t<\/div>\n\t\n<div class=\"row\"  id=\"row-30152566\">\n\n\t<div id=\"col-1301190490\" class=\"col small-12 large-12\"  >\n\t\t\t\t<div class=\"col-inner\"  >\n\t\t\t\n\t\t\t\n\n\n\n\t\t<\/div>\n\t\t\t\t\t<\/div>\n\n\t\n<\/div>\n<div class=\"row row-collapse row-full-width align-middle\"  id=\"row-1022619216\">\n\n\t<div id=\"col-895160055\" class=\"col img-col medium-5 small-12 large-5\"  >\n\t\t\t\t<div class=\"col-inner\"  >\n\t\t\t\n\t\t\t\n\t<div class=\"img has-hover x md-x lg-x y md-y lg-y\" id=\"image_1944134051\">\n\t\t\t\t\t\t\t\t<div class=\"img-inner image-cover dark\" style=\"padding-top:100%;margin:0px 0px 0px -25px;\">\n\t\t\t<img decoding=\"async\" width=\"1020\" height=\"680\" data-src=\"https:\/\/paradise-wilderness.com\/wp-content\/uploads\/Familie-Schoonvelde-2-scaled-1-1.webp\" class=\"attachment-large size-large lazyload\" alt=\"\" data-srcset=\"https:\/\/paradise-wilderness.com\/wp-content\/uploads\/Familie-Schoonvelde-2-scaled-1-1.webp 2560w, https:\/\/paradise-wilderness.com\/wp-content\/uploads\/Familie-Schoonvelde-2-scaled-1-1-600x400.webp 600w, https:\/\/paradise-wilderness.com\/wp-content\/uploads\/Familie-Schoonvelde-2-scaled-1-1-768x512.webp 768w, https:\/\/paradise-wilderness.com\/wp-content\/uploads\/Familie-Schoonvelde-2-scaled-1-1-1536x1024.webp 1536w, https:\/\/paradise-wilderness.com\/wp-content\/uploads\/Familie-Schoonvelde-2-scaled-1-1-2048x1365.webp 2048w\" data-sizes=\"(max-width: 1020px) 100vw, 1020px\" src=\"data:image\/svg+xml;base64,PHN2ZyB3aWR0aD0iMSIgaGVpZ2h0PSIxIiB4bWxucz0iaHR0cDovL3d3dy53My5vcmcvMjAwMC9zdmciPjwvc3ZnPg==\" style=\"--smush-placeholder-width: 1020px; --smush-placeholder-aspect-ratio: 1020\/680;\" \/>\t\t\t\t\t\t\n\t\t\t\t\t<\/div>\n\t\t\t\t\t\t\t\t\n<style>\n#image_1944134051 {\n  width: 93%;\n}\n@media (min-width:550px) {\n  #image_1944134051 {\n    width: 100%;\n  }\n}\n<\/style>\n\t<\/div>\n\t\n\t\t<\/div>\n\t\t\t\t\t<\/div>\n\n\t\n\n\t<div id=\"col-1779802729\" class=\"col medium-7 small-12 large-7\"  >\n\t\t\t\t<div class=\"col-inner\"  >\n\t\t\t\n\t\t\t\n<h2>Notre r\u00eave<\/h2>\n<p>\u00cates-vous curieux de d\u00e9couvrir la beaut\u00e9 et la richesse du pays magique qu&rsquo;est la Tanzanie ? Alors vous \u00eates au bon endroit, car la Tanzanie est notre maison ! Le pays du Kilimandjaro, de Zanzibar et des parcs nationaux de safari mondialement connus.   <\/p>\n<p>Nous sommes experts en safaris en Tanzanie et sp\u00e9cialistes des vacances \u00e0 Zanzibar. Le tout g\u00e9r\u00e9 par le propri\u00e9taire n\u00e9erlandais Bert Schoonvelde. Il y a des ann\u00e9es, il est venu \u00e0 Zanzibar en vacances et est tomb\u00e9 amoureux de cet endroit magnifique.   <\/p>\n<p>La combinaison de la culture, des incroyables plages de sable blanc et des plus grandes r\u00e9serves animali\u00e8res d&rsquo;Afrique fait de la Tanzanie un lieu unique. \u00ab Mes vacances en Tanzanie \u00e9taient trop courtes pour conna\u00eetre ce pays magique, alors je suis rest\u00e9 et j&rsquo;ai fait de mon r\u00eave mon travail \u00bb, d\u00e9clare Bert Schoonvelde.  <\/p>\n<p>Karibu (bienvenue) !<\/p>\n\t\t<\/div>\n\t\t\t\t\n<style>\n#col-1779802729 > .col-inner {\n  padding: 5% 5% 5% 5%;\n  max-width: 790px;\n}\n@media (min-width:550px) {\n  #col-1779802729 > .col-inner {\n    padding: 5% 5% 5% 10%;\n  }\n}\n<\/style>\n\t<\/div>\n\n\t\n<\/div>\n\t<div id=\"gap-1330120865\" class=\"gap-element clearfix\" style=\"display:block; height:auto;\">\n\t\t\n<style>\n#gap-1330120865 {\n  padding-top: 60px;\n}\n@media (min-width:550px) {\n  #gap-1330120865 {\n    padding-top: 60px;\n  }\n}\n@media (min-width:850px) {\n  #gap-1330120865 {\n    padding-top: 60px;\n  }\n}\n<\/style>\n\t<\/div>\n\t\n<div class=\"row align-center\"  id=\"row-677464338\">\n\n\t<div id=\"col-182874530\" class=\"col medium-11 small-12 large-10\"  >\n\t\t\t\t<div class=\"col-inner text-left\"  >\n\t\t\t\n\t\t\t\n<h2>Voici nos valeurs<\/h2>\n<p>Notre vision est de cr\u00e9er des exp\u00e9riences inoubliables pour vous en tant que notre invit\u00e9. Nous voulons assurer votre satisfaction pendant votre s\u00e9jour dans l&rsquo;un de nos h\u00e9bergements confortables en Tanzanie et \u00e0 Zanzibar. Nous voulons d\u00e9passer vos attentes, avec chaque d\u00e9tail soigneusement \u00e9labor\u00e9 par nos soins.   <\/p>\n<p>De votre arriv\u00e9e jusqu&rsquo;\u00e0 votre d\u00e9part, nous nous effor\u00e7ons de vous proposer un programme complet qui englobe tous les aspects d&rsquo;un s\u00e9jour de r\u00eave en Tanzanie et \u00e0 Zanzibar. Que ce soit la d\u00e9couverte de la faune lors d&rsquo;un safari extraordinaire, la d\u00e9tente sur les plages nacr\u00e9es de Zanzibar ou l&rsquo;immersion dans la vibrante culture locale. Vous ne pouvez vous attendre qu&rsquo;\u00e0 un circuit exceptionnel et inoubliable avec nous.  <\/p>\n\t\t<\/div>\n\t\t\t\t\t<\/div>\n\n\t\n<\/div>\n\t<div id=\"gap-2065661409\" class=\"gap-element clearfix\" style=\"display:block; height:auto;\">\n\t\t\n<style>\n#gap-2065661409 {\n  padding-top: 60px;\n}\n@media (min-width:550px) {\n  #gap-2065661409 {\n    padding-top: 60px;\n  }\n}\n@media (min-width:850px) {\n  #gap-2065661409 {\n    padding-top: 60px;\n  }\n}\n<\/style>\n\t<\/div>\n\t\n<div class=\"row row-collapse row-full-width align-middle\"  id=\"row-2016163305\">\n\n\t<div id=\"col-867772492\" class=\"col medium-7 small-12 large-7\"  >\n\t\t\t\t<div class=\"col-inner\"  >\n\t\t\t\n\t\t\t\n<h2>Rencontrez Anouk<\/h2>\n<p>Descendre de l&rsquo;avion, humer cette odeur particuli\u00e8re et penser \u00ab Oui, je suis de nouveau chez moi ! \u00bb Je ressens ce sentiment \u00e0 chaque fois que je voyage dans ce pays extraordinaire. Apr\u00e8s plusieurs merveilleux voyages en Afrique de l&rsquo;Est et avoir eu l&rsquo;opportunit\u00e9 de vivre en Tanzanie et \u00e0 Zanzibar pendant pr\u00e8s de deux ans, j&rsquo;ai vraiment trouv\u00e9 ma passion dans ce travail. Enthousiasmer tout le monde \u00e0 voyager en Tanzanie et \u00e0 Zanzibar et \u00eatre enchant\u00e9e par la combinaison unique que ce pays a \u00e0 offrir.    <\/p>\n<p>Le frisson d&rsquo;observer la faune sauvage, la paix que l&rsquo;on ressent dans une nature vierge et le plaisir ultime des plages nacr\u00e9es de Zanzibar. Clich\u00e9 ? Absolument ! Exag\u00e9r\u00e9 ? Pas du tout ! Allez-y et vivez-le par vous-m\u00eame. Vous verrez que je n&rsquo;ai pas menti d&rsquo;un mot.       <\/p>\n<p>Je m&rsquo;appelle Anouk Arts, consultante Beach &amp; Safari chez Paradise &amp; Wilderness. J&rsquo;aime \u00e9couter vos souhaits et je suis heureuse de travailler avec vous pour organiser le circuit id\u00e9al. Safari Njema (Bon voyage) !  <\/p>\n\t\t<\/div>\n\t\t\t\t\n<style>\n#col-867772492 > .col-inner {\n  padding: 5% 5% 5% 5%;\n  max-width: 790px;\n}\n@media (min-width:550px) {\n  #col-867772492 > .col-inner {\n    padding: 5% 10% 5% 5%;\n  }\n}\n<\/style>\n\t<\/div>\n\n\t\n\n\t<div id=\"col-1851317574\" class=\"col img-col medium-5 small-12 large-5 small-col-first\"  >\n\t\t\t\t<div class=\"col-inner\"  >\n\t\t\t\n\t\t\t\n\t<div class=\"img has-hover x md-x lg-x y md-y lg-y\" id=\"image_675162476\">\n\t\t\t\t\t\t\t\t<div class=\"img-inner image-cover dark\" style=\"padding-top:100%;margin:0px -25px 0px 0px;\">\n\t\t\t<img decoding=\"async\" width=\"2247\" height=\"2560\" data-src=\"https:\/\/paradise-wilderness.com\/wp-content\/smush-webp\/Anouk_Arts-scaled.jpg.webp\" class=\"attachment-original size-original lazyload\" alt=\"\" data-srcset=\"https:\/\/paradise-wilderness.com\/wp-content\/smush-webp\/Anouk_Arts-scaled.jpg.webp 2247w, https:\/\/paradise-wilderness.com\/wp-content\/smush-webp\/Anouk_Arts-527x600.jpg.webp 527w, https:\/\/paradise-wilderness.com\/wp-content\/smush-webp\/Anouk_Arts-899x1024.jpg.webp 899w, https:\/\/paradise-wilderness.com\/wp-content\/smush-webp\/Anouk_Arts-768x875.jpg.webp 768w, https:\/\/paradise-wilderness.com\/wp-content\/smush-webp\/Anouk_Arts-1348x1536.jpg.webp 1348w, https:\/\/paradise-wilderness.com\/wp-content\/smush-webp\/Anouk_Arts-1798x2048.jpg.webp 1798w\" data-sizes=\"(max-width: 2247px) 100vw, 2247px\" src=\"data:image\/svg+xml;base64,PHN2ZyB3aWR0aD0iMSIgaGVpZ2h0PSIxIiB4bWxucz0iaHR0cDovL3d3dy53My5vcmcvMjAwMC9zdmciPjwvc3ZnPg==\" style=\"--smush-placeholder-width: 2247px; --smush-placeholder-aspect-ratio: 2247\/2560;\" \/>\t\t\t\t\t\t\n\t\t\t\t\t<\/div>\n\t\t\t\t\t\t\t\t\n<style>\n#image_675162476 {\n  width: 95%;\n}\n@media (min-width:550px) {\n  #image_675162476 {\n    width: 100%;\n  }\n}\n<\/style>\n\t<\/div>\n\t\n\t\t<\/div>\n\t\t\t\t\n<style>\n#col-1851317574 > .col-inner {\n  margin: 0px 0px 0px 25px;\n}\n@media (min-width:550px) {\n  #col-1851317574 > .col-inner {\n    margin: 0px 0px 0px 0px;\n  }\n}\n@media (min-width:850px) {\n  #col-1851317574 > .col-inner {\n    margin: 0px 0px 0px 0px;\n  }\n}\n<\/style>\n\t<\/div>\n\n\t\n<\/div>\n\t<div id=\"gap-1560660795\" class=\"gap-element clearfix\" style=\"display:block; height:auto;\">\n\t\t\n<style>\n#gap-1560660795 {\n  padding-top: 60px;\n}\n@media (min-width:550px) {\n  #gap-1560660795 {\n    padding-top: 60px;\n  }\n}\n@media (min-width:850px) {\n  #gap-1560660795 {\n    padding-top: 60px;\n  }\n}\n<\/style>\n\t<\/div>\n\t\n<div class=\"row\"  id=\"row-282690007\">\n\n\t<div id=\"col-1231154119\" class=\"col small-12 large-12\"  >\n\t\t\t\t<div class=\"col-inner box-shadow-1\" style=\"background-color:rgba(255, 255, 255, 0.75);\" >\n\t\t\t\n\t\t\t\n<div class=\"row align-equal\"  id=\"row-188223106\">\n\n\t<div id=\"col-744924091\" class=\"col medium-6 small-12 large-4\"  >\n\t\t\t\t<div class=\"col-inner\"  >\n\t\t\t\n\t\t\t\n\n\t\t<div class=\"icon-box featured-box icon-box-left text-left\"  >\n\t\t\t\t\t<div class=\"icon-box-img\" style=\"width: 60px\">\n\t\t\t\t<div class=\"icon\">\n\t\t\t\t\t<div class=\"icon-inner\" >\n\t\t\t\t\t\t<img decoding=\"async\" width=\"1\" height=\"1\" data-src=\"https:\/\/paradise-wilderness.com\/wp-content\/uploads\/accommodatie-icon-light.svg\" class=\"attachment-medium size-medium lazyload\" alt=\"\" src=\"data:image\/svg+xml;base64,PHN2ZyB3aWR0aD0iMSIgaGVpZ2h0PSIxIiB4bWxucz0iaHR0cDovL3d3dy53My5vcmcvMjAwMC9zdmciPjwvc3ZnPg==\" style=\"--smush-placeholder-width: 1px; --smush-placeholder-aspect-ratio: 1\/1;\" \/>\t\t\t\t\t<\/div>\n\t\t\t\t<\/div>\n\t\t\t<\/div>\n\t\t\t\t<div class=\"icon-box-text last-reset\">\n\t\t\t\t\t\t\t\t\t\n<h3>H\u00e9bergements<\/h3>\n<p>Plus qu&rsquo;un simple endroit o\u00f9 dormir ! Tous nos \u00e9tablissements sont situ\u00e9s dans des endroits uniques et chacun a quelque chose de sp\u00e9cial qui rendra votre voyage encore plus m\u00e9morable. Buvez une tasse de caf\u00e9 sur votre v\u00e9randa pendant que les z\u00e8bres passent ou regardez le soleil de Zanzibar se lever depuis votre lit.  <\/p>\n\t\t<\/div>\n\t<\/div>\n\t\n\t\n\t\t<\/div>\n\t\t\t\t\t<\/div>\n\n\t\n\n\t<div id=\"col-468942573\" class=\"col medium-6 small-12 large-4\"  >\n\t\t\t\t<div class=\"col-inner\"  >\n\t\t\t\n\t\t\t\n\n\t\t<div class=\"icon-box featured-box icon-box-left text-left\"  >\n\t\t\t\t\t<div class=\"icon-box-img\" style=\"width: 60px\">\n\t\t\t\t<div class=\"icon\">\n\t\t\t\t\t<div class=\"icon-inner\" >\n\t\t\t\t\t\t<img decoding=\"async\" width=\"1\" height=\"1\" data-src=\"https:\/\/paradise-wilderness.com\/wp-content\/uploads\/kwaliteit-icon-light.svg\" class=\"attachment-medium size-medium lazyload\" alt=\"\" src=\"data:image\/svg+xml;base64,PHN2ZyB3aWR0aD0iMSIgaGVpZ2h0PSIxIiB4bWxucz0iaHR0cDovL3d3dy53My5vcmcvMjAwMC9zdmciPjwvc3ZnPg==\" style=\"--smush-placeholder-width: 1px; --smush-placeholder-aspect-ratio: 1\/1;\" \/>\t\t\t\t\t<\/div>\n\t\t\t\t<\/div>\n\t\t\t<\/div>\n\t\t\t\t<div class=\"icon-box-text last-reset\">\n\t\t\t\t\t\t\t\t\t\n<h3>Qualit\u00e9<\/h3>\n<p>C&rsquo;est notre priorit\u00e9 absolue et vous le constaterez de diff\u00e9rentes mani\u00e8res. Des repas d\u00e9licieux pr\u00e9par\u00e9s par des chefs talentueux, des chauffeurs exp\u00e9riment\u00e9s avec beaucoup de connaissances, un personnel local accueillant et de belles collaborations avec des projets et partenaires locaux. <\/p>\n\t\t<\/div>\n\t<\/div>\n\t\n\t\n\t\t<\/div>\n\t\t\t\t\t<\/div>\n\n\t\n\n\t<div id=\"col-163231330\" class=\"col medium-6 small-12 large-4\"  >\n\t\t\t\t<div class=\"col-inner\"  >\n\t\t\t\n\t\t\t\n\n\t\t<div class=\"icon-box featured-box icon-box-left text-left\"  >\n\t\t\t\t\t<div class=\"icon-box-img\" style=\"width: 60px\">\n\t\t\t\t<div class=\"icon\">\n\t\t\t\t\t<div class=\"icon-inner\" >\n\t\t\t\t\t\t<img decoding=\"async\" width=\"1\" height=\"1\" data-src=\"https:\/\/paradise-wilderness.com\/wp-content\/uploads\/vervoer-icon-light.svg\" class=\"attachment-medium size-medium lazyload\" alt=\"\" src=\"data:image\/svg+xml;base64,PHN2ZyB3aWR0aD0iMSIgaGVpZ2h0PSIxIiB4bWxucz0iaHR0cDovL3d3dy53My5vcmcvMjAwMC9zdmciPjwvc3ZnPg==\" style=\"--smush-placeholder-width: 1px; --smush-placeholder-aspect-ratio: 1\/1;\" \/>\t\t\t\t\t<\/div>\n\t\t\t\t<\/div>\n\t\t\t<\/div>\n\t\t\t\t<div class=\"icon-box-text last-reset\">\n\t\t\t\t\t\t\t\t\t\n<h3>De A \u00e0 Z<\/h3>\n<p>Nous pouvons tout organiser pour vous depuis votre arriv\u00e9e en Tanzanie (ou \u00e0 Zanzibar) jusqu&rsquo;\u00e0 votre enregistrement pour votre vol retour ! Des transferts aux h\u00e9bergements en passant par les jeeps de safari et les excursions. Nos conseils sont authentiques et sans engagement et nous parlons d&rsquo;exp\u00e9rience.  <\/p>\n\t\t<\/div>\n\t<\/div>\n\t\n\t\n\t\t<\/div>\n\t\t\t\t\t<\/div>\n\n\t\n<\/div>\n\t\t<\/div>\n\t\t\t\t\n<style>\n#col-1231154119 > .col-inner {\n  padding: 5% 5% 2% 5%;\n  border-radius: 10px;\n}\n<\/style>\n\t<\/div>\n\n\t\n<\/div>\n\t<div id=\"gap-1862870381\" class=\"gap-element clearfix\" style=\"display:block; height:auto;\">\n\t\t\n<style>\n#gap-1862870381 {\n  padding-top: 60px;\n}\n@media (min-width:550px) {\n  #gap-1862870381 {\n    padding-top: 60px;\n  }\n}\n@media (min-width:850px) {\n  #gap-1862870381 {\n    padding-top: 60px;\n  }\n}\n<\/style>\n\t<\/div>\n\t\n<div class=\"row align-middle\"  id=\"row-799964134\">\n\n\t<div id=\"col-143136847\" class=\"col medium-6 small-12 large-6\"  >\n\t\t\t\t<div class=\"col-inner\"  >\n\t\t\t\n\t\t\t\n\t<div class=\"img has-hover x md-x lg-x y md-y lg-y\" id=\"image_1859980082\">\n\t\t\t\t\t\t\t\t<div class=\"img-inner dark\" >\n\t\t\t<img decoding=\"async\" width=\"2560\" height=\"1707\" data-src=\"https:\/\/paradise-wilderness.com\/wp-content\/smush-webp\/51141580064_0e6b5bc648_o-scaled.jpg.webp\" class=\"attachment-original size-original lazyload\" alt=\"\" data-srcset=\"https:\/\/paradise-wilderness.com\/wp-content\/smush-webp\/51141580064_0e6b5bc648_o-scaled.jpg.webp 2560w, https:\/\/paradise-wilderness.com\/wp-content\/smush-webp\/51141580064_0e6b5bc648_o-600x400.jpg.webp 600w, https:\/\/paradise-wilderness.com\/wp-content\/smush-webp\/51141580064_0e6b5bc648_o-1024x683.jpg.webp 1024w, https:\/\/paradise-wilderness.com\/wp-content\/smush-webp\/51141580064_0e6b5bc648_o-768x512.jpg.webp 768w, https:\/\/paradise-wilderness.com\/wp-content\/smush-webp\/51141580064_0e6b5bc648_o-1536x1024.jpg.webp 1536w, https:\/\/paradise-wilderness.com\/wp-content\/smush-webp\/51141580064_0e6b5bc648_o-2048x1365.jpg.webp 2048w\" data-sizes=\"(max-width: 2560px) 100vw, 2560px\" src=\"data:image\/svg+xml;base64,PHN2ZyB3aWR0aD0iMSIgaGVpZ2h0PSIxIiB4bWxucz0iaHR0cDovL3d3dy53My5vcmcvMjAwMC9zdmciPjwvc3ZnPg==\" style=\"--smush-placeholder-width: 2560px; --smush-placeholder-aspect-ratio: 2560\/1707;\" \/>\t\t\t\t\t\t\n\t\t\t\t\t<\/div>\n\t\t\t\t\t\t\t\t\n<style>\n#image_1859980082 {\n  width: 93%;\n}\n@media (min-width:550px) {\n  #image_1859980082 {\n    width: 100%;\n  }\n}\n<\/style>\n\t<\/div>\n\t\n\t\t<\/div>\n\t\t\t\t\t<\/div>\n\n\t\n\n\t<div id=\"col-935116287\" class=\"col medium-6 small-12 large-6\"  >\n\t\t\t\t<div class=\"col-inner\"  >\n\t\t\t\n\t\t\t\n<h2>Pr\u00eat pour une nouvelle aventure ?<\/h2>\n<p>N&rsquo;attendez plus et commencez d\u00e8s aujourd&rsquo;hui \u00e0 r\u00e9aliser ce safari exceptionnel.<\/p>\n<a href=\"\/fr\/voyages\/\" class=\"button primary lowercase\" style=\"border-radius:99px;\">\n\t\t<span>Voir tous nos circuits<\/span>\n\t<\/a>\n\n\t\t<\/div>\n\t\t\t\t\n<style>\n#col-935116287 > .col-inner {\n  padding: 5% 5% 5% 5%;\n}\n<\/style>\n\t<\/div>\n\n\t\n<\/div>\n\t\t<\/div>\n\n\t\t\n<style>\n#section_1557717379 {\n  padding-top: 30px;\n  padding-bottom: 30px;\n}\n<\/style>\n\t<\/section>\n\t\n","protected":false},"excerpt":{"rendered":"","protected":false},"author":1,"featured_media":16779,"parent":0,"menu_order":0,"comment_status":"closed","ping_status":"closed","template":"","meta":{"_acf_changed":false,"content-type":"","footnotes":""},"class_list":["post-16775","page","type-page","status-publish","has-post-thumbnail","hentry"],"acf":[],"_links":{"self":[{"href":"https:\/\/paradise-wilderness.com\/fr\/wp-json\/wp\/v2\/pages\/16775","targetHints":{"allow":["GET"]}}],"collection":[{"href":"https:\/\/paradise-wilderness.com\/fr\/wp-json\/wp\/v2\/pages"}],"about":[{"href":"https:\/\/paradise-wilderness.com\/fr\/wp-json\/wp\/v2\/types\/page"}],"author":[{"embeddable":true,"href":"https:\/\/paradise-wilderness.com\/fr\/wp-json\/wp\/v2\/users\/1"}],"replies":[{"embeddable":true,"href":"https:\/\/paradise-wilderness.com\/fr\/wp-json\/wp\/v2\/comments?post=16775"}],"version-history":[{"count":11,"href":"https:\/\/paradise-wilderness.com\/fr\/wp-json\/wp\/v2\/pages\/16775\/revisions"}],"predecessor-version":[{"id":18584,"href":"https:\/\/paradise-wilderness.com\/fr\/wp-json\/wp\/v2\/pages\/16775\/revisions\/18584"}],"wp:featuredmedia":[{"embeddable":true,"href":"https:\/\/paradise-wilderness.com\/fr\/wp-json\/wp\/v2\/media\/16779"}],"wp:attachment":[{"href":"https:\/\/paradise-wilderness.com\/fr\/wp-json\/wp\/v2\/media?parent=16775"}],"curies":[{"name":"wp","href":"https:\/\/api.w.org\/{rel}","templated":true}]}}