{"id":15450,"date":"2025-06-06T12:25:23","date_gmt":"2025-06-06T10:25:23","guid":{"rendered":"https:\/\/paradise-wilderness.com\/safari-privato-in-tanzania\/"},"modified":"2025-11-18T12:18:54","modified_gmt":"2025-11-18T10:18:54","slug":"safari-privato-in-tanzania","status":"publish","type":"page","link":"https:\/\/paradise-wilderness.com\/it\/safari-privato-in-tanzania\/","title":{"rendered":"Safari privato in Tanzania"},"content":{"rendered":"\n\t<section class=\"section video-section content-bottom dark\" id=\"section_1552536908\">\n\t\t<div class=\"section-bg fill\" >\n\t\t\t<img decoding=\"async\" width=\"2048\" height=\"1153\" data-src=\"https:\/\/paradise-wilderness.com\/wp-content\/smush-webp\/53664211463_1745d5f639_k.jpg.webp\" class=\"bg attachment-original size-original lazyload\" alt=\"\" src=\"data:image\/svg+xml;base64,PHN2ZyB3aWR0aD0iMSIgaGVpZ2h0PSIxIiB4bWxucz0iaHR0cDovL3d3dy53My5vcmcvMjAwMC9zdmciPjwvc3ZnPg==\" style=\"--smush-placeholder-width: 2048px; --smush-placeholder-aspect-ratio: 2048\/1153;\" \/>\t\t\t\t\t\t<div class=\"section-bg-overlay absolute fill\"><\/div>\n\t\t\t\n\n\t\t<\/div>\n\n\t\t\n\n\t\t<div class=\"section-content relative\">\n\t\t\t\n<div class=\"row\"  id=\"row-1265131418\">\n\n\t<div id=\"col-1071516410\" class=\"col medium-12 small-12 large-7\"  >\n\t\t\t\t<div class=\"col-inner text-shadow-1\"  >\n\t\t\t\n\t\t\t\n\t<div id=\"text-3506849185\" class=\"text\">\n\t\t\n<h1>Safari privato in Tanzania<\/h1>\n\t\t\n<style>\n#text-3506849185 {\n  font-size: 1.2rem;\n  text-align: center;\n}\n@media (min-width:850px) {\n  #text-3506849185 {\n    font-size: 0.8rem;\n    text-align: left;\n  }\n}\n<\/style>\n\t<\/div>\n\t\n\t\t<\/div>\n\t\t\t\t\t<\/div>\n\n\t\n<\/div>\n\t\t<\/div>\n\n\t\t\n<style>\n#section_1552536908 {\n  padding-top: 30px;\n  padding-bottom: 30px;\n  min-height: 600px;\n}\n#section_1552536908 .section-bg-overlay {\n  background-color: rgba(170, 121, 69, 0);\n}\n#section_1552536908 .section-bg img {\n  object-position: 61% 42%;\n}\n@media (min-width:550px) {\n  #section_1552536908 {\n    padding-top: 80px;\n    padding-bottom: 80px;\n    min-height: 650px;\n  }\n}\n@media (min-width:850px) {\n  #section_1552536908 {\n    min-height: 550px;\n  }\n}\n<\/style>\n\t<\/section>\n\t\n\n\t<section class=\"section\" id=\"section_1585023175\">\n\t\t<div class=\"section-bg fill\" >\n\t\t\t\t\t\t\t\t\t\n\t\t\t\n\n\t\t<\/div>\n\n\t\t\n\n\t\t<div class=\"section-content relative\">\n\t\t\t\n<div class=\"row row-small align-middle align-center\"  id=\"row-1256848532\">\n\n\t<div id=\"col-1633454862\" class=\"col img-col small-12 large-12\"  >\n\t\t\t\t<div class=\"col-inner text-center\"  >\n\t\t\t\n\t\t\t\n\n<div class=\"reizen-grid row\">            <div class=\"col large-4 medium-6 reizen-grid-item\">\n                <a href=\"https:\/\/paradise-wilderness.com\/it\/viaggi\/14-giorni-il-meglio-del-circuito-settentrionale-zanzibar\/\" \n                class=\"reizen-image-box lazyload\" \n                style=\"background-image:inherit;\" data-bg-image=\"url(&#039;https:\/\/paradise-wilderness.com\/wp-content\/smush-webp\/Serengeti_National_Park_01.jpg.webp&#039;)\">\n                    \n                    <div class=\"reizen-image-box-overlay\"><\/div>\n                    <div class=\"reizen-image-box-content\">\n                        <h4 class=\"reizen-title\">14 giorni | Il meglio del circuito settentrionale &amp; Zanzibar<\/h4>\n                    <\/div>\n                <\/a>\n            <\/div>\n                        <div class=\"col large-4 medium-6 reizen-grid-item\">\n                <a href=\"https:\/\/paradise-wilderness.com\/it\/viaggi\/13-giorni-circuito-completo-del-nord\/\" \n                class=\"reizen-image-box lazyload\" \n                style=\"background-image:inherit;\" data-bg-image=\"url(&#039;https:\/\/paradise-wilderness.com\/wp-content\/smush-webp\/32443112887_9b7910beaa_o-1-scaled.jpg.webp&#039;)\">\n                    \n                    <div class=\"reizen-image-box-overlay\"><\/div>\n                    <div class=\"reizen-image-box-content\">\n                        <h4 class=\"reizen-title\">13 giorni | Circuito completo del Nord<\/h4>\n                    <\/div>\n                <\/a>\n            <\/div>\n                        <div class=\"col large-4 medium-6 reizen-grid-item\">\n                <a href=\"https:\/\/paradise-wilderness.com\/it\/viaggi\/12-giorni-circuito-settentrionale-completo\/\" \n                class=\"reizen-image-box lazyload\" \n                style=\"background-image:inherit;\" data-bg-image=\"url(&#039;https:\/\/paradise-wilderness.com\/wp-content\/smush-webp\/47385159761_fd2222901e_o.jpg.webp&#039;)\">\n                    \n                    <div class=\"reizen-image-box-overlay\"><\/div>\n                    <div class=\"reizen-image-box-content\">\n                        <h4 class=\"reizen-title\">12 Giorni | Circuito Settentrionale Completo<\/h4>\n                    <\/div>\n                <\/a>\n            <\/div>\n                        <div class=\"col large-4 medium-6 reizen-grid-item\">\n                <a href=\"https:\/\/paradise-wilderness.com\/it\/viaggi\/11-giorni-fauna-selvatica-spiagge-bianche\/\" \n                class=\"reizen-image-box lazyload\" \n                style=\"background-image:inherit;\" data-bg-image=\"url(&#039;https:\/\/paradise-wilderness.com\/wp-content\/smush-webp\/52718291175_7c78b09810_o-scaled.jpg.webp&#039;)\">\n                    \n                    <div class=\"reizen-image-box-overlay\"><\/div>\n                    <div class=\"reizen-image-box-content\">\n                        <h4 class=\"reizen-title\">11 Giorni | Fauna selvatica &amp; Spiagge Bianche<\/h4>\n                    <\/div>\n                <\/a>\n            <\/div>\n                        <div class=\"col large-4 medium-6 reizen-grid-item\">\n                <a href=\"https:\/\/paradise-wilderness.com\/it\/viaggi\/11-giorni-tanzania-incredibile\/\" \n                class=\"reizen-image-box lazyload\" \n                style=\"background-image:inherit;\" data-bg-image=\"url(&#039;https:\/\/paradise-wilderness.com\/wp-content\/smush-webp\/51712236007_10fd7d90fa_o-scaled.jpg.webp&#039;)\">\n                    \n                    <div class=\"reizen-image-box-overlay\"><\/div>\n                    <div class=\"reizen-image-box-content\">\n                        <h4 class=\"reizen-title\">11 giorni | Tanzania incredibile<\/h4>\n                    <\/div>\n                <\/a>\n            <\/div>\n                        <div class=\"col large-4 medium-6 reizen-grid-item\">\n                <a href=\"https:\/\/paradise-wilderness.com\/it\/viaggi\/11-giorni-classici-della-tanzania\/\" \n                class=\"reizen-image-box lazyload\" \n                style=\"background-image:inherit;\" data-bg-image=\"url(&#039;https:\/\/paradise-wilderness.com\/wp-content\/smush-webp\/52880041525_dbaa618d3b_o-scaled.jpg.webp&#039;)\">\n                    \n                    <div class=\"reizen-image-box-overlay\"><\/div>\n                    <div class=\"reizen-image-box-content\">\n                        <h4 class=\"reizen-title\">11 giorni | Classici della Tanzania<\/h4>\n                    <\/div>\n                <\/a>\n            <\/div>\n            <\/div>\n\n\t\t<\/div>\n\t\t\t\t\n<style>\n#col-1633454862 > .col-inner {\n  margin: -50px 0px 0px 0px;\n}\n<\/style>\n\t<\/div>\n\n\t\n\n\t<div id=\"col-1464885350\" class=\"col small-12 large-12\"  >\n\t\t\t\t<div class=\"col-inner text-center\"  >\n\t\t\t\n\t\t\t\n<a href=\"\/it\/viaggi\/\" class=\"button secondary is-link lowercase\" >\n\t\t<span>Visualizza tutti i tour<\/span>\n\t<\/a>\n\n\t\t<\/div>\n\t\t\t\t\t<\/div>\n\n\t\n<\/div>\n\t<div id=\"gap-933722647\" class=\"gap-element clearfix\" style=\"display:block; height:auto;\">\n\t\t\n<style>\n#gap-933722647 {\n  padding-top: 60px;\n}\n@media (min-width:550px) {\n  #gap-933722647 {\n    padding-top: 80px;\n  }\n}\n@media (min-width:850px) {\n  #gap-933722647 {\n    padding-top: 60px;\n  }\n}\n<\/style>\n\t<\/div>\n\t\n<div class=\"row row-collapse row-full-width align-equal\"  id=\"row-471191698\">\n\n\t<div id=\"col-67024157\" class=\"col img-col medium-5 small-12 large-5\"  >\n\t\t\t\t<div class=\"col-inner\"  >\n\t\t\t\n\t\t\t\n\t<div class=\"img has-hover x md-x lg-x y md-y lg-y\" id=\"image_847596449\">\n\t\t\t\t\t\t\t\t<div class=\"img-inner dark\" style=\"margin:0px 0px 0px -25px;\">\n\t\t\t<img decoding=\"async\" width=\"2560\" height=\"1707\" data-src=\"https:\/\/paradise-wilderness.com\/wp-content\/smush-webp\/Bird-watch-Manyara-shutterstock_1015940902-scaled.jpg.webp\" class=\"attachment-original size-original lazyload\" alt=\"\" data-srcset=\"https:\/\/paradise-wilderness.com\/wp-content\/smush-webp\/Bird-watch-Manyara-shutterstock_1015940902-scaled.jpg.webp 2560w, https:\/\/paradise-wilderness.com\/wp-content\/smush-webp\/Bird-watch-Manyara-shutterstock_1015940902-600x400.jpg.webp 600w, https:\/\/paradise-wilderness.com\/wp-content\/smush-webp\/Bird-watch-Manyara-shutterstock_1015940902-1024x683.jpg.webp 1024w, https:\/\/paradise-wilderness.com\/wp-content\/smush-webp\/Bird-watch-Manyara-shutterstock_1015940902-768x512.jpg.webp 768w, https:\/\/paradise-wilderness.com\/wp-content\/smush-webp\/Bird-watch-Manyara-shutterstock_1015940902-1536x1024.jpg.webp 1536w, https:\/\/paradise-wilderness.com\/wp-content\/smush-webp\/Bird-watch-Manyara-shutterstock_1015940902-2048x1365.jpg.webp 2048w\" data-sizes=\"(max-width: 2560px) 100vw, 2560px\" src=\"data:image\/svg+xml;base64,PHN2ZyB3aWR0aD0iMSIgaGVpZ2h0PSIxIiB4bWxucz0iaHR0cDovL3d3dy53My5vcmcvMjAwMC9zdmciPjwvc3ZnPg==\" style=\"--smush-placeholder-width: 2560px; --smush-placeholder-aspect-ratio: 2560\/1707;\" \/>\t\t\t\t\t\t\n\t\t\t\t\t<\/div>\n\t\t\t\t\t\t\t\t\n<style>\n#image_847596449 {\n  width: 93%;\n}\n@media (min-width:550px) {\n  #image_847596449 {\n    width: 100%;\n  }\n}\n<\/style>\n\t<\/div>\n\t\n\t\t<\/div>\n\t\t\t\t\t<\/div>\n\n\t\n\n\t<div id=\"col-1785950409\" class=\"col medium-7 small-12 large-7\"  >\n\t\t\t\t<div class=\"col-inner\"  >\n\t\t\t\n\t\t\t\n\n\n\n<h2>Vivi la Tanzania a modo tuo con un safari privato<\/h2>\n<p>Sogni un safari privato dove tu e il tuo gruppo possiate esplorare la natura selvaggia della Tanzania? Noi di Paradise and Wilderness offriamo a te e ai tuoi compagni di viaggio la possibilit\u00e0 di vivere la natura tanzaniana in modo esclusivo e personale. Mentre viaggi attraverso i paesaggi mozzafiato nella tua jeep privata, godrai anche di momenti indimenticabili insieme. Il tuo ranger personale ti condurr\u00e0 alla ricerca dei big five e ti mostrer\u00e0 le magnifiche scene della grande migrazione.    <\/p>\n<p>Contattaci per un itinerario personalizzato, preparato dalla nostra impiegata olandese. Sar\u00e0 lieta di discutere le tue esigenze e i tuoi desideri. Sulla base di queste informazioni, potr\u00e0 creare un itinerario su misura per il tuo safari.<\/p>\n<a href=\"#request-advice\" class=\"button primary lowercase\" style=\"border-radius:99px;\">\n\t\t<span>Richiedi safari privato<\/span>\n\t<\/a>\n\n\t\t<\/div>\n\t\t\t\t\n<style>\n#col-1785950409 > .col-inner {\n  padding: 5% 5% 5% 5%;\n  max-width: 790px;\n}\n@media (min-width:550px) {\n  #col-1785950409 > .col-inner {\n    padding: 5% 5% 5% 10%;\n  }\n}\n<\/style>\n\t<\/div>\n\n\t\n<\/div>\n\t<div id=\"gap-1106820340\" class=\"gap-element clearfix\" style=\"display:block; height:auto;\">\n\t\t\n<style>\n#gap-1106820340 {\n  padding-top: 60px;\n}\n<\/style>\n\t<\/div>\n\t\n<div class=\"row\"  id=\"row-1293440505\">\n\n\t<div id=\"col-1191108241\" class=\"col small-12 large-12\"  >\n\t\t\t\t<div class=\"col-inner\"  >\n\t\t\t\n\t\t\t\n\n\n\n\t\t<\/div>\n\t\t\t\t\t<\/div>\n\n\t\n<\/div>\n\t<div id=\"gap-1586703241\" class=\"gap-element clearfix\" style=\"display:block; height:auto;\">\n\t\t\n<style>\n#gap-1586703241 {\n  padding-top: 60px;\n}\n<\/style>\n\t<\/div>\n\t\n<div class=\"row row-collapse row-full-width align-equal\"  id=\"row-1985377794\">\n\n\t<div id=\"col-1701552106\" class=\"col medium-7 small-12 large-7\"  >\n\t\t\t\t<div class=\"col-inner\"  >\n\t\t\t\n\t\t\t\n<h2>Tanzania: il cuore della natura selvaggia africana<\/h2>\n<p>La Tanzania \u00e8 la destinazione safari per eccellenza dell&#8217;Africa, un paese con paesaggi meravigliosi e molta diversit\u00e0. Dalle infinite pianure del <g id=\"gid_0\"><g id=\"gid_1\">Serengeti<\/g><\/g>, dove milioni di gnu e zebre vagano durante la grande migrazione, al famoso in tutto il mondo <g id=\"gid_2\"><g id=\"gid_3\">Cratere di Ngorongoro<\/g><\/g>, dove vaga il raro rinoceronte nero. \u2014 La Tanzania \u00e8 il paese ideale per il tuo safari.   <\/p>\n<p>Oltre alla natura mozzafiato, la Tanzania offre molto di pi\u00f9. \u00c8 anche un paese ricco di cultura e ospitalit\u00e0. Durante il tuo safari privato, non solo incontrerai il re della giungla, ma anche le trib\u00f9 indigene e le loro tradizioni. Ad esempio, visita un villaggio Maasai e scopri le loro antiche tradizioni e il loro stile di vita. Visiterai anche i mercati locali e assaggerai i sapori delle diverse trib\u00f9. In questo modo, entrerai davvero nella vita tradizionale tanzaniana.      <\/p>\n<p>Oltre a culture e parchi nazionali, la Tanzania custodisce un altro imponente punto di riferimento. La montagna pi\u00f9 alta a s\u00e9 stante del mondo e il tetto dell&#8217;Africa: il Monte <g id=\"gid_0\"><g id=\"gid_1\">Kilimanjaro<\/g><\/g>. Sebbene non scalerai necessariamente la montagna durante il tuo safari, la vista di questa imponente montagna \u00e8 piuttosto spettacolare.<\/p>\n\t\t<\/div>\n\t\t\t\t\n<style>\n#col-1701552106 > .col-inner {\n  padding: 5% 5% 5% 5%;\n  max-width: 790px;\n}\n@media (min-width:550px) {\n  #col-1701552106 > .col-inner {\n    padding: 5% 10% 5% 5%;\n  }\n}\n<\/style>\n\t<\/div>\n\n\t\n\n\t<div id=\"col-1289692643\" class=\"col img-col medium-5 small-12 large-5 small-col-first\"  >\n\t\t\t\t<div class=\"col-inner\"  >\n\t\t\t\n\t\t\t\n\t<div class=\"img has-hover x md-x lg-x y md-y lg-y\" id=\"image_1975973605\">\n\t\t\t\t\t\t\t\t<div class=\"img-inner dark\" style=\"margin:0px -25px 0px 0px;\">\n\t\t\t<img decoding=\"async\" width=\"2560\" height=\"1440\" data-src=\"https:\/\/paradise-wilderness.com\/wp-content\/smush-webp\/51266199064_274f2d6182_o-scaled.jpg.webp\" class=\"attachment-original size-original lazyload\" alt=\"\" data-srcset=\"https:\/\/paradise-wilderness.com\/wp-content\/smush-webp\/51266199064_274f2d6182_o-scaled.jpg.webp 2560w, https:\/\/paradise-wilderness.com\/wp-content\/smush-webp\/51266199064_274f2d6182_o-600x338.jpg.webp 600w, https:\/\/paradise-wilderness.com\/wp-content\/smush-webp\/51266199064_274f2d6182_o-1024x576.jpg.webp 1024w, https:\/\/paradise-wilderness.com\/wp-content\/smush-webp\/51266199064_274f2d6182_o-768x432.jpg.webp 768w, https:\/\/paradise-wilderness.com\/wp-content\/smush-webp\/51266199064_274f2d6182_o-1536x864.jpg.webp 1536w, https:\/\/paradise-wilderness.com\/wp-content\/smush-webp\/51266199064_274f2d6182_o-2048x1152.jpg.webp 2048w\" data-sizes=\"(max-width: 2560px) 100vw, 2560px\" src=\"data:image\/svg+xml;base64,PHN2ZyB3aWR0aD0iMSIgaGVpZ2h0PSIxIiB4bWxucz0iaHR0cDovL3d3dy53My5vcmcvMjAwMC9zdmciPjwvc3ZnPg==\" style=\"--smush-placeholder-width: 2560px; --smush-placeholder-aspect-ratio: 2560\/1440;\" \/>\t\t\t\t\t\t\n\t\t\t\t\t<\/div>\n\t\t\t\t\t\t\t\t\n<style>\n#image_1975973605 {\n  width: 95%;\n}\n@media (min-width:550px) {\n  #image_1975973605 {\n    width: 100%;\n  }\n}\n<\/style>\n\t<\/div>\n\t\n\t\t<\/div>\n\t\t\t\t\n<style>\n#col-1289692643 > .col-inner {\n  margin: 0px 0px 0px 25px;\n}\n@media (min-width:550px) {\n  #col-1289692643 > .col-inner {\n    margin: 0px 0px 0px 0px;\n  }\n}\n@media (min-width:850px) {\n  #col-1289692643 > .col-inner {\n    margin: 0px 0px 0px 0px;\n  }\n}\n<\/style>\n\t<\/div>\n\n\t\n<\/div>\n\t<div id=\"gap-1427729204\" class=\"gap-element clearfix\" style=\"display:block; height:auto;\">\n\t\t\n<style>\n#gap-1427729204 {\n  padding-top: 60px;\n}\n<\/style>\n\t<\/div>\n\t\n<div class=\"row row-collapse row-full-width align-equal\"  id=\"row-977749170\">\n\n\t<div id=\"col-1494955434\" class=\"col img-col medium-5 small-12 large-5\"  >\n\t\t\t\t<div class=\"col-inner\"  >\n\t\t\t\n\t\t\t\n\t<div class=\"img has-hover x md-x lg-x y md-y lg-y\" id=\"image_1694973583\">\n\t\t\t\t\t\t\t\t<div class=\"img-inner dark\" style=\"margin:0px 0px 0px -25px;\">\n\t\t\t<img decoding=\"async\" width=\"2560\" height=\"1920\" data-src=\"https:\/\/paradise-wilderness.com\/wp-content\/smush-webp\/52899217284_016f5369f4_5k-1-scaled.jpg.webp\" class=\"attachment-original size-original lazyload\" alt=\"\" data-srcset=\"https:\/\/paradise-wilderness.com\/wp-content\/smush-webp\/52899217284_016f5369f4_5k-1-scaled.jpg.webp 2560w, https:\/\/paradise-wilderness.com\/wp-content\/smush-webp\/52899217284_016f5369f4_5k-1-600x450.jpg.webp 600w, https:\/\/paradise-wilderness.com\/wp-content\/smush-webp\/52899217284_016f5369f4_5k-1-1024x768.jpg.webp 1024w, https:\/\/paradise-wilderness.com\/wp-content\/smush-webp\/52899217284_016f5369f4_5k-1-768x576.jpg.webp 768w, https:\/\/paradise-wilderness.com\/wp-content\/smush-webp\/52899217284_016f5369f4_5k-1-1536x1152.jpg.webp 1536w, https:\/\/paradise-wilderness.com\/wp-content\/smush-webp\/52899217284_016f5369f4_5k-1-2048x1536.jpg.webp 2048w\" data-sizes=\"(max-width: 2560px) 100vw, 2560px\" src=\"data:image\/svg+xml;base64,PHN2ZyB3aWR0aD0iMSIgaGVpZ2h0PSIxIiB4bWxucz0iaHR0cDovL3d3dy53My5vcmcvMjAwMC9zdmciPjwvc3ZnPg==\" style=\"--smush-placeholder-width: 2560px; --smush-placeholder-aspect-ratio: 2560\/1920;\" \/>\t\t\t\t\t\t\n\t\t\t\t\t<\/div>\n\t\t\t\t\t\t\t\t\n<style>\n#image_1694973583 {\n  width: 93%;\n}\n@media (min-width:550px) {\n  #image_1694973583 {\n    width: 100%;\n  }\n}\n<\/style>\n\t<\/div>\n\t\n\t\t<\/div>\n\t\t\t\t\t<\/div>\n\n\t\n\n\t<div id=\"col-320901886\" class=\"col medium-7 small-12 large-7\"  >\n\t\t\t\t<div class=\"col-inner\"  >\n\t\t\t\n\t\t\t\n<h2>Perch\u00e9 scegliere un safari privato in Tanzania?<\/h2>\n<p>Un safari privato in Tanzania offre a te e al tuo gruppo il perfetto equilibrio tra libert\u00e0 e comfort. Hai il lusso di viaggiare nella tua jeep privata senza doverla condividere con altri. Avrai anche il tuo ranger personale che ti racconter\u00e0 con passione tutto ci\u00f2 che la Tanzania ha da offrire. Questi ranger sono anche felici di portarti alle gemme nascoste del safari. Sebbene i percorsi siano spesso tracciati in anticipo, il tuo ranger a volte li adatta se necessario.     <\/p>\n<p>Tuttavia, \u00e8 importante notare che non hai alcuna influenza sugli altri turisti che si trovano anch&#8217;essi nei parchi nazionali. Potresti comunque incontrare altri viaggiatori, ma almeno con un safari privato eviti la folla nel tuo veicolo.<\/p>\n\t\t<\/div>\n\t\t\t\t\n<style>\n#col-320901886 > .col-inner {\n  padding: 5% 5% 5% 5%;\n  max-width: 790px;\n}\n@media (min-width:550px) {\n  #col-320901886 > .col-inner {\n    padding: 5% 5% 5% 10%;\n  }\n}\n<\/style>\n\t<\/div>\n\n\t\n<\/div>\n\t<div id=\"gap-292778240\" class=\"gap-element clearfix\" style=\"display:block; height:auto;\">\n\t\t\n<style>\n#gap-292778240 {\n  padding-top: 60px;\n}\n<\/style>\n\t<\/div>\n\t\n<div class=\"row align-middle\"  id=\"row-1282924316\">\n\n\t<div id=\"col-872987582\" class=\"col medium-6 small-12 large-6\"  >\n\t\t\t\t<div class=\"col-inner\"  >\n\t\t\t\n\t\t\t\n<h2>Organizza il tuo safari privato!<\/h2>\n<p>Sei pronto a esplorare la Tanzania con il tuo safari privato? Non aspettare oltre e contattaci oggi stesso. Faccici sapere quali sono i tuoi desideri e le tue esigenze, e faremo in modo che il tuo safari privato sia organizzato alla perfezione.<\/p>\n<a href=\"#request-advice\" class=\"button primary lowercase\" style=\"border-radius:99px;\">\n\t\t<span>Richiedi safari privato<\/span>\n\t<\/a>\n\n\t\t<\/div>\n\t\t\t\t\n<style>\n#col-872987582 > .col-inner {\n  padding: 5% 5% 5% 5%;\n}\n<\/style>\n\t<\/div>\n\n\t\n\n\t<div id=\"col-931401630\" class=\"col medium-6 small-12 large-6 small-col-first\"  >\n\t\t\t\t<div class=\"col-inner\"  >\n\t\t\t\n\t\t\t\n\t<div class=\"img has-hover x md-x lg-x y md-y lg-y\" id=\"image_661580356\">\n\t\t\t\t\t\t\t\t<div class=\"img-inner image-cover dark\" style=\"padding-top:75%;\">\n\t\t\t<img decoding=\"async\" width=\"800\" height=\"428\" data-src=\"https:\/\/paradise-wilderness.com\/wp-content\/smush-webp\/ASS-Wild-dogs-playing.jpg.webp\" class=\"attachment-large size-large lazyload\" alt=\"\" data-srcset=\"https:\/\/paradise-wilderness.com\/wp-content\/smush-webp\/ASS-Wild-dogs-playing.jpg.webp 800w, https:\/\/paradise-wilderness.com\/wp-content\/smush-webp\/ASS-Wild-dogs-playing-600x321.jpg.webp 600w, https:\/\/paradise-wilderness.com\/wp-content\/smush-webp\/ASS-Wild-dogs-playing-768x411.jpg.webp 768w\" data-sizes=\"(max-width: 800px) 100vw, 800px\" src=\"data:image\/svg+xml;base64,PHN2ZyB3aWR0aD0iMSIgaGVpZ2h0PSIxIiB4bWxucz0iaHR0cDovL3d3dy53My5vcmcvMjAwMC9zdmciPjwvc3ZnPg==\" style=\"--smush-placeholder-width: 800px; --smush-placeholder-aspect-ratio: 800\/428;\" \/>\t\t\t\t\t\t\n\t\t\t\t\t<\/div>\n\t\t\t\t\t\t\t\t\n<style>\n#image_661580356 {\n  width: 93%;\n}\n@media (min-width:550px) {\n  #image_661580356 {\n    width: 100%;\n  }\n}\n<\/style>\n\t<\/div>\n\t\n\t\t<\/div>\n\t\t\t\t\t<\/div>\n\n\t\n<\/div>\n\t\t<\/div>\n\n\t\t\n<style>\n#section_1585023175 {\n  padding-top: 30px;\n  padding-bottom: 30px;\n}\n<\/style>\n\t<\/section>\n\t\n","protected":false},"excerpt":{"rendered":"","protected":false},"author":1,"featured_media":15462,"parent":0,"menu_order":0,"comment_status":"closed","ping_status":"closed","template":"","meta":{"_acf_changed":false,"content-type":"","footnotes":""},"class_list":["post-15450","page","type-page","status-publish","has-post-thumbnail","hentry"],"acf":[],"_links":{"self":[{"href":"https:\/\/paradise-wilderness.com\/it\/wp-json\/wp\/v2\/pages\/15450","targetHints":{"allow":["GET"]}}],"collection":[{"href":"https:\/\/paradise-wilderness.com\/it\/wp-json\/wp\/v2\/pages"}],"about":[{"href":"https:\/\/paradise-wilderness.com\/it\/wp-json\/wp\/v2\/types\/page"}],"author":[{"embeddable":true,"href":"https:\/\/paradise-wilderness.com\/it\/wp-json\/wp\/v2\/users\/1"}],"replies":[{"embeddable":true,"href":"https:\/\/paradise-wilderness.com\/it\/wp-json\/wp\/v2\/comments?post=15450"}],"version-history":[{"count":11,"href":"https:\/\/paradise-wilderness.com\/it\/wp-json\/wp\/v2\/pages\/15450\/revisions"}],"predecessor-version":[{"id":18664,"href":"https:\/\/paradise-wilderness.com\/it\/wp-json\/wp\/v2\/pages\/15450\/revisions\/18664"}],"wp:featuredmedia":[{"embeddable":true,"href":"https:\/\/paradise-wilderness.com\/it\/wp-json\/wp\/v2\/media\/15462"}],"wp:attachment":[{"href":"https:\/\/paradise-wilderness.com\/it\/wp-json\/wp\/v2\/media?parent=15450"}],"curies":[{"name":"wp","href":"https:\/\/api.w.org\/{rel}","templated":true}]}}