{"id":16765,"date":"2025-06-06T07:16:31","date_gmt":"2025-06-06T05:16:31","guid":{"rendered":"https:\/\/paradise-wilderness.com\/chi-siamo\/"},"modified":"2025-11-18T11:41:01","modified_gmt":"2025-11-18T09:41:01","slug":"chi-siamo","status":"publish","type":"page","link":"https:\/\/paradise-wilderness.com\/it\/chi-siamo\/","title":{"rendered":"Chi siamo"},"content":{"rendered":"\n\t<section class=\"section video-section content-bottom dark\" id=\"section_830169764\">\n\t\t<div class=\"section-bg fill\" >\n\t\t\t<img decoding=\"async\" width=\"2560\" height=\"1441\" data-src=\"https:\/\/paradise-wilderness.com\/wp-content\/smush-webp\/Header-Over-Ons-scaled.jpg.webp\" class=\"bg attachment-original size-original lazyload\" alt=\"\" src=\"data:image\/svg+xml;base64,PHN2ZyB3aWR0aD0iMSIgaGVpZ2h0PSIxIiB4bWxucz0iaHR0cDovL3d3dy53My5vcmcvMjAwMC9zdmciPjwvc3ZnPg==\" style=\"--smush-placeholder-width: 2560px; --smush-placeholder-aspect-ratio: 2560\/1441;\" \/>\t\t\t\t\t\t<div class=\"section-bg-overlay absolute fill\"><\/div>\n\t\t\t\n\n\t\t<\/div>\n\n\t\t\n\n\t\t<div class=\"section-content relative\">\n\t\t\t\n<div class=\"row\"  id=\"row-1710002974\">\n\n\t<div id=\"col-530434877\" class=\"col medium-12 small-12 large-9\"  >\n\t\t\t\t<div class=\"col-inner text-shadow-1\"  >\n\t\t\t\n\t\t\t\n\t<div id=\"text-2556273223\" class=\"text\">\n\t\t\n<h1>Incontra Paradise &amp; wilderness<\/h1>\n\t\t\n<style>\n#text-2556273223 {\n  font-size: 1.2rem;\n  text-align: center;\n}\n@media (min-width:850px) {\n  #text-2556273223 {\n    font-size: 0.8rem;\n    text-align: left;\n  }\n}\n<\/style>\n\t<\/div>\n\t\n\t\t<\/div>\n\t\t\t\t\t<\/div>\n\n\t\n<\/div>\n\t\t<\/div>\n\n\t\t\n<style>\n#section_830169764 {\n  padding-top: 30px;\n  padding-bottom: 30px;\n  min-height: 600px;\n}\n#section_830169764 .section-bg-overlay {\n  background-color: rgba(170, 121, 69, 0);\n}\n#section_830169764 .section-bg img {\n  object-position: 52% 53%;\n}\n@media (min-width:550px) {\n  #section_830169764 {\n    padding-top: 80px;\n    padding-bottom: 80px;\n    min-height: 650px;\n  }\n}\n@media (min-width:850px) {\n  #section_830169764 {\n    min-height: 550px;\n  }\n}\n<\/style>\n\t<\/section>\n\t\n\n\t<section class=\"section\" id=\"section_1344015784\">\n\t\t<div class=\"section-bg fill\" >\n\t\t\t\t\t\t\t\t\t\n\t\t\t\n\n\t\t<\/div>\n\n\t\t\n\n\t\t<div class=\"section-content relative\">\n\t\t\t\n\t<div id=\"gap-929356659\" class=\"gap-element clearfix\" style=\"display:block; height:auto;\">\n\t\t\n<style>\n#gap-929356659 {\n  padding-top: 60px;\n}\n@media (min-width:550px) {\n  #gap-929356659 {\n    padding-top: 80px;\n  }\n}\n@media (min-width:850px) {\n  #gap-929356659 {\n    padding-top: 100px;\n  }\n}\n<\/style>\n\t<\/div>\n\t\n<div class=\"row\"  id=\"row-467286759\">\n\n\t<div id=\"col-1033053526\" class=\"col small-12 large-12\"  >\n\t\t\t\t<div class=\"col-inner\"  >\n\t\t\t\n\t\t\t\n\n\n\n\t\t<\/div>\n\t\t\t\t\t<\/div>\n\n\t\n<\/div>\n<div class=\"row row-collapse row-full-width align-middle\"  id=\"row-1936934217\">\n\n\t<div id=\"col-668948789\" class=\"col img-col medium-5 small-12 large-5\"  >\n\t\t\t\t<div class=\"col-inner\"  >\n\t\t\t\n\t\t\t\n\t<div class=\"img has-hover x md-x lg-x y md-y lg-y\" id=\"image_1705932259\">\n\t\t\t\t\t\t\t\t<div class=\"img-inner image-cover dark\" style=\"padding-top:100%;margin:0px 0px 0px -25px;\">\n\t\t\t<img decoding=\"async\" width=\"1020\" height=\"680\" data-src=\"https:\/\/paradise-wilderness.com\/wp-content\/uploads\/Familie-Schoonvelde-2-scaled-1-1.webp\" class=\"attachment-large size-large lazyload\" alt=\"\" data-srcset=\"https:\/\/paradise-wilderness.com\/wp-content\/uploads\/Familie-Schoonvelde-2-scaled-1-1.webp 2560w, https:\/\/paradise-wilderness.com\/wp-content\/uploads\/Familie-Schoonvelde-2-scaled-1-1-600x400.webp 600w, https:\/\/paradise-wilderness.com\/wp-content\/uploads\/Familie-Schoonvelde-2-scaled-1-1-768x512.webp 768w, https:\/\/paradise-wilderness.com\/wp-content\/uploads\/Familie-Schoonvelde-2-scaled-1-1-1536x1024.webp 1536w, https:\/\/paradise-wilderness.com\/wp-content\/uploads\/Familie-Schoonvelde-2-scaled-1-1-2048x1365.webp 2048w\" data-sizes=\"(max-width: 1020px) 100vw, 1020px\" src=\"data:image\/svg+xml;base64,PHN2ZyB3aWR0aD0iMSIgaGVpZ2h0PSIxIiB4bWxucz0iaHR0cDovL3d3dy53My5vcmcvMjAwMC9zdmciPjwvc3ZnPg==\" style=\"--smush-placeholder-width: 1020px; --smush-placeholder-aspect-ratio: 1020\/680;\" \/>\t\t\t\t\t\t\n\t\t\t\t\t<\/div>\n\t\t\t\t\t\t\t\t\n<style>\n#image_1705932259 {\n  width: 93%;\n}\n@media (min-width:550px) {\n  #image_1705932259 {\n    width: 100%;\n  }\n}\n<\/style>\n\t<\/div>\n\t\n\t\t<\/div>\n\t\t\t\t\t<\/div>\n\n\t\n\n\t<div id=\"col-501701425\" class=\"col medium-7 small-12 large-7\"  >\n\t\t\t\t<div class=\"col-inner\"  >\n\t\t\t\n\t\t\t\n<h2>Il nostro sogno<\/h2>\n<p>Sei curioso della bellezza e della ricchezza del magico paese della Tanzania? Allora sei nel posto giusto, perch\u00e9 la Tanzania \u00e8 la nostra casa! La terra del Kilimangiaro, Zanzibar e i parchi nazionali safari famosi in tutto il mondo.   <\/p>\n<p>Siamo esperti in safari in Tanzania e specialisti in vacanze a Zanzibar. Il tutto gestito dal proprietario olandese Bert Schoonvelde. Anni fa \u00e8 venuto a Zanzibar per una vacanza e si \u00e8 innamorato di questo bellissimo posto.   <\/p>\n<p>La combinazione di cultura, incredibili spiagge di sabbia bianca e le pi\u00f9 grandi riserve di caccia in Africa, rende la Tanzania unica. &#8220;Le mie vacanze in Tanzania sono state troppo brevi per conoscere questo magico paese, quindi sono rimasto e ho trasformato il mio sogno nel mio lavoro&#8221;, ha detto Bert Schoonvelde.  <\/p>\n<p>Karibu (benvenuto)!<\/p>\n\t\t<\/div>\n\t\t\t\t\n<style>\n#col-501701425 > .col-inner {\n  padding: 5% 5% 5% 5%;\n  max-width: 790px;\n}\n@media (min-width:550px) {\n  #col-501701425 > .col-inner {\n    padding: 5% 5% 5% 10%;\n  }\n}\n<\/style>\n\t<\/div>\n\n\t\n<\/div>\n\t<div id=\"gap-218626357\" class=\"gap-element clearfix\" style=\"display:block; height:auto;\">\n\t\t\n<style>\n#gap-218626357 {\n  padding-top: 60px;\n}\n@media (min-width:550px) {\n  #gap-218626357 {\n    padding-top: 60px;\n  }\n}\n@media (min-width:850px) {\n  #gap-218626357 {\n    padding-top: 60px;\n  }\n}\n<\/style>\n\t<\/div>\n\t\n<div class=\"row align-center\"  id=\"row-234393253\">\n\n\t<div id=\"col-2004042812\" class=\"col medium-11 small-12 large-10\"  >\n\t\t\t\t<div class=\"col-inner text-left\"  >\n\t\t\t\n\t\t\t\n<h2>Ecco cosa rappresentiamo<\/h2>\n<p>La nostra visione \u00e8 creare esperienze indimenticabili per te come nostro ospite. Vogliamo garantire la tua soddisfazione durante il tuo soggiorno in una delle nostre confortevoli sistemazioni in Tanzania e a Zanzibar. Vogliamo superare le tue aspettative, con ogni dettaglio attentamente realizzato da noi.   <\/p>\n<p>Dal momento in cui arrivi, al momento in cui parti, ci sforziamo di fornirti un programma completo che comprenda tutti gli aspetti di una vacanza da sogno in Tanzania e a Zanzibar. Che si tratti di scoprire la fauna selvatica in uno straordinario game drive, rilassarsi sulle spiagge bianche di Zanzibar o immergersi nella vivace cultura locale. Puoi aspettarti niente di meno che un tour eccezionale e indimenticabile con noi.  <\/p>\n\t\t<\/div>\n\t\t\t\t\t<\/div>\n\n\t\n<\/div>\n\t<div id=\"gap-1542583821\" class=\"gap-element clearfix\" style=\"display:block; height:auto;\">\n\t\t\n<style>\n#gap-1542583821 {\n  padding-top: 60px;\n}\n@media (min-width:550px) {\n  #gap-1542583821 {\n    padding-top: 60px;\n  }\n}\n@media (min-width:850px) {\n  #gap-1542583821 {\n    padding-top: 60px;\n  }\n}\n<\/style>\n\t<\/div>\n\t\n<div class=\"row row-collapse row-full-width align-middle\"  id=\"row-918002891\">\n\n\t<div id=\"col-337386426\" class=\"col medium-7 small-12 large-7\"  >\n\t\t\t\t<div class=\"col-inner\"  >\n\t\t\t\n\t\t\t\n<h2>Incontra Anouk<\/h2>\n<p>Scendere dall&#8217;aereo, annusare l&#8217;odore specifico e pensare: &#8220;S\u00ec, sono di nuovo a casa!&#8221;. Provo quella sensazione ogni volta che viaggio in questo speciale paese (uovo). Dopo diversi meravigliosi viaggi attraverso l&#8217;Africa orientale e aver avuto l&#8217;opportunit\u00e0 di vivere in Tanzania e a Zanzibar per quasi due anni, ho davvero trovato la mia passione nel lavoro. Entusiasmare tutti a viaggiare in Tanzania e Zanzibar e lasciarsi incantare dalla combinazione unica che questo paese ha da offrire.    <\/p>\n<p>L&#8217;emozione di avvistare la fauna selvatica, la pace che provi nella natura incontaminata e il massimo godimento delle spiagge bianche di Zanzibar. Clich\u00e9? Assolutamente! Eccessivo? Per niente! Vai l\u00ec e provalo tu stesso. Scoprirai che non ho mentito di una parola.       <\/p>\n<p>Mi chiamo Anouk Arts, consulente Beach &amp; Safari presso Paradise &amp; Wilderness. Mi piace ascoltare i tuoi desideri e sono felice di collaborare con te per organizzare il viaggio ideale. Safari Njema (Buon viaggio)!  <\/p>\n\t\t<\/div>\n\t\t\t\t\n<style>\n#col-337386426 > .col-inner {\n  padding: 5% 5% 5% 5%;\n  max-width: 790px;\n}\n@media (min-width:550px) {\n  #col-337386426 > .col-inner {\n    padding: 5% 10% 5% 5%;\n  }\n}\n<\/style>\n\t<\/div>\n\n\t\n\n\t<div id=\"col-321304732\" class=\"col img-col medium-5 small-12 large-5 small-col-first\"  >\n\t\t\t\t<div class=\"col-inner\"  >\n\t\t\t\n\t\t\t\n\t<div class=\"img has-hover x md-x lg-x y md-y lg-y\" id=\"image_2057074813\">\n\t\t\t\t\t\t\t\t<div class=\"img-inner image-cover dark\" style=\"padding-top:100%;margin:0px -25px 0px 0px;\">\n\t\t\t<img decoding=\"async\" width=\"2247\" height=\"2560\" data-src=\"https:\/\/paradise-wilderness.com\/wp-content\/smush-webp\/Anouk_Arts-scaled.jpg.webp\" class=\"attachment-original size-original lazyload\" alt=\"\" data-srcset=\"https:\/\/paradise-wilderness.com\/wp-content\/smush-webp\/Anouk_Arts-scaled.jpg.webp 2247w, https:\/\/paradise-wilderness.com\/wp-content\/smush-webp\/Anouk_Arts-527x600.jpg.webp 527w, https:\/\/paradise-wilderness.com\/wp-content\/smush-webp\/Anouk_Arts-899x1024.jpg.webp 899w, https:\/\/paradise-wilderness.com\/wp-content\/smush-webp\/Anouk_Arts-768x875.jpg.webp 768w, https:\/\/paradise-wilderness.com\/wp-content\/smush-webp\/Anouk_Arts-1348x1536.jpg.webp 1348w, https:\/\/paradise-wilderness.com\/wp-content\/smush-webp\/Anouk_Arts-1798x2048.jpg.webp 1798w\" data-sizes=\"(max-width: 2247px) 100vw, 2247px\" src=\"data:image\/svg+xml;base64,PHN2ZyB3aWR0aD0iMSIgaGVpZ2h0PSIxIiB4bWxucz0iaHR0cDovL3d3dy53My5vcmcvMjAwMC9zdmciPjwvc3ZnPg==\" style=\"--smush-placeholder-width: 2247px; --smush-placeholder-aspect-ratio: 2247\/2560;\" \/>\t\t\t\t\t\t\n\t\t\t\t\t<\/div>\n\t\t\t\t\t\t\t\t\n<style>\n#image_2057074813 {\n  width: 95%;\n}\n@media (min-width:550px) {\n  #image_2057074813 {\n    width: 100%;\n  }\n}\n<\/style>\n\t<\/div>\n\t\n\t\t<\/div>\n\t\t\t\t\n<style>\n#col-321304732 > .col-inner {\n  margin: 0px 0px 0px 25px;\n}\n@media (min-width:550px) {\n  #col-321304732 > .col-inner {\n    margin: 0px 0px 0px 0px;\n  }\n}\n@media (min-width:850px) {\n  #col-321304732 > .col-inner {\n    margin: 0px 0px 0px 0px;\n  }\n}\n<\/style>\n\t<\/div>\n\n\t\n<\/div>\n\t<div id=\"gap-473915330\" class=\"gap-element clearfix\" style=\"display:block; height:auto;\">\n\t\t\n<style>\n#gap-473915330 {\n  padding-top: 60px;\n}\n@media (min-width:550px) {\n  #gap-473915330 {\n    padding-top: 60px;\n  }\n}\n@media (min-width:850px) {\n  #gap-473915330 {\n    padding-top: 60px;\n  }\n}\n<\/style>\n\t<\/div>\n\t\n<div class=\"row\"  id=\"row-463904130\">\n\n\t<div id=\"col-1059245034\" class=\"col small-12 large-12\"  >\n\t\t\t\t<div class=\"col-inner box-shadow-1\" style=\"background-color:rgba(255, 255, 255, 0.75);\" >\n\t\t\t\n\t\t\t\n<div class=\"row align-equal\"  id=\"row-1273967277\">\n\n\t<div id=\"col-444964558\" class=\"col medium-6 small-12 large-4\"  >\n\t\t\t\t<div class=\"col-inner\"  >\n\t\t\t\n\t\t\t\n\n\t\t<div class=\"icon-box featured-box icon-box-left text-left\"  >\n\t\t\t\t\t<div class=\"icon-box-img\" style=\"width: 60px\">\n\t\t\t\t<div class=\"icon\">\n\t\t\t\t\t<div class=\"icon-inner\" >\n\t\t\t\t\t\t<img decoding=\"async\" width=\"1\" height=\"1\" data-src=\"https:\/\/paradise-wilderness.com\/wp-content\/uploads\/accommodatie-icon-light.svg\" class=\"attachment-medium size-medium lazyload\" alt=\"\" src=\"data:image\/svg+xml;base64,PHN2ZyB3aWR0aD0iMSIgaGVpZ2h0PSIxIiB4bWxucz0iaHR0cDovL3d3dy53My5vcmcvMjAwMC9zdmciPjwvc3ZnPg==\" style=\"--smush-placeholder-width: 1px; --smush-placeholder-aspect-ratio: 1\/1;\" \/>\t\t\t\t\t<\/div>\n\t\t\t\t<\/div>\n\t\t\t<\/div>\n\t\t\t\t<div class=\"icon-box-text last-reset\">\n\t\t\t\t\t\t\t\t\t\n<h3>Alloggi<\/h3>\n<p>Pi\u00f9 di un semplice posto dove dormire! Tutte le nostre sedi sono situate in posizioni uniche e ognuna ha qualcosa di speciale che render\u00e0 il tuo viaggio ancora pi\u00f9 speciale. Bevi una tazza di caff\u00e8 sulla tua veranda mentre le zebre passano o guarda il sole di Zanzibar sorgere dal tuo letto.  <\/p>\n\t\t<\/div>\n\t<\/div>\n\t\n\t\n\t\t<\/div>\n\t\t\t\t\t<\/div>\n\n\t\n\n\t<div id=\"col-1186822658\" class=\"col medium-6 small-12 large-4\"  >\n\t\t\t\t<div class=\"col-inner\"  >\n\t\t\t\n\t\t\t\n\n\t\t<div class=\"icon-box featured-box icon-box-left text-left\"  >\n\t\t\t\t\t<div class=\"icon-box-img\" style=\"width: 60px\">\n\t\t\t\t<div class=\"icon\">\n\t\t\t\t\t<div class=\"icon-inner\" >\n\t\t\t\t\t\t<img decoding=\"async\" width=\"1\" height=\"1\" data-src=\"https:\/\/paradise-wilderness.com\/wp-content\/uploads\/kwaliteit-icon-light.svg\" class=\"attachment-medium size-medium lazyload\" alt=\"\" src=\"data:image\/svg+xml;base64,PHN2ZyB3aWR0aD0iMSIgaGVpZ2h0PSIxIiB4bWxucz0iaHR0cDovL3d3dy53My5vcmcvMjAwMC9zdmciPjwvc3ZnPg==\" style=\"--smush-placeholder-width: 1px; --smush-placeholder-aspect-ratio: 1\/1;\" \/>\t\t\t\t\t<\/div>\n\t\t\t\t<\/div>\n\t\t\t<\/div>\n\t\t\t\t<div class=\"icon-box-text last-reset\">\n\t\t\t\t\t\t\t\t\t\n<h3>Qualit\u00e0<\/h3>\n<p>Questa \u00e8 la nostra massima priorit\u00e0 e lo sperimenterai in vari modi. Pasti deliziosi preparati da chef di talento, autisti esperti con molte conoscenze, personale locale ospitale e bellissime collaborazioni con progetti e partner locali. <\/p>\n\t\t<\/div>\n\t<\/div>\n\t\n\t\n\t\t<\/div>\n\t\t\t\t\t<\/div>\n\n\t\n\n\t<div id=\"col-1907070040\" class=\"col medium-6 small-12 large-4\"  >\n\t\t\t\t<div class=\"col-inner\"  >\n\t\t\t\n\t\t\t\n\n\t\t<div class=\"icon-box featured-box icon-box-left text-left\"  >\n\t\t\t\t\t<div class=\"icon-box-img\" style=\"width: 60px\">\n\t\t\t\t<div class=\"icon\">\n\t\t\t\t\t<div class=\"icon-inner\" >\n\t\t\t\t\t\t<img decoding=\"async\" width=\"1\" height=\"1\" data-src=\"https:\/\/paradise-wilderness.com\/wp-content\/uploads\/vervoer-icon-light.svg\" class=\"attachment-medium size-medium lazyload\" alt=\"\" src=\"data:image\/svg+xml;base64,PHN2ZyB3aWR0aD0iMSIgaGVpZ2h0PSIxIiB4bWxucz0iaHR0cDovL3d3dy53My5vcmcvMjAwMC9zdmciPjwvc3ZnPg==\" style=\"--smush-placeholder-width: 1px; --smush-placeholder-aspect-ratio: 1\/1;\" \/>\t\t\t\t\t<\/div>\n\t\t\t\t<\/div>\n\t\t\t<\/div>\n\t\t\t\t<div class=\"icon-box-text last-reset\">\n\t\t\t\t\t\t\t\t\t\n<h3>Dalla A alla Z<\/h3>\n<p>Possiamo organizzare tutto per te dal momento in cui arrivi in Tanzania (o Zanzibar) fino al check-in per il tuo volo di ritorno! Dai trasferimenti agli alloggi e dalle jeep safari alle escursioni. Il nostro consiglio \u00e8 genuino e senza impegno e parliamo per esperienza personale.  <\/p>\n\t\t<\/div>\n\t<\/div>\n\t\n\t\n\t\t<\/div>\n\t\t\t\t\t<\/div>\n\n\t\n<\/div>\n\t\t<\/div>\n\t\t\t\t\n<style>\n#col-1059245034 > .col-inner {\n  padding: 5% 5% 2% 5%;\n  border-radius: 10px;\n}\n<\/style>\n\t<\/div>\n\n\t\n<\/div>\n\t<div id=\"gap-1204901290\" class=\"gap-element clearfix\" style=\"display:block; height:auto;\">\n\t\t\n<style>\n#gap-1204901290 {\n  padding-top: 60px;\n}\n@media (min-width:550px) {\n  #gap-1204901290 {\n    padding-top: 60px;\n  }\n}\n@media (min-width:850px) {\n  #gap-1204901290 {\n    padding-top: 60px;\n  }\n}\n<\/style>\n\t<\/div>\n\t\n<div class=\"row align-middle\"  id=\"row-1938972691\">\n\n\t<div id=\"col-246779756\" class=\"col medium-6 small-12 large-6\"  >\n\t\t\t\t<div class=\"col-inner\"  >\n\t\t\t\n\t\t\t\n\t<div class=\"img has-hover x md-x lg-x y md-y lg-y\" id=\"image_1305577610\">\n\t\t\t\t\t\t\t\t<div class=\"img-inner dark\" >\n\t\t\t<img decoding=\"async\" width=\"2560\" height=\"1707\" data-src=\"https:\/\/paradise-wilderness.com\/wp-content\/smush-webp\/51141580064_0e6b5bc648_o-scaled.jpg.webp\" class=\"attachment-original size-original lazyload\" alt=\"\" data-srcset=\"https:\/\/paradise-wilderness.com\/wp-content\/smush-webp\/51141580064_0e6b5bc648_o-scaled.jpg.webp 2560w, https:\/\/paradise-wilderness.com\/wp-content\/smush-webp\/51141580064_0e6b5bc648_o-600x400.jpg.webp 600w, https:\/\/paradise-wilderness.com\/wp-content\/smush-webp\/51141580064_0e6b5bc648_o-1024x683.jpg.webp 1024w, https:\/\/paradise-wilderness.com\/wp-content\/smush-webp\/51141580064_0e6b5bc648_o-768x512.jpg.webp 768w, https:\/\/paradise-wilderness.com\/wp-content\/smush-webp\/51141580064_0e6b5bc648_o-1536x1024.jpg.webp 1536w, https:\/\/paradise-wilderness.com\/wp-content\/smush-webp\/51141580064_0e6b5bc648_o-2048x1365.jpg.webp 2048w\" data-sizes=\"(max-width: 2560px) 100vw, 2560px\" src=\"data:image\/svg+xml;base64,PHN2ZyB3aWR0aD0iMSIgaGVpZ2h0PSIxIiB4bWxucz0iaHR0cDovL3d3dy53My5vcmcvMjAwMC9zdmciPjwvc3ZnPg==\" style=\"--smush-placeholder-width: 2560px; --smush-placeholder-aspect-ratio: 2560\/1707;\" \/>\t\t\t\t\t\t\n\t\t\t\t\t<\/div>\n\t\t\t\t\t\t\t\t\n<style>\n#image_1305577610 {\n  width: 93%;\n}\n@media (min-width:550px) {\n  #image_1305577610 {\n    width: 100%;\n  }\n}\n<\/style>\n\t<\/div>\n\t\n\t\t<\/div>\n\t\t\t\t\t<\/div>\n\n\t\n\n\t<div id=\"col-878102644\" class=\"col medium-6 small-12 large-6\"  >\n\t\t\t\t<div class=\"col-inner\"  >\n\t\t\t\n\t\t\t\n<h2>Pronto per una nuova avventura?<\/h2>\n<p>Non aspettare oltre e inizia a realizzare questo speciale viaggio safari oggi stesso.<\/p>\n<a href=\"\/it\/viaggi\/\" class=\"button primary lowercase\" style=\"border-radius:99px;\">\n\t\t<span>Guarda tutti i nostri tour<\/span>\n\t<\/a>\n\n\t\t<\/div>\n\t\t\t\t\n<style>\n#col-878102644 > .col-inner {\n  padding: 5% 5% 5% 5%;\n}\n<\/style>\n\t<\/div>\n\n\t\n<\/div>\n\t\t<\/div>\n\n\t\t\n<style>\n#section_1344015784 {\n  padding-top: 30px;\n  padding-bottom: 30px;\n}\n<\/style>\n\t<\/section>\n\t\n","protected":false},"excerpt":{"rendered":"","protected":false},"author":1,"featured_media":16770,"parent":0,"menu_order":0,"comment_status":"closed","ping_status":"closed","template":"","meta":{"_acf_changed":false,"content-type":"","footnotes":""},"class_list":["post-16765","page","type-page","status-publish","has-post-thumbnail","hentry"],"acf":[],"_links":{"self":[{"href":"https:\/\/paradise-wilderness.com\/it\/wp-json\/wp\/v2\/pages\/16765","targetHints":{"allow":["GET"]}}],"collection":[{"href":"https:\/\/paradise-wilderness.com\/it\/wp-json\/wp\/v2\/pages"}],"about":[{"href":"https:\/\/paradise-wilderness.com\/it\/wp-json\/wp\/v2\/types\/page"}],"author":[{"embeddable":true,"href":"https:\/\/paradise-wilderness.com\/it\/wp-json\/wp\/v2\/users\/1"}],"replies":[{"embeddable":true,"href":"https:\/\/paradise-wilderness.com\/it\/wp-json\/wp\/v2\/comments?post=16765"}],"version-history":[{"count":13,"href":"https:\/\/paradise-wilderness.com\/it\/wp-json\/wp\/v2\/pages\/16765\/revisions"}],"predecessor-version":[{"id":18578,"href":"https:\/\/paradise-wilderness.com\/it\/wp-json\/wp\/v2\/pages\/16765\/revisions\/18578"}],"wp:featuredmedia":[{"embeddable":true,"href":"https:\/\/paradise-wilderness.com\/it\/wp-json\/wp\/v2\/media\/16770"}],"wp:attachment":[{"href":"https:\/\/paradise-wilderness.com\/it\/wp-json\/wp\/v2\/media?parent=16765"}],"curies":[{"name":"wp","href":"https:\/\/api.w.org\/{rel}","templated":true}]}}